{"id":11683,"date":"2022-10-13T23:04:42","date_gmt":"2022-10-13T21:04:42","guid":{"rendered":"https:\/\/www.laserdome-stockholm.se\/aspudden\/?page_id=11683"},"modified":"2026-04-21T19:24:26","modified_gmt":"2026-04-21T17:24:26","slug":"laserspel","status":"publish","type":"page","link":"https:\/\/www.laserdome-stockholm.se\/aspudden\/laserspel\/","title":{"rendered":"Laserspel"},"content":{"rendered":"<div id='full_slider_1'  class='avia-fullwidth-slider main_color avia-shadow   avia-builder-el-0  el_before_av_section  avia-builder-el-first   container_wrap sidebar_right'  ><div   data-size='no scaling'  data-lightbox_size='large'  data-animation='fade'  data-conditional_play=''  data-ids='766'  data-video_counter='0'  data-autoplay='true'  data-bg_slider='false'  data-slide_height=''  data-handle='av_slideshow_full'  data-interval='5'  data-class=' '  data-el_id=''  data-css_id=''  data-scroll_down=''  data-control_layout='av-control-default'  data-custom_markup=''  data-perma_caption=''  data-autoplay_stopper=''  data-image_attachment=''  data-min_height='0px'  data-lazy_loading='disabled'  data-src=''  data-position='top left'  data-repeat='no-repeat'  data-attach='scroll'  data-stretch=''  data-img_scrset=''  class='avia-slideshow avia-slideshow-1  av-control-default av-default-height-applied avia-slideshow-no scaling av_slideshow_full   avia-fade-slider '  itemprop=\"image\" itemscope=\"itemscope\" itemtype=\"https:\/\/schema.org\/ImageObject\" ><ul class='avia-slideshow-inner ' style='padding-bottom: 26.041666666667%;' ><li  class=' av-single-slide slide-1 ' ><div data-rel='slideshow-1' class='avia-slide-wrap '   ><img decoding=\"async\" class=\"wp-image-766 avia-img-lazy-loading-not-766\"  src=\"https:\/\/www.laserdome-stockholm.se\/aspudden\/wp-content\/uploads\/sites\/8\/2017\/08\/002-1.jpg\" width=\"1920\" height=\"500\" title='Laserdome Stockholm Farsta' alt=''  itemprop=\"thumbnailUrl\" srcset=\"https:\/\/www.laserdome-stockholm.se\/aspudden\/wp-content\/uploads\/sites\/8\/2017\/08\/002-1.jpg 1920w, https:\/\/www.laserdome-stockholm.se\/aspudden\/wp-content\/uploads\/sites\/8\/2017\/08\/002-1-300x78.jpg 300w, https:\/\/www.laserdome-stockholm.se\/aspudden\/wp-content\/uploads\/sites\/8\/2017\/08\/002-1-768x200.jpg 768w, https:\/\/www.laserdome-stockholm.se\/aspudden\/wp-content\/uploads\/sites\/8\/2017\/08\/002-1-1030x268.jpg 1030w, https:\/\/www.laserdome-stockholm.se\/aspudden\/wp-content\/uploads\/sites\/8\/2017\/08\/002-1-1500x391.jpg 1500w, https:\/\/www.laserdome-stockholm.se\/aspudden\/wp-content\/uploads\/sites\/8\/2017\/08\/002-1-705x184.jpg 705w, https:\/\/www.laserdome-stockholm.se\/aspudden\/wp-content\/uploads\/sites\/8\/2017\/08\/002-1-450x117.jpg 450w\" sizes=\"(max-width: 1920px) 100vw, 1920px\" \/><\/div><\/li><\/ul><\/div><\/div>\n<div id='av_section_1'  class='avia-section av-hrmxq8z-f048b365840600fa137b9a591189d4b1 main_color avia-section-default avia-no-border-styling  avia-builder-el-1  el_after_av_slideshow_full  el_before_av_section  avia-bg-style-fixed  container_wrap sidebar_right'  ><div class='container av-section-cont-open' ><div class='template-page content  av-content-small alpha units'><div class='post-entry post-entry-type-page post-entry-11683'><div class='entry-content-wrapper clearfix'>\n\n<style type=\"text\/css\" data-created_by=\"avia_inline_auto\" id=\"style-css-av-1pn0xs3-c026701b018223e122a31355f201ee2b\">\n#top .flex_column.av-1pn0xs3-c026701b018223e122a31355f201ee2b{\nmargin-top:-130px;\nmargin-bottom:50px;\n}\n.flex_column.av-1pn0xs3-c026701b018223e122a31355f201ee2b{\nborder-radius:10px 10px 10px 10px;\n-webkit-border-radius:10px 10px 10px 10px;\n-moz-border-radius:10px 10px 10px 10px;\npadding:30px 30px 30px 30px;\nbackground-color:#313131;\n}\n.responsive #top #wrap_all .flex_column.av-1pn0xs3-c026701b018223e122a31355f201ee2b{\nmargin-top:-130px;\nmargin-bottom:50px;\n}\n<\/style>\n<div class='flex_column av-1pn0xs3-c026701b018223e122a31355f201ee2b av_one_full  avia-builder-el-2  el_before_av_one_full  avia-builder-el-first  toppmarginal first flex_column_div '   ><style type=\"text\/css\" data-created_by=\"avia_inline_auto\" id=\"style-css-av-l97jpot6-45dbf1079d5434c915920f3d0b110078\">\n.av_textblock_section.av-l97jpot6-45dbf1079d5434c915920f3d0b110078 .avia_textblock{\ncolor:#ffffff;\n}\n<\/style>\n<section  class='av_textblock_section av-l97jpot6-45dbf1079d5434c915920f3d0b110078 '  itemscope=\"itemscope\" itemtype=\"https:\/\/schema.org\/CreativeWork\" ><div class='avia_textblock av_inherit_color '  itemprop=\"text\" ><h1 style=\"text-align: center\">Laserspel<\/h1>\n<\/div><\/section><\/div><div class='flex_column_table av-go9ncoz-83f09104fb63cf4d530f4e2838e2f879 sc-av_one_full av-break-at-tablet-flextable av-equal-height-column-flextable'>\n<style type=\"text\/css\" data-created_by=\"avia_inline_auto\" id=\"style-css-av-go9ncoz-83f09104fb63cf4d530f4e2838e2f879\">\n#top .flex_column_table.av-equal-height-column-flextable.av-go9ncoz-83f09104fb63cf4d530f4e2838e2f879{\nmargin-top:0px;\nmargin-bottom:50px;\n}\n.flex_column.av-go9ncoz-83f09104fb63cf4d530f4e2838e2f879{\nborder-radius:10px 10px 10px 10px;\n-webkit-border-radius:10px 10px 10px 10px;\n-moz-border-radius:10px 10px 10px 10px;\npadding:30px 30px 30px 30px;\nbackground-color:#f6f6f6;\n}\n<\/style>\n<div class='flex_column av-go9ncoz-83f09104fb63cf4d530f4e2838e2f879 av_one_full  avia-builder-el-4  el_after_av_one_full  avia-builder-el-last  first av-break-at-tablet flex_column_table_cell av-equal-height-column av-align-top column-top-margin'   ><section  class='av_textblock_section av-g6qbatf-bb789291d0922473604d91673ff24908 '  itemscope=\"itemscope\" itemtype=\"https:\/\/schema.org\/CreativeWork\" ><div class='avia_textblock av_inherit_color '  itemprop=\"text\" ><h2><span style=\"color: #d53737\">Laserspel<\/span><\/h2>\n<p>En arena fylld med action! H\u00e4r strider man mot varandra i en mystisk framtidsmilj\u00f6 som verkligen s\u00e4tter lagandan p\u00e5 prov.<\/p>\n<p>F\u00f6r att g\u00e5 segrande ur striden kr\u00e4vs samarbete, koordination och strategiskt t\u00e4nkande. Arenan \u00e4r upplyst av UV-ljus och h\u00e4ftiga v\u00e4ggm\u00e5lningar, och har tre olika teman \u2013 en \u201cgiftigt avfall-zon\u201d, en alien-zon och en piratzon!<\/p>\n<p>R\u00f6kmaskiner och coola ljudeffekter f\u00f6rh\u00f6jer upplevelsen. P\u00e5 banan finns olika g\u00e5ngar och g\u00f6mda alkover d\u00e4r man kan ta skydd, eller s\u00e4tta sig p\u00e5 lur f\u00f6r att f\u00e5 in n\u00e5gra tr\u00e4ffar p\u00e5 kompisen\u2026<\/p>\n<p>Boka din tid nedan.<\/p>\n<p>Boka <em><strong>SAMTLIGA<\/strong><\/em> i s\u00e4llskapet under samma \u00e5ldersgrupp.<br \/>\nOm ni \u00e4r ett blandat s\u00e4llskap med yngre barn och f\u00f6r\u00e4ldrar s\u00e5 bokar ni samtliga under alternativet Barn i blandade \u00e5ldrar och f\u00f6r\u00e4ldrar.<br \/>\n\u00c4r de flesta i s\u00e4llskapet \u00f6ver 13 \u00e5r s\u00e5 bokar ni samtliga under alternativet 14+\/vuxna.<\/p>\n<h3><\/h3>\n<\/div><\/section><br \/>\n\n<style type=\"text\/css\" data-created_by=\"avia_inline_auto\" id=\"style-css-av-l97jyte7-c923f51c3997a8aa998346fec2b584ce\">\n#top .hr.hr-invisible.av-l97jyte7-c923f51c3997a8aa998346fec2b584ce{\nheight:50px;\n}\n<\/style>\n<div  class='hr av-l97jyte7-c923f51c3997a8aa998346fec2b584ce hr-invisible  avia-builder-el-6  el_after_av_textblock  el_before_av_codeblock  '><span class='hr-inner '><span class=\"hr-inner-style\"><\/span><\/span><\/div><br \/>\n<\/p><\/div><\/div><!--close column table wrapper. Autoclose: 1 --><\/div><\/div><\/div><!-- close content main div --><\/div><\/div>\n<style type=\"text\/css\" data-created_by=\"avia_inline_auto\" id=\"style-css-av-8c2w54z-e58ee05fc87cacd4d493957a3dccc8af\">\n.avia-section.av-8c2w54z-e58ee05fc87cacd4d493957a3dccc8af{\nbackground-repeat:no-repeat;\nbackground-image:url(https:\/\/www.laserdome-stockholm.se\/aspudden\/wp-content\/uploads\/sites\/8\/2017\/08\/bgbild2.jpg);\nbackground-position:50% 50%;\nbackground-attachment:fixed;\n}\n<\/style>\n<div id='av_section_2'  class='avia-section av-8c2w54z-e58ee05fc87cacd4d493957a3dccc8af main_color avia-section-default avia-no-border-styling  avia-builder-el-8  el_after_av_section  avia-builder-el-last  avia-bg-style-fixed  container_wrap sidebar_right'  data-section-bg-repeat='no-repeat'><div class='container av-section-cont-open' ><div class='template-page content  av-content-small alpha units'><div class='post-entry post-entry-type-page post-entry-11683'><div class='entry-content-wrapper clearfix'>\n<div class='flex_column_table av-80ndbsz-810e8b9706becccd8c72d9378fc2678d sc-av_two_third av-break-at-tablet-flextable av-equal-height-column-flextable'>\n<style type=\"text\/css\" data-created_by=\"avia_inline_auto\" id=\"style-css-av-80ndbsz-810e8b9706becccd8c72d9378fc2678d\">\n#top .flex_column_table.av-equal-height-column-flextable.av-80ndbsz-810e8b9706becccd8c72d9378fc2678d{\nmargin-top:0px;\nmargin-bottom:30px;\n}\n.flex_column.av-80ndbsz-810e8b9706becccd8c72d9378fc2678d{\nborder-radius:10px 10px 10px 10px;\n-webkit-border-radius:10px 10px 10px 10px;\n-moz-border-radius:10px 10px 10px 10px;\npadding:30px 30px 30px 30px;\nbackground-color:#f6f6f6;\n}\n<\/style>\n<div class='flex_column av-80ndbsz-810e8b9706becccd8c72d9378fc2678d av_two_third  avia-builder-el-9  el_before_av_one_third  avia-builder-el-first  first av-break-at-tablet flex_column_table_cell av-equal-height-column av-align-top '   ><p><div  class='avia-video av-6yv8kbn-b437051d893db28a97030db5daa0b7c2 avia-video-16-9 av-lazyload-immediate av-lazyload-video-embed '  itemprop=\"video\" itemtype=\"https:\/\/schema.org\/VideoObject\"  data-original_url='https:\/\/www.youtube.com\/watch?v=Wk3IJrYhnPo'><script type='text\/html' class='av-video-tmpl'><div class='avia-iframe-wrap'><iframe loading=\"lazy\" title=\"Laserdome Farsta Arena\" width=\"1500\" height=\"844\" src=\"https:\/\/www.youtube.com\/embed\/Wk3IJrYhnPo?feature=oembed&autoplay=0&loop=0&controls=1&mute=0\" frameborder=\"0\" allow=\"accelerometer; autoplay; clipboard-write; encrypted-media; gyroscope; picture-in-picture\" allowfullscreen><\/iframe><\/div><\/script><div class='av-click-to-play-overlay'><div class=\"avia_playpause_icon\"><\/div><\/div><\/div><br \/>\n\n<style type=\"text\/css\" data-created_by=\"avia_inline_auto\" id=\"style-css-av-6ndkl7n-82611d10f62f7f89aa751478d21ee533\">\n#top .hr.hr-invisible.av-6ndkl7n-82611d10f62f7f89aa751478d21ee533{\nheight:10px;\n}\n<\/style>\n<div  class='hr av-6ndkl7n-82611d10f62f7f89aa751478d21ee533 hr-invisible  avia-builder-el-11  el_after_av_video  el_before_av_textblock  '><span class='hr-inner '><span class=\"hr-inner-style\"><\/span><\/span><\/div><br \/>\n<section  class='av_textblock_section av-6cd8bsz-974db5de64acc91e98bf4b5a87f3e919 '  itemscope=\"itemscope\" itemtype=\"https:\/\/schema.org\/CreativeWork\" ><div class='avia_textblock av_inherit_color '  itemprop=\"text\" ><h3>Utrustning\/F\u00f6rberedelser<\/h3>\n<p>Inf\u00f6r matchen f\u00e5r alla se en film som f\u00f6rklarar hur ett Laserdomespel g\u00e5r till. En instrukt\u00f6r \u00e4r med och hj\u00e4lper till att f\u00f6rklara reglerna om n\u00e5got \u00e4r oklart. Inne i v\u00e5rt vapenrum utrustas sen varje spelare med en sensorf\u00f6rsedd v\u00e4st och ett laservapen \u2013 och sedan \u00e4r man redo att k\u00f6ra ig\u00e5ng!<\/p>\n<h3>Vad g\u00e5r spelet ut p\u00e5?<\/h3>\n<p>M\u00e5let med spelet \u00e4r att tr\u00e4ffa sina motst\u00e5ndare s\u00e5 m\u00e5nga g\u00e5nger som m\u00f6jligt. Varje tr\u00e4ff ger po\u00e4ng och registreras. En dator h\u00e5ller reda p\u00e5 po\u00e4ngen och i slutet av spelet presenteras de p\u00e5 en sk\u00e4rm ute i lobbyn. Dessutom f\u00e5r varje spelare ett resultatpapper med statistik och po\u00e4ng utskrivet.<\/p>\n<p>Ett standardspel \u00e4r 17 minuter l\u00e5ngt och upp till 35 personer kan spela samtidigt. Det g\u00e5r antingen att spela alla mot alla eller lag. Vid lagspel kan man spela med tv\u00e5, tre eller fyra lag (r\u00f6d, bl\u00e5, gr\u00f6n och gul). Detta best\u00e4mmer instrukt\u00f6ren. Vid slutet s\u00e4llskap kan man v\u00e4lja att spela \u201dalla-mot-alla\u201d.<\/p>\n<h3><span style=\"color: #d53737\">Spelen kan b\u00f6rja och m\u00e5 b\u00e4ste spelare vinna!<\/span><\/h3>\n<\/div><\/section><\/p><\/div><div class='av-flex-placeholder'><\/div>\n<style type=\"text\/css\" data-created_by=\"avia_inline_auto\" id=\"style-css-av-5ulfx4z-78352458c6592ff42750606a0ca9a1c8\">\n#top .flex_column_table.av-equal-height-column-flextable.av-5ulfx4z-78352458c6592ff42750606a0ca9a1c8{\nmargin-top:0px;\nmargin-bottom:30px;\n}\n.flex_column.av-5ulfx4z-78352458c6592ff42750606a0ca9a1c8{\nborder-radius:10px 10px 10px 10px;\n-webkit-border-radius:10px 10px 10px 10px;\n-moz-border-radius:10px 10px 10px 10px;\npadding:30px 30px 30px 30px;\nbackground-color:#d53737;\n}\n<\/style>\n<div class='flex_column av-5ulfx4z-78352458c6592ff42750606a0ca9a1c8 av_one_third  avia-builder-el-13  el_after_av_two_third  avia-builder-el-last  av-break-at-tablet flex_column_table_cell av-equal-height-column av-align-top '   ><style type=\"text\/css\" data-created_by=\"avia_inline_auto\" id=\"style-css-av-3akyiqr-b78611318182eec69ce72980a4c686dd\">\n.av_textblock_section.av-3akyiqr-b78611318182eec69ce72980a4c686dd .avia_textblock{\ncolor:#ffffff;\n}\n<\/style>\n<section  class='av_textblock_section av-3akyiqr-b78611318182eec69ce72980a4c686dd '  itemscope=\"itemscope\" itemtype=\"https:\/\/schema.org\/CreativeWork\" ><div class='avia_textblock av_inherit_color '  itemprop=\"text\" ><h3 style=\"text-align: center\">Prislista<\/h3>\n<h4 style=\"text-align: center\"><a href=\"https:\/\/www.laserdome-stockholm.se\/aspudden\/prislista\/\">Klicka h\u00e4r f\u00f6r att se v\u00e5ra priser \u00bb<\/a><\/h4>\n<\/div><\/section><br \/>\n\n<style type=\"text\/css\" data-created_by=\"avia_inline_auto\" id=\"style-css-av-36gy5r7-9711b035de4874e8868b9655a54b538f\">\n#top .hr.av-36gy5r7-9711b035de4874e8868b9655a54b538f{\nmargin-top:10px;\nmargin-bottom:20px;\n}\n.hr.av-36gy5r7-9711b035de4874e8868b9655a54b538f .hr-inner{\nwidth:100%;\nborder-color:#cccccc;\n}\n<\/style>\n<div  class='hr av-36gy5r7-9711b035de4874e8868b9655a54b538f hr-custom  avia-builder-el-15  el_after_av_textblock  el_before_av_font_icon  hr-center hr-icon-no '><span class='hr-inner inner-border-av-border-thin'><span class=\"hr-inner-style\"><\/span><\/span><\/div><br \/>\n\n<style type=\"text\/css\" data-created_by=\"avia_inline_auto\" id=\"style-css-av-9s406b-2e5ad490c9ea13296b5349ff5cd5f7c8\">\n.av_font_icon.av-9s406b-2e5ad490c9ea13296b5349ff5cd5f7c8{\ncolor:#ffffff;\nborder-color:#ffffff;\n}\n.av_font_icon.av-9s406b-2e5ad490c9ea13296b5349ff5cd5f7c8 .av-icon-char{\nfont-size:60px;\nline-height:60px;\n}\n<\/style>\n<span  class=\"av_font_icon av-9s406b-2e5ad490c9ea13296b5349ff5cd5f7c8 avia_animate_when_visible av-icon-style- avia-icon-pos-center avia-icon-animate \"><span class='av-icon-char' aria-hidden='true' data-av_icon='\ue81f' data-av_iconfont='entypo-fontello' ><\/span><\/span><br \/>\n\n<style type=\"text\/css\" data-created_by=\"avia_inline_auto\" id=\"style-css-av-20fqun7-8d050aaa2c9692ad65ba5f77439498d4\">\n#top .hr.hr-invisible.av-20fqun7-8d050aaa2c9692ad65ba5f77439498d4{\nheight:20px;\n}\n<\/style>\n<div  class='hr av-20fqun7-8d050aaa2c9692ad65ba5f77439498d4 hr-invisible  avia-builder-el-17  el_after_av_font_icon  el_before_av_textblock  '><span class='hr-inner '><span class=\"hr-inner-style\"><\/span><\/span><\/div><br \/>\n\n<style type=\"text\/css\" data-created_by=\"avia_inline_auto\" id=\"style-css-av-1q7oogz-ab21c050cb296de0e21a7fe13a4f3bd2\">\n.av_textblock_section.av-1q7oogz-ab21c050cb296de0e21a7fe13a4f3bd2 .avia_textblock{\ncolor:#ffffff;\n}\n<\/style>\n<section  class='av_textblock_section av-1q7oogz-ab21c050cb296de0e21a7fe13a4f3bd2 '  itemscope=\"itemscope\" itemtype=\"https:\/\/schema.org\/CreativeWork\" ><div class='avia_textblock av_inherit_color '  itemprop=\"text\" ><h3 style=\"text-align: center\">F\u00f6rh\u00e5llningsregler<\/h3>\n<p>F\u00f6ljande s\u00e4kerhetsregler m\u00e5ste f\u00f6ljas under p\u00e5g\u00e5ende spel.<\/p>\n<p>Om n\u00e5gon av dessa regler bryts av en spelare varnas han\/hon och detta kan f\u00f6ljas av en utvisning.<\/p>\n<p><strong>Spelet sker p\u00e5 egen risk.<\/strong><\/p>\n<ul>\n<li>Spring inte.<\/li>\n<li>Kl\u00e4ttra inte.<\/li>\n<li>Ligg eller kr\u00e4la inte.<\/li>\n<li>Ta inte av dig skorna.<\/li>\n<li>Ingen fysisk kontakt eller v\u00e5ld mot andra spelare.<\/li>\n<li>Tv\u00e5handsfattning av vapnet.<\/li>\n<li>Vid eventuella problem med t.ex. spelare eller utrustning g\u00e5 genast till v\u00e4strummet och informera en instrukt\u00f6r.<\/li>\n<li>Efter spelet kan du vid f\u00f6rfr\u00e5gan f\u00e5 ditt resultat utskrivet i receptionen, s\u00e5 gl\u00f6m inte vilket namn ditt vapen har (tex Paragon).<\/li>\n<\/ul>\n<\/div><\/section><br \/>\n\n<style type=\"text\/css\" data-created_by=\"avia_inline_auto\" id=\"style-css-av-13o903n-60f6c0c1903754d48667f3127ea19a1f\">\n#top .hr.av-13o903n-60f6c0c1903754d48667f3127ea19a1f{\nmargin-top:10px;\nmargin-bottom:20px;\n}\n.hr.av-13o903n-60f6c0c1903754d48667f3127ea19a1f .hr-inner{\nwidth:100%;\nborder-color:#cccccc;\n}\n<\/style>\n<div  class='hr av-13o903n-60f6c0c1903754d48667f3127ea19a1f hr-custom  avia-builder-el-19  el_after_av_textblock  el_before_av_textblock  hr-center hr-icon-no '><span class='hr-inner inner-border-av-border-thin'><span class=\"hr-inner-style\"><\/span><\/span><\/div><br \/>\n\n<style type=\"text\/css\" data-created_by=\"avia_inline_auto\" id=\"style-css-av-quartv-60da3fdf120a68ef275cae61293d83bb\">\n.av_textblock_section.av-quartv-60da3fdf120a68ef275cae61293d83bb .avia_textblock{\ncolor:#ffffff;\n}\n<\/style>\n<section  class='av_textblock_section av-quartv-60da3fdf120a68ef275cae61293d83bb '  itemscope=\"itemscope\" itemtype=\"https:\/\/schema.org\/CreativeWork\" ><div class='avia_textblock av_inherit_color '  itemprop=\"text\" ><h3 style=\"text-align: center\">Tips!<\/h3>\n<p style=\"text-align: center\">Anv\u00e4nd bekv\u00e4ma skor. Inneskor eller uteskor g\u00e5r bra vilket som.<br \/>\nM\u00f6rka o\u00f6mma kl\u00e4der som ej \u00e4r f\u00f6r varma! (UV-ljuset g\u00f6r att vita kl\u00e4der lyser, och arenan \u00e4r varm.)<\/p>\n<\/div><\/section><\/p><\/div><\/div><!--close column table wrapper. Autoclose: 1 -->\n<\/div><\/div><\/div><!-- close content main div --><\/div><\/div><div id='after_section_2'  class='main_color av_default_container_wrap container_wrap sidebar_right'  ><div class='container av-section-cont-open' ><div class='template-page content  av-content-small alpha units'><div class='post-entry post-entry-type-page post-entry-11683'><div class='entry-content-wrapper clearfix'><\/p>\n","protected":false},"excerpt":{"rendered":"","protected":false},"author":11,"featured_media":0,"parent":0,"menu_order":0,"comment_status":"closed","ping_status":"closed","template":"","meta":{"footnotes":""},"_links":{"self":[{"href":"https:\/\/www.laserdome-stockholm.se\/aspudden\/wp-json\/wp\/v2\/pages\/11683"}],"collection":[{"href":"https:\/\/www.laserdome-stockholm.se\/aspudden\/wp-json\/wp\/v2\/pages"}],"about":[{"href":"https:\/\/www.laserdome-stockholm.se\/aspudden\/wp-json\/wp\/v2\/types\/page"}],"author":[{"embeddable":true,"href":"https:\/\/www.laserdome-stockholm.se\/aspudden\/wp-json\/wp\/v2\/users\/11"}],"replies":[{"embeddable":true,"href":"https:\/\/www.laserdome-stockholm.se\/aspudden\/wp-json\/wp\/v2\/comments?post=11683"}],"version-history":[{"count":33,"href":"https:\/\/www.laserdome-stockholm.se\/aspudden\/wp-json\/wp\/v2\/pages\/11683\/revisions"}],"predecessor-version":[{"id":12682,"href":"https:\/\/www.laserdome-stockholm.se\/aspudden\/wp-json\/wp\/v2\/pages\/11683\/revisions\/12682"}],"wp:attachment":[{"href":"https:\/\/www.laserdome-stockholm.se\/aspudden\/wp-json\/wp\/v2\/media?parent=11683"}],"curies":[{"name":"wp","href":"https:\/\/api.w.org\/{rel}","templated":true}]}}