{"id":11845,"date":"2022-11-22T15:18:13","date_gmt":"2022-11-22T14:18:13","guid":{"rendered":"https:\/\/www.laserdome-stockholm.se\/aspudden\/?page_id=11845"},"modified":"2025-03-12T10:57:35","modified_gmt":"2025-03-12T09:57:35","slug":"presentkort","status":"publish","type":"page","link":"https:\/\/www.laserdome-stockholm.se\/aspudden\/presentkort\/","title":{"rendered":"Presentkort"},"content":{"rendered":"<div class='flex_column av-nh0s11-b63bdb7ec1a46910a0d82e5041840e50 av_one_full  avia-builder-el-0  avia-builder-el-no-sibling  first flex_column_div '   ><section  class='av_textblock_section av-lasaxcdt-045894f7fec92062443db127a9307e0a '  itemscope=\"itemscope\" itemtype=\"https:\/\/schema.org\/CreativeWork\" ><div class='avia_textblock '  itemprop=\"text\" ><h1>Presentkort<\/h1>\n<p>H\u00e4r k\u00f6per du v\u00e5ra presentkort.<br \/>\nPresentkortet anv\u00e4nds som betalning vid onlinebokning.<\/p>\n<\/div><\/section><br \/>\n<\/p><\/div>\n","protected":false},"excerpt":{"rendered":"","protected":false},"author":11,"featured_media":0,"parent":0,"menu_order":0,"comment_status":"closed","ping_status":"closed","template":"","meta":{"footnotes":""},"_links":{"self":[{"href":"https:\/\/www.laserdome-stockholm.se\/aspudden\/wp-json\/wp\/v2\/pages\/11845"}],"collection":[{"href":"https:\/\/www.laserdome-stockholm.se\/aspudden\/wp-json\/wp\/v2\/pages"}],"about":[{"href":"https:\/\/www.laserdome-stockholm.se\/aspudden\/wp-json\/wp\/v2\/types\/page"}],"author":[{"embeddable":true,"href":"https:\/\/www.laserdome-stockholm.se\/aspudden\/wp-json\/wp\/v2\/users\/11"}],"replies":[{"embeddable":true,"href":"https:\/\/www.laserdome-stockholm.se\/aspudden\/wp-json\/wp\/v2\/comments?post=11845"}],"version-history":[{"count":6,"href":"https:\/\/www.laserdome-stockholm.se\/aspudden\/wp-json\/wp\/v2\/pages\/11845\/revisions"}],"predecessor-version":[{"id":12602,"href":"https:\/\/www.laserdome-stockholm.se\/aspudden\/wp-json\/wp\/v2\/pages\/11845\/revisions\/12602"}],"wp:attachment":[{"href":"https:\/\/www.laserdome-stockholm.se\/aspudden\/wp-json\/wp\/v2\/media?parent=11845"}],"curies":[{"name":"wp","href":"https:\/\/api.w.org\/{rel}","templated":true}]}}