{"id":422,"date":"2017-08-08T11:14:51","date_gmt":"2017-08-08T09:14:51","guid":{"rendered":"http:\/\/laserdome-stockholm.prov.nu\/?page_id=422"},"modified":"2026-04-14T16:11:17","modified_gmt":"2026-04-14T14:11:17","slug":"erbjudanden","status":"publish","type":"page","link":"https:\/\/www.laserdome-stockholm.se\/aspudden\/erbjudanden\/","title":{"rendered":"V\u00e5ra erbjudanden"},"content":{"rendered":"<div id='full_slider_1'  class='avia-fullwidth-slider main_color avia-shadow   avia-builder-el-0  el_before_av_section  avia-builder-el-first   container_wrap sidebar_right'  ><div   data-size='no scaling'  data-lightbox_size='large'  data-animation='fade'  data-conditional_play=''  data-ids='1221'  data-video_counter='0'  data-autoplay='true'  data-bg_slider='false'  data-slide_height=''  data-handle='av_slideshow_full'  data-interval='5'  data-class=' '  data-el_id=''  data-css_id=''  data-scroll_down=''  data-control_layout='av-control-default'  data-custom_markup=''  data-perma_caption=''  data-autoplay_stopper=''  data-image_attachment=''  data-min_height='0px'  data-lazy_loading='disabled'  data-src=''  data-position='top left'  data-repeat='no-repeat'  data-attach='scroll'  data-stretch=''  data-img_scrset=''  class='avia-slideshow avia-slideshow-1  av-control-default av-default-height-applied avia-slideshow-no scaling av_slideshow_full   avia-fade-slider '  itemprop=\"image\" itemscope=\"itemscope\" itemtype=\"https:\/\/schema.org\/ImageObject\" ><ul class='avia-slideshow-inner ' style='padding-bottom: 26.041666666667%;' ><li  class=' av-single-slide slide-1 ' ><div data-rel='slideshow-1' class='avia-slide-wrap '   ><img decoding=\"async\" class=\"wp-image-1221 avia-img-lazy-loading-not-1221\"  src=\"https:\/\/www.laserdome-stockholm.se\/aspudden\/wp-content\/uploads\/sites\/8\/2017\/08\/Laserdome-Hagersten-101.jpg\" width=\"1920\" height=\"500\" title='Laserdome H\u00e4gersten' alt=''  itemprop=\"thumbnailUrl\" srcset=\"https:\/\/www.laserdome-stockholm.se\/aspudden\/wp-content\/uploads\/sites\/8\/2017\/08\/Laserdome-Hagersten-101.jpg 1920w, https:\/\/www.laserdome-stockholm.se\/aspudden\/wp-content\/uploads\/sites\/8\/2017\/08\/Laserdome-Hagersten-101-300x78.jpg 300w, https:\/\/www.laserdome-stockholm.se\/aspudden\/wp-content\/uploads\/sites\/8\/2017\/08\/Laserdome-Hagersten-101-768x200.jpg 768w, https:\/\/www.laserdome-stockholm.se\/aspudden\/wp-content\/uploads\/sites\/8\/2017\/08\/Laserdome-Hagersten-101-1030x268.jpg 1030w, https:\/\/www.laserdome-stockholm.se\/aspudden\/wp-content\/uploads\/sites\/8\/2017\/08\/Laserdome-Hagersten-101-1500x391.jpg 1500w, https:\/\/www.laserdome-stockholm.se\/aspudden\/wp-content\/uploads\/sites\/8\/2017\/08\/Laserdome-Hagersten-101-705x184.jpg 705w, https:\/\/www.laserdome-stockholm.se\/aspudden\/wp-content\/uploads\/sites\/8\/2017\/08\/Laserdome-Hagersten-101-450x117.jpg 450w\" sizes=\"(max-width: 1920px) 100vw, 1920px\" \/><\/div><\/li><\/ul><\/div><\/div>\n<div id='av_section_1'  class='avia-section av-3cxx2e-7cbe6f741bc9c493b935e8f7540163ae main_color avia-section-default avia-no-shadow  avia-builder-el-1  el_after_av_slideshow_full  el_before_av_two_third  avia-bg-style-fixed  container_wrap sidebar_right'  ><div class='container av-section-cont-open' ><div class='template-page content  av-content-small alpha units'><div class='post-entry post-entry-type-page post-entry-422'><div class='entry-content-wrapper clearfix'>\n\n<style type=\"text\/css\" data-created_by=\"avia_inline_auto\" id=\"style-css-av-38m16m-3e1f0222c5b6374f92043b4db27a4bab\">\n#top .flex_column.av-38m16m-3e1f0222c5b6374f92043b4db27a4bab{\nmargin-top:-130px;\nmargin-bottom:50px;\n}\n.flex_column.av-38m16m-3e1f0222c5b6374f92043b4db27a4bab{\nborder-radius:10px 10px 10px 10px;\n-webkit-border-radius:10px 10px 10px 10px;\n-moz-border-radius:10px 10px 10px 10px;\npadding:30px 30px 30px 30px;\nbackground-color:#313131;\n}\n.responsive #top #wrap_all .flex_column.av-38m16m-3e1f0222c5b6374f92043b4db27a4bab{\nmargin-top:-130px;\nmargin-bottom:50px;\n}\n<\/style>\n<div class='flex_column av-38m16m-3e1f0222c5b6374f92043b4db27a4bab av_one_full  avia-builder-el-2  el_before_av_one_half  avia-builder-el-first  toppmarginal first flex_column_div '   ><style type=\"text\/css\" data-created_by=\"avia_inline_auto\" id=\"style-css-av-318uvy-399ea8a99283470006cc42f628179865\">\n.av_textblock_section.av-318uvy-399ea8a99283470006cc42f628179865 .avia_textblock{\ncolor:#ffffff;\n}\n<\/style>\n<section  class='av_textblock_section av-318uvy-399ea8a99283470006cc42f628179865 '  itemscope=\"itemscope\" itemtype=\"https:\/\/schema.org\/CreativeWork\" ><div class='avia_textblock av_inherit_color '  itemprop=\"text\" ><h1 style=\"text-align: center\">V\u00e5ra erbjudanden!<\/h1>\n<h3 style=\"text-align: center\"><strong>Laserdome &#8211; Aspudden<\/strong><\/h3>\n<\/div><\/section><\/div><div class='flex_column_table av-x3bo6-1c587a2a71e295f700dd39a04043f527 sc-av_one_half av-break-at-tablet-flextable av-equal-height-column-flextable'>\n<style type=\"text\/css\" data-created_by=\"avia_inline_auto\" id=\"style-css-av-x3bo6-1c587a2a71e295f700dd39a04043f527\">\n#top .flex_column_table.av-equal-height-column-flextable.av-x3bo6-1c587a2a71e295f700dd39a04043f527{\nmargin-top:0px;\nmargin-bottom:0px;\n}\n.flex_column.av-x3bo6-1c587a2a71e295f700dd39a04043f527{\nborder-radius:10px 10px 10px 10px;\n-webkit-border-radius:10px 10px 10px 10px;\n-moz-border-radius:10px 10px 10px 10px;\npadding:30px 30px 30px 30px;\nbackground-color:#f6f6f6;\n}\n<\/style>\n<div class='flex_column av-x3bo6-1c587a2a71e295f700dd39a04043f527 av_one_half  avia-builder-el-4  el_after_av_one_full  el_before_av_one_half  first av-break-at-tablet flex_column_table_cell av-equal-height-column av-align-top column-top-margin'   ><p><br \/>\n\n<style type=\"text\/css\" data-created_by=\"avia_inline_auto\" id=\"style-css-av-4e5zy-b81ec78c8e9018aeb19c955acafb10b0\">\n.av_textblock_section.av-4e5zy-b81ec78c8e9018aeb19c955acafb10b0 .avia_textblock{\ncolor:#000000;\n}\n<\/style>\n<section  class='av_textblock_section av-4e5zy-b81ec78c8e9018aeb19c955acafb10b0 '  itemscope=\"itemscope\" itemtype=\"https:\/\/schema.org\/CreativeWork\" ><div class='avia_textblock av_inherit_color '  itemprop=\"text\" ><h3 style=\"text-align: center\">Viktigt att veta!<\/h3>\n<p style=\"text-align: center\">Egen mats\u00e4ck \u00e4r <strong>ej<\/strong> till\u00e5tet i lokalen. Vi har mat och dryck till f\u00f6rs\u00e4ljning.<\/p>\n<p style=\"text-align: center\">P\u00e5 grund av allergier till\u00e5ter vi inte n\u00f6tter i v\u00e5ra lokaler.<\/p>\n<p style=\"text-align: center\">Loverbjudande: Under varje pass k\u00f6r vi 10 minuter spel\/ 10 minuter paus och det \u00e4r blandade \u00e5ldrar som spelar.<\/p>\n<p style=\"text-align: center\">Bra att ha med sig vattenflaskor och 10kr i mynt till sk\u00e5p.<\/p>\n<\/div><\/section><\/p><\/div><div class='av-flex-placeholder'><\/div>\n<style type=\"text\/css\" data-created_by=\"avia_inline_auto\" id=\"style-css-av-iw1t2-c76eab1d7cef73f3a1026d000ffbfb5b\">\n#top .flex_column_table.av-equal-height-column-flextable.av-iw1t2-c76eab1d7cef73f3a1026d000ffbfb5b{\nmargin-top:0px;\nmargin-bottom:0px;\n}\n.flex_column.av-iw1t2-c76eab1d7cef73f3a1026d000ffbfb5b{\nborder-radius:10px 10px 10px 10px;\n-webkit-border-radius:10px 10px 10px 10px;\n-moz-border-radius:10px 10px 10px 10px;\npadding:30px 30px 30px 30px;\nbackground-color:#f6f6f6;\n}\n<\/style>\n<div class='flex_column av-iw1t2-c76eab1d7cef73f3a1026d000ffbfb5b av_one_half  avia-builder-el-7  el_after_av_one_half  el_before_av_hr  av-break-at-tablet flex_column_table_cell av-equal-height-column av-align-top column-top-margin'   ><p><br \/>\n\n<style type=\"text\/css\" data-created_by=\"avia_inline_auto\" id=\"style-css-av-m71ut0lj-de045ab8fc4ba438965d7aa679e4aae5\">\n.av_textblock_section.av-m71ut0lj-de045ab8fc4ba438965d7aa679e4aae5 .avia_textblock{\ncolor:#000000;\n}\n<\/style>\n<section  class='av_textblock_section av-m71ut0lj-de045ab8fc4ba438965d7aa679e4aae5 '  itemscope=\"itemscope\" itemtype=\"https:\/\/schema.org\/CreativeWork\" ><div class='avia_textblock av_inherit_color '  itemprop=\"text\" ><h2 style=\"text-align: center\">Boka drop-in sista minuten<\/h2>\n<\/div><\/section><br \/>\n\n<style type=\"text\/css\" data-created_by=\"avia_inline_auto\" id=\"style-css-av-73a52-a55ac187f852043d0d4d6abf14c3fb98\">\n#top .hr.hr-invisible.av-73a52-a55ac187f852043d0d4d6abf14c3fb98{\nheight:50px;\n}\n<\/style>\n<div  class='hr av-73a52-a55ac187f852043d0d4d6abf14c3fb98 hr-invisible  avia-builder-el-10  el_after_av_textblock  el_before_av_button_big  avia-builder-el-last  '><span class='hr-inner '><span class=\"hr-inner-style\"><\/span><\/span><\/div><br \/>\n<div  class='avia-button-wrap avia-button-center  avia-builder-el-11  el_after_av_hr  avia-builder-el-last ' >\n<style type=\"text\/css\" data-created_by=\"avia_inline_auto\" id=\"style-css-av-1xpeae-651dfce80e4a28c62df7427150af7402\">\n#top #wrap_all .avia-button.av-1xpeae-651dfce80e4a28c62df7427150af7402{\nbackground-color:#d53737;\nborder-color:#d53737;\ntransition:all 0.4s ease-in-out;\n-webkit-transition:all 0.4s ease-in-out;\n-moz-transition:all 0.4s ease-in-out;\n-ms-transition:all 0.4s ease-in-out;\n-o-transition:all 0.4s ease-in-out;\n}\n#top #wrap_all .avia-button.av-1xpeae-651dfce80e4a28c62df7427150af7402:hover{\nbackground-color:#444444;\ncolor:white;\ntransition:all 0.4s ease-in-out;\n-webkit-transition:all 0.4s ease-in-out;\n-moz-transition:all 0.4s ease-in-out;\n-ms-transition:all 0.4s ease-in-out;\n-o-transition:all 0.4s ease-in-out;\n}\n<\/style>\n<a href='https:\/\/www.laserdome-stockholm.se\/aspudden\/laserspel\/' class='avia-font-color-theme-color avia-button avia-button-fullwidth av-1xpeae-651dfce80e4a28c62df7427150af7402 avia-icon_select-no avia-color-custom '  target=\"_blank\"  rel=\"noopener noreferrer\"><span class='avia_iconbox_title' >BOKA DROP-IN TIDER H\u00c4R \u00bb<\/span><\/a><\/div><\/p><\/div><\/div><!--close column table wrapper. Autoclose: 1 -->\n<style type=\"text\/css\" data-created_by=\"avia_inline_auto\" id=\"style-css-av-l97i8y3q-5df4947e3c3d6b741ac86bb4ecb53442\">\n#top .hr.hr-invisible.av-l97i8y3q-5df4947e3c3d6b741ac86bb4ecb53442{\nheight:50px;\n}\n<\/style>\n<div  class='hr av-l97i8y3q-5df4947e3c3d6b741ac86bb4ecb53442 hr-invisible  avia-builder-el-12  el_after_av_one_half  el_before_av_one_full  '><span class='hr-inner '><span class=\"hr-inner-style\"><\/span><\/span><\/div>\n<div class='flex_column_table av-2uwujy-d66cc6c30a00c03725b27f0c154ebd64 sc-av_one_full av-break-at-tablet-flextable av-equal-height-column-flextable'>\n<style type=\"text\/css\" data-created_by=\"avia_inline_auto\" id=\"style-css-av-2uwujy-d66cc6c30a00c03725b27f0c154ebd64\">\n#top .flex_column_table.av-equal-height-column-flextable.av-2uwujy-d66cc6c30a00c03725b27f0c154ebd64{\nmargin-top:0px;\nmargin-bottom:50px;\n}\n.flex_column.av-2uwujy-d66cc6c30a00c03725b27f0c154ebd64{\nborder-radius:10px 10px 10px 10px;\n-webkit-border-radius:10px 10px 10px 10px;\n-moz-border-radius:10px 10px 10px 10px;\npadding:30px 30px 30px 30px;\nbackground-color:#f6f6f6;\n}\n<\/style>\n<div class='flex_column av-2uwujy-d66cc6c30a00c03725b27f0c154ebd64 av_one_full  avia-builder-el-13  el_after_av_hr  avia-builder-el-last  first av-break-at-tablet flex_column_table_cell av-equal-height-column av-align-top '   ><p><br \/>\n<section  class='av_textblock_section av-krxha-f4616a9e59a896842790b1b1f4368e27 '  itemscope=\"itemscope\" itemtype=\"https:\/\/schema.org\/CreativeWork\" ><div class='avia_textblock '  itemprop=\"text\" ><h2><span style=\"color: #d53737\">Erbjudanden<\/span><\/h2>\n<p>H\u00e4r bokar du aktuella loverbjudanden fr\u00e5n oss p\u00e5 Laserdome Aspudden<\/p>\n<\/div><\/section><br \/>\n\n<style type=\"text\/css\" data-created_by=\"avia_inline_auto\" id=\"style-css-av-7us3y-2dce8bda0749231b582c793646a19d36\">\n#top .hr.hr-invisible.av-7us3y-2dce8bda0749231b582c793646a19d36{\nheight:50px;\n}\n<\/style>\n<div  class='hr av-7us3y-2dce8bda0749231b582c793646a19d36 hr-invisible  avia-builder-el-16  el_after_av_textblock  el_before_av_codeblock  '><span class='hr-inner '><span class=\"hr-inner-style\"><\/span><\/span><\/div><br \/>\n<br \/>\n\n<style type=\"text\/css\" data-created_by=\"avia_inline_auto\" id=\"style-css-av-t7yp2-1814066b440ec50190613612c06e886d\">\n#top .hr.hr-invisible.av-t7yp2-1814066b440ec50190613612c06e886d{\nheight:20px;\n}\n<\/style>\n<div  class='hr av-t7yp2-1814066b440ec50190613612c06e886d hr-invisible  avia-builder-el-18  el_after_av_codeblock  avia-builder-el-last  '><span class='hr-inner '><span class=\"hr-inner-style\"><\/span><\/span><\/div><\/p><\/div><\/div><!--close column table wrapper. Autoclose: 1 --><\/div><\/div><\/div><!-- close content main div --><\/div><\/div><div id='after_section_1'  class='main_color av_default_container_wrap container_wrap sidebar_right'  ><div class='container av-section-cont-open' ><div class='template-page content  av-content-small alpha units'><div class='post-entry post-entry-type-page post-entry-422'><div class='entry-content-wrapper clearfix'><div class='flex_column_table av-nm4hq-8bf190dbec618c36bdaaf63743922c25 sc-av_two_third av-break-at-tablet-flextable av-equal-height-column-flextable'>\n<style type=\"text\/css\" data-created_by=\"avia_inline_auto\" id=\"style-css-av-nm4hq-8bf190dbec618c36bdaaf63743922c25\">\n#top .flex_column_table.av-equal-height-column-flextable.av-nm4hq-8bf190dbec618c36bdaaf63743922c25{\nmargin-top:0px;\nmargin-bottom:0px;\n}\n.flex_column.av-nm4hq-8bf190dbec618c36bdaaf63743922c25{\nborder-radius:10px 10px 10px 10px;\n-webkit-border-radius:10px 10px 10px 10px;\n-moz-border-radius:10px 10px 10px 10px;\npadding:30px 30px 30px 30px;\nbackground-color:#f6f6f6;\n}\n<\/style>\n<div class='flex_column av-nm4hq-8bf190dbec618c36bdaaf63743922c25 av_two_third  avia-builder-el-19  el_after_av_section  avia-builder-el-no-sibling  first av-break-at-tablet flex_column_table_cell av-equal-height-column av-align-top '   ><p><br \/>\n\n<style type=\"text\/css\" data-created_by=\"avia_inline_auto\" id=\"style-css-av-8dihq-5c6a5c6dddf1a58f315a00ad346547c8\">\n#top .hr.hr-invisible.av-8dihq-5c6a5c6dddf1a58f315a00ad346547c8{\nheight:20px;\n}\n<\/style>\n<div  class='hr av-8dihq-5c6a5c6dddf1a58f315a00ad346547c8 hr-invisible  avia-builder-el-21  el_after_av_image  avia-builder-el-last  '><span class='hr-inner '><span class=\"hr-inner-style\"><\/span><\/span><\/div><\/p><\/div><\/div><!--close column table wrapper. Autoclose: 1 --><\/p>\n","protected":false},"excerpt":{"rendered":"","protected":false},"author":1,"featured_media":0,"parent":0,"menu_order":0,"comment_status":"closed","ping_status":"closed","template":"","meta":{"footnotes":""},"_links":{"self":[{"href":"https:\/\/www.laserdome-stockholm.se\/aspudden\/wp-json\/wp\/v2\/pages\/422"}],"collection":[{"href":"https:\/\/www.laserdome-stockholm.se\/aspudden\/wp-json\/wp\/v2\/pages"}],"about":[{"href":"https:\/\/www.laserdome-stockholm.se\/aspudden\/wp-json\/wp\/v2\/types\/page"}],"author":[{"embeddable":true,"href":"https:\/\/www.laserdome-stockholm.se\/aspudden\/wp-json\/wp\/v2\/users\/1"}],"replies":[{"embeddable":true,"href":"https:\/\/www.laserdome-stockholm.se\/aspudden\/wp-json\/wp\/v2\/comments?post=422"}],"version-history":[{"count":219,"href":"https:\/\/www.laserdome-stockholm.se\/aspudden\/wp-json\/wp\/v2\/pages\/422\/revisions"}],"predecessor-version":[{"id":12673,"href":"https:\/\/www.laserdome-stockholm.se\/aspudden\/wp-json\/wp\/v2\/pages\/422\/revisions\/12673"}],"wp:attachment":[{"href":"https:\/\/www.laserdome-stockholm.se\/aspudden\/wp-json\/wp\/v2\/media?parent=422"}],"curies":[{"name":"wp","href":"https:\/\/api.w.org\/{rel}","templated":true}]}}