{"id":3594,"date":"2019-04-26T11:47:31","date_gmt":"2019-04-26T09:47:31","guid":{"rendered":"http:\/\/www.laserdome-stockholm.se\/bromma\/?page_id=3594"},"modified":"2023-12-19T18:45:54","modified_gmt":"2023-12-19T17:45:54","slug":"spel","status":"publish","type":"page","link":"https:\/\/www.laserdome-stockholm.se\/bromma\/spel\/","title":{"rendered":"Spel"},"content":{"rendered":"<div id='full_slider_1'  class='avia-fullwidth-slider main_color avia-shadow   avia-builder-el-0  el_before_av_section  avia-builder-el-first   container_wrap sidebar_right'  ><div   data-size='no scaling'  data-lightbox_size='large'  data-animation='fade'  data-conditional_play=''  data-ids='1379'  data-video_counter='0'  data-autoplay='true'  data-bg_slider='false'  data-slide_height=''  data-handle='av_slideshow_full'  data-interval='5'  data-class=' '  data-el_id=''  data-css_id=''  data-scroll_down=''  data-control_layout='av-control-default'  data-custom_markup=''  data-perma_caption=''  data-autoplay_stopper=''  data-image_attachment=''  data-min_height='0px'  data-lazy_loading='disabled'  data-src=''  data-position='top left'  data-repeat='no-repeat'  data-attach='scroll'  data-stretch=''  data-img_scrset=''  class='avia-slideshow avia-slideshow-1  av-control-default av-default-height-applied avia-slideshow-no scaling av_slideshow_full   avia-fade-slider '  itemprop=\"image\" itemscope=\"itemscope\" itemtype=\"https:\/\/schema.org\/ImageObject\" ><ul class='avia-slideshow-inner ' style='padding-bottom: 26.041666666667%;' ><li  class=' av-single-slide slide-1 ' ><div data-rel='slideshow-1' class='avia-slide-wrap '   ><img decoding=\"async\" class=\"wp-image-1379 avia-img-lazy-loading-not-1379\"  src=\"https:\/\/www.laserdome-stockholm.se\/bromma\/wp-content\/uploads\/sites\/7\/2017\/08\/Laserdome-Bromma-006-1.jpg\" width=\"1920\" height=\"500\" title='Laserdome Bromma' alt=''  itemprop=\"thumbnailUrl\" srcset=\"https:\/\/www.laserdome-stockholm.se\/bromma\/wp-content\/uploads\/sites\/7\/2017\/08\/Laserdome-Bromma-006-1.jpg 1920w, https:\/\/www.laserdome-stockholm.se\/bromma\/wp-content\/uploads\/sites\/7\/2017\/08\/Laserdome-Bromma-006-1-300x78.jpg 300w, https:\/\/www.laserdome-stockholm.se\/bromma\/wp-content\/uploads\/sites\/7\/2017\/08\/Laserdome-Bromma-006-1-768x200.jpg 768w, https:\/\/www.laserdome-stockholm.se\/bromma\/wp-content\/uploads\/sites\/7\/2017\/08\/Laserdome-Bromma-006-1-1030x268.jpg 1030w, https:\/\/www.laserdome-stockholm.se\/bromma\/wp-content\/uploads\/sites\/7\/2017\/08\/Laserdome-Bromma-006-1-1500x391.jpg 1500w, https:\/\/www.laserdome-stockholm.se\/bromma\/wp-content\/uploads\/sites\/7\/2017\/08\/Laserdome-Bromma-006-1-705x184.jpg 705w, https:\/\/www.laserdome-stockholm.se\/bromma\/wp-content\/uploads\/sites\/7\/2017\/08\/Laserdome-Bromma-006-1-450x117.jpg 450w\" sizes=\"(max-width: 1920px) 100vw, 1920px\" \/><\/div><\/li><\/ul><\/div><\/div>\n<div id='av_section_1'  class='avia-section av-qcn3i2-f7f23847308e641826225faacb591c82 main_color avia-section-default avia-no-border-styling  avia-builder-el-1  el_after_av_slideshow_full  el_before_av_section  avia-bg-style-scroll  container_wrap sidebar_right'  ><div class='container av-section-cont-open' ><div class='template-page content  av-content-small alpha units'><div class='post-entry post-entry-type-page post-entry-3594'><div class='entry-content-wrapper clearfix'>\n\n<style type=\"text\/css\" data-created_by=\"avia_inline_auto\" id=\"style-css-av-juwkqq4n-8ea09a61e66efdc90d95682438ccbb94\">\n#top .flex_column.av-juwkqq4n-8ea09a61e66efdc90d95682438ccbb94{\nmargin-top:-130px;\nmargin-bottom:50px;\n}\n.flex_column.av-juwkqq4n-8ea09a61e66efdc90d95682438ccbb94{\nborder-radius:10px 10px 10px 10px;\n-webkit-border-radius:10px 10px 10px 10px;\n-moz-border-radius:10px 10px 10px 10px;\npadding:30px 30px 30px 30px;\nbackground-color:#313131;\n}\n.responsive #top #wrap_all .flex_column.av-juwkqq4n-8ea09a61e66efdc90d95682438ccbb94{\nmargin-top:-130px;\nmargin-bottom:50px;\n}\n<\/style>\n<div class='flex_column av-juwkqq4n-8ea09a61e66efdc90d95682438ccbb94 av_one_full  avia-builder-el-2  el_before_av_one_full  avia-builder-el-first  toppmarginal first flex_column_div '   ><style type=\"text\/css\" data-created_by=\"avia_inline_auto\" id=\"style-css-av-juwkfs1z-a756eb5fcce23a361e1521932ea4a0f7\">\n.av_textblock_section.av-juwkfs1z-a756eb5fcce23a361e1521932ea4a0f7 .avia_textblock{\ncolor:#ffffff;\n}\n<\/style>\n<section  class='av_textblock_section av-juwkfs1z-a756eb5fcce23a361e1521932ea4a0f7 '  itemscope=\"itemscope\" itemtype=\"https:\/\/schema.org\/CreativeWork\" ><div class='avia_textblock av_inherit_color '  itemprop=\"text\" ><h1 style=\"text-align: center\">Spel<\/h1>\n<h3 style=\"text-align: center\"><strong>Laserdome &#8211; Bromma<\/strong><\/h3>\n<\/div><\/section><\/div><div class='flex_column_table av-o5a0ka-3a0bac80c18cc6fc599623a35c906094 sc-av_one_full av-break-at-tablet-flextable av-equal-height-column-flextable'>\n<style type=\"text\/css\" data-created_by=\"avia_inline_auto\" id=\"style-css-av-o5a0ka-3a0bac80c18cc6fc599623a35c906094\">\n#top .flex_column_table.av-equal-height-column-flextable.av-o5a0ka-3a0bac80c18cc6fc599623a35c906094{\nmargin-top:0px;\nmargin-bottom:0px;\n}\n.flex_column.av-o5a0ka-3a0bac80c18cc6fc599623a35c906094{\nborder-radius:10px 10px 10px 10px;\n-webkit-border-radius:10px 10px 10px 10px;\n-moz-border-radius:10px 10px 10px 10px;\npadding:30px 30px 30px 30px;\nbackground-color:#f6f6f6;\n}\n<\/style>\n<div class='flex_column av-o5a0ka-3a0bac80c18cc6fc599623a35c906094 av_one_full  avia-builder-el-4  el_after_av_one_full  avia-builder-el-last  first av-break-at-tablet flex_column_table_cell av-equal-height-column av-align-top column-top-margin'   id=\"boka-online\"  ><section  class='av_textblock_section av-juwkinst-66160bc04b94019171d2854024b0a048 '  itemscope=\"itemscope\" itemtype=\"https:\/\/schema.org\/CreativeWork\" ><div class='avia_textblock '  itemprop=\"text\" ><h2><span style=\"color: #d53737\">Spela Laserdome<\/span><\/h2>\n<p>Att spela Laserdome \u00e4r l\u00e4tt och roligt f\u00f6r b\u00e5de barn och vuxna.<\/p>\n<p>H\u00e4r i Bromma har ni m\u00f6jligheten att spela lagspel i allt fr\u00e5n tv\u00e5 till fyra lag eller alla mot alla. Det finns en m\u00e4ngd olika biljetter ni kan l\u00f6sa, nedan hittar ni information om n\u00e5gra av de vanligaste.<\/p>\n<p style=\"text-align: center\">\n<\/div><\/section><br \/>\n\n<style type=\"text\/css\" data-created_by=\"avia_inline_auto\" id=\"style-css-av-lglfhgnb-cb546bd93deb78fc94b75bb878839b15\">\n#top .hr.hr-invisible.av-lglfhgnb-cb546bd93deb78fc94b75bb878839b15{\nheight:30px;\n}\n<\/style>\n<div  class='hr av-lglfhgnb-cb546bd93deb78fc94b75bb878839b15 hr-invisible  avia-builder-el-6  el_after_av_textblock  el_before_av_codeblock  '><span class='hr-inner '><span class=\"hr-inner-style\"><\/span><\/span><\/div><br \/>\n<\/p><\/div><\/div><!--close column table wrapper. Autoclose: 1 -->\n\n<\/div><\/div><\/div><!-- close content main div --><\/div><\/div>\n<style type=\"text\/css\" data-created_by=\"avia_inline_auto\" id=\"style-css-av-18dihm-ee4fcf6f72db68e8f899b1e5c3d2ab1c\">\n.avia-section.av-18dihm-ee4fcf6f72db68e8f899b1e5c3d2ab1c{\nbackground-repeat:no-repeat;\nbackground-image:url(https:\/\/www.laserdome-stockholm.se\/bromma\/wp-content\/uploads\/sites\/7\/2017\/08\/bgbild2.jpg);\nbackground-position:50% 50%;\nbackground-attachment:fixed;\n}\n<\/style>\n<div id='av_section_2'  class='avia-section av-18dihm-ee4fcf6f72db68e8f899b1e5c3d2ab1c main_color avia-section-default avia-no-shadow  avia-builder-el-8  el_after_av_section  avia-builder-el-last  avia-bg-style-fixed  container_wrap sidebar_right'  data-section-bg-repeat='no-repeat'><div class='container av-section-cont-open' ><div class='template-page content  av-content-small alpha units'><div class='post-entry post-entry-type-page post-entry-3594'><div class='entry-content-wrapper clearfix'>\n<div class='flex_column_table av-abicje-07fca3c4afca71bd7c61615db3baa3d2 sc-av_one_third av-break-at-tablet-flextable av-equal-height-column-flextable'>\n<style type=\"text\/css\" data-created_by=\"avia_inline_auto\" id=\"style-css-av-abicje-07fca3c4afca71bd7c61615db3baa3d2\">\n#top .flex_column_table.av-equal-height-column-flextable.av-abicje-07fca3c4afca71bd7c61615db3baa3d2{\nmargin-top:0px;\nmargin-bottom:0px;\n}\n.flex_column.av-abicje-07fca3c4afca71bd7c61615db3baa3d2{\nborder-radius:10px 10px 10px 10px;\n-webkit-border-radius:10px 10px 10px 10px;\n-moz-border-radius:10px 10px 10px 10px;\npadding:30px 30px 30px 30px;\nbackground-color:#f6f6f6;\n}\n<\/style>\n<div class='flex_column av-abicje-07fca3c4afca71bd7c61615db3baa3d2 av_one_third  avia-builder-el-9  el_before_av_one_third  avia-builder-el-first  first av-break-at-tablet flex_column_table_cell av-equal-height-column av-align-top '   ><section  class='av_textblock_section av-8nefay-b46441cd6deef04df8746efe22ef5f3e '  itemscope=\"itemscope\" itemtype=\"https:\/\/schema.org\/CreativeWork\" ><div class='avia_textblock av_inherit_color '  itemprop=\"text\" ><h2><span style=\"color: #d53737\">Singelspel<\/span><\/h2>\n<p>V\u00e5rt mest s\u00e5lda spels\u00e4tt, v\u00e4lj mellan ett, tv\u00e5 eller tre spel \u00e1 16 minuter. N\u00e4r ni k\u00f6per singelspel betalar ni per person och det kan vara andra med som spelar, vi tar emot upp till 40 spelare varje omg\u00e5ng.<\/p>\n<p>Ni kan antingen v\u00e4lja att droppa in eller boka, men vi rekommenderar alltid att ni bokar.<\/p>\n<h3>I singelspel ing\u00e5r f\u00f6ljande:<\/h3>\n<ul>\n<li>Instruktioner innan spelstart<\/li>\n<li>Spel i ett, tv\u00e5 eller tre g\u00e5nger 16 minuter<\/li>\n<li>Personliga po\u00e4nglappar<\/li>\n<\/ul>\n<p style=\"text-align: center\">\n<\/div><\/section><\/div><div class='av-flex-placeholder'><\/div>\n<style type=\"text\/css\" data-created_by=\"avia_inline_auto\" id=\"style-css-av-81t8wq-ac3a2265cb66e908f2fd03d03d4c5119\">\n#top .flex_column_table.av-equal-height-column-flextable.av-81t8wq-ac3a2265cb66e908f2fd03d03d4c5119{\nmargin-top:0px;\nmargin-bottom:0px;\n}\n.flex_column.av-81t8wq-ac3a2265cb66e908f2fd03d03d4c5119{\nborder-radius:10px 10px 10px 10px;\n-webkit-border-radius:10px 10px 10px 10px;\n-moz-border-radius:10px 10px 10px 10px;\npadding:30px 30px 30px 30px;\nbackground-color:#f6f6f6;\n}\n<\/style>\n<div class='flex_column av-81t8wq-ac3a2265cb66e908f2fd03d03d4c5119 av_one_third  avia-builder-el-11  el_after_av_one_third  el_before_av_one_third  av-break-at-tablet flex_column_table_cell av-equal-height-column av-align-top '   ><section  class='av_textblock_section av-5po9p6-702f0b372a736d26e79dc63732ec7480 '  itemscope=\"itemscope\" itemtype=\"https:\/\/schema.org\/CreativeWork\" ><div class='avia_textblock av_inherit_color '  itemprop=\"text\" ><h2><span style=\"color: #d53737\">Kv\u00e4llspass<\/span><\/h2>\n<p>N\u00e4r ni vill spela riktigt mycket till ett f\u00f6rm\u00e5nligt pris kan ni v\u00e4lja att spela v\u00e5rt Laserdome-kv\u00e4llspass mellan 19.00 och 22.00 fredagar och l\u00f6rdagar f\u00f6r endast 229 kronor per person. Passen <strong>m\u00e5ste<\/strong> f\u00f6rbokas och spelas i m\u00e5n av plats. Detta inneb\u00e4r att singelspelare g\u00e5r f\u00f6re sedan fyller vi p\u00e5 med Laserdome-passare. \u00c4r ett spel fullt eller helbokat f\u00e5r man allts\u00e5 v\u00e4nta till n\u00e4sta.<\/p>\n<h3>I ett Laserdome-kv\u00e4llspass ing\u00e5r f\u00f6ljande:<\/h3>\n<ul>\n<li>Laserdome-band som s\u00e4tts runt handleden, vill ni g\u00e5 ut och ta en bit mat eller bara en paus kan ni g\u00f6ra detta och sedan komma tillbaks f\u00f6r vidare spel<\/li>\n<li>Instruktioner innan spelstart<\/li>\n<li>Obegr\u00e4nsat antal spel under passets giltighetstid (observera singelspel g\u00e5r f\u00f6re)<\/li>\n<li>Po\u00e4ngen visas p\u00e5 en po\u00e4ngtavla efter varje spel<\/li>\n<\/ul>\n<p style=\"text-align: center\">\n<\/div><\/section><\/div><div class='av-flex-placeholder'><\/div>\n<style type=\"text\/css\" data-created_by=\"avia_inline_auto\" id=\"style-css-av-4a4k56-deb2c4600b8aadeacc9b76c7fe0d7fad\">\n#top .flex_column_table.av-equal-height-column-flextable.av-4a4k56-deb2c4600b8aadeacc9b76c7fe0d7fad{\nmargin-top:0px;\nmargin-bottom:0px;\n}\n.flex_column.av-4a4k56-deb2c4600b8aadeacc9b76c7fe0d7fad{\nborder-radius:10px 10px 10px 10px;\n-webkit-border-radius:10px 10px 10px 10px;\n-moz-border-radius:10px 10px 10px 10px;\npadding:30px 30px 30px 30px;\nbackground-color:#f6f6f6;\n}\n<\/style>\n<div class='flex_column av-4a4k56-deb2c4600b8aadeacc9b76c7fe0d7fad av_one_third  avia-builder-el-13  el_after_av_one_third  el_before_av_two_third  av-break-at-tablet flex_column_table_cell av-equal-height-column av-align-top '   ><section  class='av_textblock_section av-24hukq-78654c93c80d52f779283d677a8827e6 '  itemscope=\"itemscope\" itemtype=\"https:\/\/schema.org\/CreativeWork\" ><div class='avia_textblock av_inherit_color '  itemprop=\"text\" ><h2><span style=\"color: #d53737\">Slutet s\u00e4llskap<\/span><\/h2>\n<p>\u00c4r ni ett st\u00f6rre s\u00e4llskap eller vill ni ha en intern t\u00e4vling? D\u00e5 \u00e4r slutet s\u00e4llskap valet f\u00f6r er! Ni har tillg\u00e5ng till alla v\u00e5ra 40 v\u00e4star och \u00e4r helt sj\u00e4lva inne p\u00e5 arenan. Priset \u00e4r detsamma oavsett antal deltagare.<\/p>\n<h3>I slutet s\u00e4llskap ing\u00e5r:<\/h3>\n<ul>\n<li>Instruktioner innan spelstart<\/li>\n<li>Spel i ett, tv\u00e5 eller tre g\u00e5nger 16 minuter, d\u00e4r ni \u00e4r ensamma p\u00e5 arenan<\/li>\n<li>Personliga po\u00e4nglappar<\/li>\n<\/ul>\n<p style=\"text-align: center\">\n<\/div><\/section><\/div><\/div><!--close column table wrapper. Autoclose: 1 -->\n<style type=\"text\/css\" data-created_by=\"avia_inline_auto\" id=\"style-css-av-av_two_third-000f61aed1e4d2ad4c7beb63ddbefe7c\">\n.flex_column.av-av_two_third-000f61aed1e4d2ad4c7beb63ddbefe7c{\nborder-radius:10px 10px 10px 10px;\n-webkit-border-radius:10px 10px 10px 10px;\n-moz-border-radius:10px 10px 10px 10px;\npadding:30px 30px 30px 30px;\nbackground-color:#f6f6f6;\n}\n<\/style>\n<div class='flex_column av-av_two_third-000f61aed1e4d2ad4c7beb63ddbefe7c av_two_third  avia-builder-el-15  el_after_av_one_third  el_before_av_one_third  first flex_column_div column-top-margin'   ><section  class='av_textblock_section av-lqcmuk47-eeb586e3cdc8e61d27393e907742344c '  itemscope=\"itemscope\" itemtype=\"https:\/\/schema.org\/CreativeWork\" ><div class='avia_textblock av_inherit_color '  itemprop=\"text\" ><h3><span style=\"color: #d53737\">F\u00f6reningar och skolor<\/span><\/h3>\n<p>Om ni \u00e4r ett st\u00f6rre s\u00e4llskap som vill spela en timme och sedan forts\u00e4tta dagen n\u00e5gon annanstans rekommenderar vi tv\u00e5 eller tre spel i slutet s\u00e4llskap. Ni kommer d\u00e5 vara ensamma p\u00e5 arenan och ha hela 40 v\u00e4star till ert f\u00f6rfogande.<\/p>\n<\/div><\/section><br \/>\n\n<style type=\"text\/css\" data-created_by=\"avia_inline_auto\" id=\"style-css-av-lqcmvi4k-3d5c4319c4bf668b86ead022f118eb8b\">\n.avia-image-container.av-lqcmvi4k-3d5c4319c4bf668b86ead022f118eb8b .av-image-caption-overlay-center{\ncolor:#ffffff;\n}\n<\/style>\n<div  class='avia-image-container av-lqcmvi4k-3d5c4319c4bf668b86ead022f118eb8b av-styling- avia-align-center  avia-builder-el-17  el_after_av_textblock  avia-builder-el-last  '  itemprop=\"image\" itemscope=\"itemscope\" itemtype=\"https:\/\/schema.org\/ImageObject\" ><div class=\"avia-image-container-inner\"><div class=\"avia-image-overlay-wrap\"><img decoding=\"async\" class='wp-image-1240 avia-img-lazy-loading-not-1240 avia_image' src=\"https:\/\/www.laserdome-stockholm.se\/bromma\/wp-content\/uploads\/sites\/7\/2017\/08\/Laserdome-Bromma-012.jpg\" alt='' title='Laserdome-Bromma-012'  height=\"400\" width=\"800\"  itemprop=\"thumbnailUrl\" srcset=\"https:\/\/www.laserdome-stockholm.se\/bromma\/wp-content\/uploads\/sites\/7\/2017\/08\/Laserdome-Bromma-012.jpg 800w, https:\/\/www.laserdome-stockholm.se\/bromma\/wp-content\/uploads\/sites\/7\/2017\/08\/Laserdome-Bromma-012-300x150.jpg 300w, https:\/\/www.laserdome-stockholm.se\/bromma\/wp-content\/uploads\/sites\/7\/2017\/08\/Laserdome-Bromma-012-768x384.jpg 768w, https:\/\/www.laserdome-stockholm.se\/bromma\/wp-content\/uploads\/sites\/7\/2017\/08\/Laserdome-Bromma-012-705x353.jpg 705w, https:\/\/www.laserdome-stockholm.se\/bromma\/wp-content\/uploads\/sites\/7\/2017\/08\/Laserdome-Bromma-012-450x225.jpg 450w\" sizes=\"(max-width: 800px) 100vw, 800px\" \/><\/div><\/div><\/div><\/p><\/div>\n<style type=\"text\/css\" data-created_by=\"avia_inline_auto\" id=\"style-css-av-lqcmx6jx-d78831c5c9ecd896044f64384dea2e9f\">\n.flex_column.av-lqcmx6jx-d78831c5c9ecd896044f64384dea2e9f{\nborder-radius:10px 10px 10px 10px;\n-webkit-border-radius:10px 10px 10px 10px;\n-moz-border-radius:10px 10px 10px 10px;\npadding:30px 30px 30px 30px;\nbackground-color:#d53737;\n}\n<\/style>\n<div class='flex_column av-lqcmx6jx-d78831c5c9ecd896044f64384dea2e9f av_one_third  avia-builder-el-18  el_after_av_two_third  avia-builder-el-last  flex_column_div column-top-margin'   ><style type=\"text\/css\" data-created_by=\"avia_inline_auto\" id=\"style-css-av-lqcmw5fm-e70dd449692f1d0cd32890e1569d19ac\">\n.av_textblock_section.av-lqcmw5fm-e70dd449692f1d0cd32890e1569d19ac .avia_textblock{\ncolor:#ffffff;\n}\n<\/style>\n<section  class='av_textblock_section av-lqcmw5fm-e70dd449692f1d0cd32890e1569d19ac '  itemscope=\"itemscope\" itemtype=\"https:\/\/schema.org\/CreativeWork\" ><div class='avia_textblock av_inherit_color '  itemprop=\"text\" ><h3 style=\"text-align: center\">Friluftsdag?<\/h3>\n<p>Vill ni ist\u00e4llet g\u00f6ra det hela till en friluftsdag och spela s\u00e5 mycket som m\u00f6jligt rekommenderar vi ist\u00e4llet v\u00e5rt dagpass som g\u00e4ller m\u00e5ndag-torsdag.<\/p>\n<p>F\u00f6r 229 kr\/person f\u00e5r ni spela s\u00e5 mycket ni orkar i tre timmar mellan 13-19 under dagen i m\u00e5n av plats, det inneb\u00e4r att alla som spelar vanliga singelspel g\u00e5r f\u00f6re och sedan fyller vi p\u00e5 med laserpassare.<\/p>\n<p>Laserpassen g\u00e5r\u00a0 att boka, \u00e4r ni ett st\u00f6rre s\u00e4llskap \u00e4r det extra bra om ni ringer eller mailar och bokar.<\/p>\n<h4 style=\"text-align: center\"><a href=\"http:\/\/www.laserdome-stockholm.se\/bromma\/prislista\/\">Information om pris hittar ni <strong>h\u00e4r \u00bb<\/strong><\/a><\/h4>\n<\/div><\/section><\/div><\/div><\/div><\/div><!-- close content main div --><\/div><\/div><div id='after_section_2'  class='main_color av_default_container_wrap container_wrap sidebar_right'  ><div class='container av-section-cont-open' ><div class='template-page content  av-content-small alpha units'><div class='post-entry post-entry-type-page post-entry-3594'><div class='entry-content-wrapper clearfix'>\n","protected":false},"excerpt":{"rendered":"","protected":false},"author":3,"featured_media":0,"parent":0,"menu_order":0,"comment_status":"closed","ping_status":"closed","template":"","meta":{"footnotes":""},"_links":{"self":[{"href":"https:\/\/www.laserdome-stockholm.se\/bromma\/wp-json\/wp\/v2\/pages\/3594"}],"collection":[{"href":"https:\/\/www.laserdome-stockholm.se\/bromma\/wp-json\/wp\/v2\/pages"}],"about":[{"href":"https:\/\/www.laserdome-stockholm.se\/bromma\/wp-json\/wp\/v2\/types\/page"}],"author":[{"embeddable":true,"href":"https:\/\/www.laserdome-stockholm.se\/bromma\/wp-json\/wp\/v2\/users\/3"}],"replies":[{"embeddable":true,"href":"https:\/\/www.laserdome-stockholm.se\/bromma\/wp-json\/wp\/v2\/comments?post=3594"}],"version-history":[{"count":15,"href":"https:\/\/www.laserdome-stockholm.se\/bromma\/wp-json\/wp\/v2\/pages\/3594\/revisions"}],"predecessor-version":[{"id":8312,"href":"https:\/\/www.laserdome-stockholm.se\/bromma\/wp-json\/wp\/v2\/pages\/3594\/revisions\/8312"}],"wp:attachment":[{"href":"https:\/\/www.laserdome-stockholm.se\/bromma\/wp-json\/wp\/v2\/media?parent=3594"}],"curies":[{"name":"wp","href":"https:\/\/api.w.org\/{rel}","templated":true}]}}