{"id":425,"date":"2017-08-08T11:14:56","date_gmt":"2017-08-08T09:14:56","guid":{"rendered":"http:\/\/laserdome-stockholm.prov.nu\/?page_id=425"},"modified":"2021-06-11T15:40:17","modified_gmt":"2021-06-11T13:40:17","slug":"kontakt","status":"publish","type":"page","link":"https:\/\/www.laserdome-stockholm.se\/bromma\/kontakt\/","title":{"rendered":"Kontakt"},"content":{"rendered":"\n<div id='av_section_1'  class='avia-section av-3ji0ap-3dbff0fdb228514199729ed0d38f9817 main_color avia-section-default avia-no-shadow  avia-builder-el-1  el_after_av_google_map  avia-builder-el-last  avia-bg-style-fixed  container_wrap sidebar_right'  ><div class='container av-section-cont-open' ><div class='template-page content  av-content-small alpha units'><div class='post-entry post-entry-type-page post-entry-425'><div class='entry-content-wrapper clearfix'>\n\n<style type=\"text\/css\" data-created_by=\"avia_inline_auto\" id=\"style-css-av-3ds0eh-ccb5b0c353dc3798599594bfa7008dd7\">\n#top .flex_column.av-3ds0eh-ccb5b0c353dc3798599594bfa7008dd7{\nmargin-top:-130px;\nmargin-bottom:50px;\n}\n.flex_column.av-3ds0eh-ccb5b0c353dc3798599594bfa7008dd7{\nborder-radius:10px 10px 10px 10px;\n-webkit-border-radius:10px 10px 10px 10px;\n-moz-border-radius:10px 10px 10px 10px;\npadding:30px 30px 30px 30px;\nbackground-color:#313131;\n}\n.responsive #top #wrap_all .flex_column.av-3ds0eh-ccb5b0c353dc3798599594bfa7008dd7{\nmargin-top:-130px;\nmargin-bottom:50px;\n}\n<\/style>\n<div class='flex_column av-3ds0eh-ccb5b0c353dc3798599594bfa7008dd7 av_one_full  avia-builder-el-2  el_before_av_two_third  avia-builder-el-first  toppmarginal first flex_column_div '   ><style type=\"text\/css\" data-created_by=\"avia_inline_auto\" id=\"style-css-av-38xuc9-e75d298561f22caa38ea2c0c66392e62\">\n.av_textblock_section.av-38xuc9-e75d298561f22caa38ea2c0c66392e62 .avia_textblock{\ncolor:#ffffff;\n}\n<\/style>\n<section  class='av_textblock_section av-38xuc9-e75d298561f22caa38ea2c0c66392e62 '  itemscope=\"itemscope\" itemtype=\"https:\/\/schema.org\/CreativeWork\" ><div class='avia_textblock av_inherit_color '  itemprop=\"text\" ><h1 style=\"text-align: center;\">Kontakta oss<\/h1>\n<h3 style=\"text-align: center;\"><strong>Laserdome &#8211; Bromma<\/strong><\/h3>\n<\/div><\/section><\/div><div class='flex_column_table av-33bx1t-1a138590e0fe0a95e113f64954b3c58a sc-av_two_third av-break-at-tablet-flextable av-equal-height-column-flextable'>\n<style type=\"text\/css\" data-created_by=\"avia_inline_auto\" id=\"style-css-av-33bx1t-1a138590e0fe0a95e113f64954b3c58a\">\n#top .flex_column_table.av-equal-height-column-flextable.av-33bx1t-1a138590e0fe0a95e113f64954b3c58a{\nmargin-top:0px;\nmargin-bottom:0px;\n}\n.flex_column.av-33bx1t-1a138590e0fe0a95e113f64954b3c58a{\nborder-width:2px;\nborder-color:#f6f6f6;\nborder-style:solid;\nborder-radius:10px 10px 10px 10px;\n-webkit-border-radius:10px 10px 10px 10px;\n-moz-border-radius:10px 10px 10px 10px;\npadding:30px 30px 30px 30px;\n}\n<\/style>\n<div class='flex_column av-33bx1t-1a138590e0fe0a95e113f64954b3c58a av_two_third  avia-builder-el-4  el_after_av_one_full  el_before_av_one_third  first av-break-at-tablet flex_column_table_cell av-equal-height-column av-align-top column-top-margin'   ><section  class='av_textblock_section av-2vf8ld-9b2acb9f4033c70334d26041e53b81a2 '  itemscope=\"itemscope\" itemtype=\"https:\/\/schema.org\/CreativeWork\" ><div class='avia_textblock av_inherit_color '  itemprop=\"text\" ><h2 style=\"text-align: left;\"><span style=\"color: #d53737;\">Fr\u00e5gor?<\/span><\/h2>\n<p>Observera, att f\u00e4lt markerade med en stj\u00e4rna * \u00e4r obligatoriska.<\/p>\n<h3 style=\"text-align: center;\"><\/h3>\n<p style=\"text-align: center;\">\n<\/div><\/section><br \/>\n\n<style type=\"text\/css\" data-created_by=\"avia_inline_auto\" id=\"style-css-av-2qs6pd-e210d7f17714565b90129c1d3421235a\">\n#top .hr.hr-invisible.av-2qs6pd-e210d7f17714565b90129c1d3421235a{\nheight:10px;\n}\n<\/style>\n<div  class='hr av-2qs6pd-e210d7f17714565b90129c1d3421235a hr-invisible  avia-builder-el-6  el_after_av_textblock  el_before_av_contact  '><span class='hr-inner '><span class=\"hr-inner-style\"><\/span><\/span><\/div><br \/>\n<form action=\"https:\/\/www.laserdome-stockholm.se\/bromma\/kontakt\/\" method=\"post\"  class=\"avia_ajax_form av-form-labels-visible   avia-builder-el-7  el_after_av_hr  avia-builder-el-last   \" data-avia-form-id=\"1\" data-avia-redirect='' ><fieldset><p class='  first_form  form_element form_element_half' id='element_avia_1_1'><label for=\"avia_1_1\">Namn<\/label> <input name=\"avia_1_1\" class=\"text_input \" type=\"text\" id=\"avia_1_1\" value=\"\" \/><\/p><p class='  form_element form_element_half' id='element_avia_2_1'><label for=\"avia_2_1\">E-post <abbr class=\"required\" title=\"required\">*<\/abbr><\/label> <input name=\"avia_2_1\" class=\"text_input is_email\" type=\"text\" id=\"avia_2_1\" value=\"\" \/><\/p><p class='  first_form  form_element form_fullwidth' id='element_avia_3_1'><label for=\"avia_3_1\" class=\"textare_label hidden textare_label_avia_3_1\">Meddelande<\/label><textarea  name=\"avia_3_1\" class=\"text_area \" cols=\"40\" rows=\"7\" id=\"avia_3_1\" ><\/textarea><\/p><p class='  first_form  form_element form_fullwidth' id='element_avia_4_1'><input  name=\"avia_4_1\" class=\"input_checkbox \" type=\"checkbox\" id=\"avia_4_1\" value=\"true\"\/><label class=\"input_checkbox_label\" for=\"avia_4_1\">Jag vill ta del av erbjudande via SMS<\/label><\/p><p class='  first_form  form_element form_fullwidth' id='element_avia_5_1'><input  name=\"avia_5_1\" class=\"input_checkbox \" type=\"checkbox\" id=\"avia_5_1\" value=\"true\"\/><label class=\"input_checkbox_label\" for=\"avia_5_1\">Jag vill ta del av erbjudande via e-post<\/label><\/p><p class='  first_form  form_element form_fullwidth' id='element_avia_6_1'><input  name=\"avia_6_1\" class=\"input_checkbox is_empty\" type=\"checkbox\" id=\"avia_6_1\" value=\"true\"\/><label class=\"input_checkbox_label\" for=\"avia_6_1\">Jag har l\u00e4st och \u00e4r inf\u00f6rst\u00e5dd med v\u00e5r <a href=\"\/bromma\/behandling-av-personuppgifter\/\" target=\"_blank\" rel=\"noopener\">personuppgiftspolicy<\/a> <abbr class=\"required\" title=\"required\">*<\/abbr><\/label><\/p><p class=\"hidden\"><input type=\"text\" name=\"avia_7_1\" class=\"hidden \" id=\"avia_7_1\" value=\"\" \/><\/p><div id='avia_8_1' class='av-recaptcha-area  first_form  form_element form_fullwidth '  data-container_class=\"\" data-custom_class=\"\" data-context=\"av_contact_form\" data-token_input=\"av_recaptcha_token\" data-version=\"avia_recaptcha_v2\" data-theme=\"light\" data-size=\"normal\" data-score=\"0.5\" data-text_to_preview=\"\" data-value=\"\"><div class=\"av-google-badge-message hidden\">This site is protected by reCAPTCHA and the Google <a href=\"https:\/\/policies.google.com\/privacy\">Privacy Policy<\/a> and <a href=\"https:\/\/policies.google.com\/terms\">Terms of Service<\/a> apply.<\/div><\/div><p class=\"form_element \"><input type=\"hidden\" value=\"1\" name=\"avia_generated_form1\" \/><input type=\"submit\" value=\"Skicka\" class=\"button\"  data-sending-label=\"Sending\"\/><\/p><\/fieldset><div class=\"avia-disabled-form\">This contact form is deactivated because you refused to accept Google reCaptcha service which is necessary to validate any messages sent by the form.<\/div><\/form><div id=\"ajaxresponse_1\" class=\"ajaxresponse ajaxresponse_1 hidden\"><\/div><\/p><\/div><div class='av-flex-placeholder'><\/div>\n<style type=\"text\/css\" data-created_by=\"avia_inline_auto\" id=\"style-css-av-1dvj7t-b47fcda9d6c99ee5c920b71d4e324a51\">\n#top .flex_column_table.av-equal-height-column-flextable.av-1dvj7t-b47fcda9d6c99ee5c920b71d4e324a51{\nmargin-top:0px;\nmargin-bottom:0px;\n}\n.flex_column.av-1dvj7t-b47fcda9d6c99ee5c920b71d4e324a51{\nborder-radius:10px 10px 10px 10px;\n-webkit-border-radius:10px 10px 10px 10px;\n-moz-border-radius:10px 10px 10px 10px;\npadding:30px 30px 30px 30px;\nbackground-color:#d53737;\n}\n<\/style>\n<div class='flex_column av-1dvj7t-b47fcda9d6c99ee5c920b71d4e324a51 av_one_third  avia-builder-el-8  el_after_av_two_third  avia-builder-el-last  av-break-at-tablet flex_column_table_cell av-equal-height-column av-align-top column-top-margin'   ><p>\n<style type=\"text\/css\" data-created_by=\"avia_inline_auto\" id=\"style-css-av-17rxcp-295239aefd3489dbc57b0ffe6d2471a1\">\n.av_font_icon.av-17rxcp-295239aefd3489dbc57b0ffe6d2471a1{\ncolor:#ffffff;\nborder-color:#ffffff;\n}\n.av_font_icon.av-17rxcp-295239aefd3489dbc57b0ffe6d2471a1 .av-icon-char{\nfont-size:60px;\nline-height:60px;\n}\n<\/style>\n<span  class=\"av_font_icon av-17rxcp-295239aefd3489dbc57b0ffe6d2471a1 avia_animate_when_visible av-icon-style- avia-icon-pos-center avia-icon-animate \"><span class='av-icon-char' aria-hidden='true' data-av_icon='\ue854' data-av_iconfont='entypo-fontello' ><\/span><\/span><br \/>\n\n<style type=\"text\/css\" data-created_by=\"avia_inline_auto\" id=\"style-css-av-122ogp-75cfb2c085846af77159ba4ce0c62a3e\">\n#top .hr.hr-invisible.av-122ogp-75cfb2c085846af77159ba4ce0c62a3e{\nheight:20px;\n}\n<\/style>\n<div  class='hr av-122ogp-75cfb2c085846af77159ba4ce0c62a3e hr-invisible  avia-builder-el-10  el_after_av_font_icon  el_before_av_textblock  '><span class='hr-inner '><span class=\"hr-inner-style\"><\/span><\/span><\/div><br \/>\n\n<style type=\"text\/css\" data-created_by=\"avia_inline_auto\" id=\"style-css-av-yw509-bcc93bc3bf288829538ad39cab6c6911\">\n.av_textblock_section.av-yw509-bcc93bc3bf288829538ad39cab6c6911 .avia_textblock{\ncolor:#ffffff;\n}\n<\/style>\n<section  class='av_textblock_section av-yw509-bcc93bc3bf288829538ad39cab6c6911 '  itemscope=\"itemscope\" itemtype=\"https:\/\/schema.org\/CreativeWork\" ><div class='avia_textblock av_inherit_color '  itemprop=\"text\" ><h3 style=\"text-align: center;\">Kontakta oss<\/h3>\n<p style=\"text-align: center;\">V\u00e4lkommen att kontakta oss om du har n\u00e5gra fr\u00e5gor eller \u00f6nskar mer info via telefon, e-post eller h\u00e4r via formul\u00e4ret.<\/p>\n<h4 style=\"text-align: center;\">Telefon: 08 &#8211; 408 010 50<br \/>\nE-post: <a href=\"mailto:bromma@laserdome-stockholm.se\">bromma@laserdome-stockholm.se<\/a><\/h4>\n<p style=\"text-align: center;\">\n<p style=\"text-align: center;\">\n<\/div><\/section><br \/>\n\n<style type=\"text\/css\" data-created_by=\"avia_inline_auto\" id=\"style-css-av-t8r8x-03777f4faf51fe6ce7e214c456656253\">\n#top .hr.av-t8r8x-03777f4faf51fe6ce7e214c456656253{\nmargin-top:10px;\nmargin-bottom:20px;\n}\n.hr.av-t8r8x-03777f4faf51fe6ce7e214c456656253 .hr-inner{\nwidth:100%;\nborder-color:#cccccc;\n}\n<\/style>\n<div  class='hr av-t8r8x-03777f4faf51fe6ce7e214c456656253 hr-custom  avia-builder-el-12  el_after_av_textblock  el_before_av_font_icon  hr-center hr-icon-no '><span class='hr-inner inner-border-av-border-thin'><span class=\"hr-inner-style\"><\/span><\/span><\/div><br \/>\n\n<style type=\"text\/css\" data-created_by=\"avia_inline_auto\" id=\"style-css-av-kgm2p-583e4fa09759239ff1815b5f4cbca8b2\">\n.av_font_icon.av-kgm2p-583e4fa09759239ff1815b5f4cbca8b2{\ncolor:#ffffff;\nborder-color:#ffffff;\n}\n.av_font_icon.av-kgm2p-583e4fa09759239ff1815b5f4cbca8b2 .av-icon-char{\nfont-size:60px;\nline-height:60px;\n}\n<\/style>\n<span  class=\"av_font_icon av-kgm2p-583e4fa09759239ff1815b5f4cbca8b2 avia_animate_when_visible av-icon-style- avia-icon-pos-center avia-icon-animate \"><span class='av-icon-char' aria-hidden='true' data-av_icon='\ue821' data-av_iconfont='entypo-fontello' ><\/span><\/span><br \/>\n\n<style type=\"text\/css\" data-created_by=\"avia_inline_auto\" id=\"style-css-av-gngkp-e0398b1c23d9504eab79aa34ed47de66\">\n#top .hr.hr-invisible.av-gngkp-e0398b1c23d9504eab79aa34ed47de66{\nheight:20px;\n}\n<\/style>\n<div  class='hr av-gngkp-e0398b1c23d9504eab79aa34ed47de66 hr-invisible  avia-builder-el-14  el_after_av_font_icon  el_before_av_textblock  '><span class='hr-inner '><span class=\"hr-inner-style\"><\/span><\/span><\/div><br \/>\n\n<style type=\"text\/css\" data-created_by=\"avia_inline_auto\" id=\"style-css-av-13pc9-9ca55ce6080abdd3ab1211bc3737914b\">\n.av_textblock_section.av-13pc9-9ca55ce6080abdd3ab1211bc3737914b .avia_textblock{\ncolor:#ffffff;\n}\n<\/style>\n<section  class='av_textblock_section av-13pc9-9ca55ce6080abdd3ab1211bc3737914b '  itemscope=\"itemscope\" itemtype=\"https:\/\/schema.org\/CreativeWork\" ><div class='avia_textblock av_inherit_color '  itemprop=\"text\" ><h3 style=\"text-align: center;\">Laserdome Bromma<\/h3>\n<p style=\"text-align: center;\">Ekbacksv\u00e4gen 32<\/p>\n<p style=\"text-align: center;\">En trappa upp. I samma hus som Office Depot och Kandy\u2019z. Bara ett stenkast fr\u00e5n Bauhaus och City Gross i Bromma.<\/p>\n<h4 style=\"text-align: center;\"><a href=\"https:\/\/goo.gl\/maps\/KwgAAY4aXFp\" target=\"_blank\" rel=\"noopener\">Karta \/ V\u00e4gbeskrivning \u00bb<\/a><\/h4>\n<p style=\"text-align: center;\">\n<\/div><\/section><\/p><\/div><\/div><!--close column table wrapper. Autoclose: 1 --><\/div><\/div><\/div><!-- close content main div --><\/div><\/div><div id='after_section_1'  class='main_color av_default_container_wrap container_wrap sidebar_right'  ><div class='container av-section-cont-open' ><div class='template-page content  av-content-small alpha units'><div class='post-entry post-entry-type-page post-entry-425'><div class='entry-content-wrapper clearfix'>\n","protected":false},"excerpt":{"rendered":"","protected":false},"author":1,"featured_media":0,"parent":0,"menu_order":0,"comment_status":"closed","ping_status":"closed","template":"","meta":{"footnotes":""},"_links":{"self":[{"href":"https:\/\/www.laserdome-stockholm.se\/bromma\/wp-json\/wp\/v2\/pages\/425"}],"collection":[{"href":"https:\/\/www.laserdome-stockholm.se\/bromma\/wp-json\/wp\/v2\/pages"}],"about":[{"href":"https:\/\/www.laserdome-stockholm.se\/bromma\/wp-json\/wp\/v2\/types\/page"}],"author":[{"embeddable":true,"href":"https:\/\/www.laserdome-stockholm.se\/bromma\/wp-json\/wp\/v2\/users\/1"}],"replies":[{"embeddable":true,"href":"https:\/\/www.laserdome-stockholm.se\/bromma\/wp-json\/wp\/v2\/comments?post=425"}],"version-history":[{"count":26,"href":"https:\/\/www.laserdome-stockholm.se\/bromma\/wp-json\/wp\/v2\/pages\/425\/revisions"}],"predecessor-version":[{"id":5734,"href":"https:\/\/www.laserdome-stockholm.se\/bromma\/wp-json\/wp\/v2\/pages\/425\/revisions\/5734"}],"wp:attachment":[{"href":"https:\/\/www.laserdome-stockholm.se\/bromma\/wp-json\/wp\/v2\/media?parent=425"}],"curies":[{"name":"wp","href":"https:\/\/api.w.org\/{rel}","templated":true}]}}