{"id":416,"date":"2017-08-08T11:14:40","date_gmt":"2017-08-08T09:14:40","guid":{"rendered":"http:\/\/laserdome-stockholm.prov.nu\/?page_id=416"},"modified":"2026-03-03T16:41:08","modified_gmt":"2026-03-03T15:41:08","slug":"foreningskola","status":"publish","type":"page","link":"https:\/\/www.laserdome-stockholm.se\/farsta\/foreningskola\/","title":{"rendered":"F\u00f6rening \/ Skola"},"content":{"rendered":"<div id='full_slider_1'  class='avia-fullwidth-slider main_color avia-shadow   avia-builder-el-0  el_before_av_section  avia-builder-el-first   container_wrap sidebar_right'  ><div   data-size='no scaling'  data-lightbox_size='large'  data-animation='fade'  data-conditional_play=''  data-ids='959'  data-video_counter='0'  data-autoplay='true'  data-bg_slider='false'  data-slide_height=''  data-handle='av_slideshow_full'  data-interval='5'  data-class=' '  data-el_id=''  data-css_id=''  data-scroll_down=''  data-control_layout='av-control-default'  data-custom_markup=''  data-perma_caption=''  data-autoplay_stopper=''  data-image_attachment=''  data-min_height='0px'  data-lazy_loading='disabled'  data-src=''  data-position='top left'  data-repeat='no-repeat'  data-attach='scroll'  data-stretch=''  data-img_scrset=''  class='avia-slideshow avia-slideshow-1  av-control-default av-default-height-applied avia-slideshow-no scaling av_slideshow_full   avia-fade-slider '  itemprop=\"image\" itemscope=\"itemscope\" itemtype=\"https:\/\/schema.org\/ImageObject\" ><ul class='avia-slideshow-inner ' style='padding-bottom: 26.041666666667%;' ><li  class=' av-single-slide slide-1 ' ><div data-rel='slideshow-1' class='avia-slide-wrap '   ><img decoding=\"async\" class=\"wp-image-959 avia-img-lazy-loading-not-959\"  src=\"https:\/\/www.laserdome-stockholm.se\/farsta\/wp-content\/uploads\/sites\/4\/2017\/08\/010.jpg\" width=\"1920\" height=\"500\" title='010' alt=''  itemprop=\"thumbnailUrl\" srcset=\"https:\/\/www.laserdome-stockholm.se\/farsta\/wp-content\/uploads\/sites\/4\/2017\/08\/010.jpg 1920w, https:\/\/www.laserdome-stockholm.se\/farsta\/wp-content\/uploads\/sites\/4\/2017\/08\/010-300x78.jpg 300w, https:\/\/www.laserdome-stockholm.se\/farsta\/wp-content\/uploads\/sites\/4\/2017\/08\/010-768x200.jpg 768w, https:\/\/www.laserdome-stockholm.se\/farsta\/wp-content\/uploads\/sites\/4\/2017\/08\/010-1030x268.jpg 1030w, https:\/\/www.laserdome-stockholm.se\/farsta\/wp-content\/uploads\/sites\/4\/2017\/08\/010-1500x391.jpg 1500w, https:\/\/www.laserdome-stockholm.se\/farsta\/wp-content\/uploads\/sites\/4\/2017\/08\/010-705x184.jpg 705w, https:\/\/www.laserdome-stockholm.se\/farsta\/wp-content\/uploads\/sites\/4\/2017\/08\/010-450x117.jpg 450w\" sizes=\"(max-width: 1920px) 100vw, 1920px\" \/><\/div><\/li><\/ul><\/div><\/div>\n<div id='av_section_1'  class='avia-section av-3m9zts-ce055b081f69da1b953fbdd78f37dd3d main_color avia-section-default avia-no-shadow  avia-builder-el-1  el_after_av_slideshow_full  el_before_av_section  avia-bg-style-fixed  container_wrap sidebar_right'  ><div class='container av-section-cont-open' ><div class='template-page content  av-content-small alpha units'><div class='post-entry post-entry-type-page post-entry-416'><div class='entry-content-wrapper clearfix'>\n\n<style type=\"text\/css\" data-created_by=\"avia_inline_auto\" id=\"style-css-av-3c70p4-68e4abd06e3972d93d91cf8faebd0fd6\">\n#top .flex_column.av-3c70p4-68e4abd06e3972d93d91cf8faebd0fd6{\nmargin-top:-130px;\nmargin-bottom:50px;\n}\n.flex_column.av-3c70p4-68e4abd06e3972d93d91cf8faebd0fd6{\nborder-radius:10px 10px 10px 10px;\n-webkit-border-radius:10px 10px 10px 10px;\n-moz-border-radius:10px 10px 10px 10px;\npadding:30px 30px 30px 30px;\nbackground-color:#313131;\n}\n.responsive #top #wrap_all .flex_column.av-3c70p4-68e4abd06e3972d93d91cf8faebd0fd6{\nmargin-top:-130px;\nmargin-bottom:50px;\n}\n<\/style>\n<div class='flex_column av-3c70p4-68e4abd06e3972d93d91cf8faebd0fd6 av_one_full  avia-builder-el-2  el_before_av_one_full  avia-builder-el-first  toppmarginal first flex_column_div '   ><style type=\"text\/css\" data-created_by=\"avia_inline_auto\" id=\"style-css-av-364rg0-a02af218a07c5acb4f1c5ee545386289\">\n.av_textblock_section.av-364rg0-a02af218a07c5acb4f1c5ee545386289 .avia_textblock{\ncolor:#ffffff;\n}\n<\/style>\n<section  class='av_textblock_section av-364rg0-a02af218a07c5acb4f1c5ee545386289 '  itemscope=\"itemscope\" itemtype=\"https:\/\/schema.org\/CreativeWork\" ><div class='avia_textblock av_inherit_color '  itemprop=\"text\" ><h1 style=\"text-align: center\">F\u00f6rening \/ Skola<\/h1>\n<h3 style=\"text-align: center\"><strong>Laserdome &#8211; Farsta<\/strong><\/h3>\n<\/div><\/section><\/div><div class='flex_column_table av-33j2rc-b71d156b557cdaec2aca68d2d2bdf317 sc-av_one_full av-break-at-tablet-flextable av-equal-height-column-flextable'>\n<style type=\"text\/css\" data-created_by=\"avia_inline_auto\" id=\"style-css-av-33j2rc-b71d156b557cdaec2aca68d2d2bdf317\">\n#top .flex_column_table.av-equal-height-column-flextable.av-33j2rc-b71d156b557cdaec2aca68d2d2bdf317{\nmargin-top:0px;\nmargin-bottom:50px;\n}\n.flex_column.av-33j2rc-b71d156b557cdaec2aca68d2d2bdf317{\nborder-radius:10px 10px 10px 10px;\n-webkit-border-radius:10px 10px 10px 10px;\n-moz-border-radius:10px 10px 10px 10px;\npadding:30px 30px 30px 30px;\nbackground-color:#f6f6f6;\n}\n<\/style>\n<div class='flex_column av-33j2rc-b71d156b557cdaec2aca68d2d2bdf317 av_one_full  avia-builder-el-4  el_after_av_one_full  el_before_av_two_third  first av-break-at-tablet flex_column_table_cell av-equal-height-column av-align-top column-top-margin'   ><section  class='av_textblock_section av-2z4j74-384ab8372d7102d53cea14736f2a87cf '  itemscope=\"itemscope\" itemtype=\"https:\/\/schema.org\/CreativeWork\" ><div class='avia_textblock av_inherit_color '  itemprop=\"text\" ><h2><span style=\"color: #d53737\">F\u00f6rening \/ Skola<\/span><\/h2>\n<h3>Vi erbjuder spel f\u00f6r alla skolor och f\u00f6reningar*<\/h3>\n<p>Vi rekommenderar Laserdome \u2013 spel i slutet s\u00e4llskap, vilket inneb\u00e4r att ni \u00e4r helt sj\u00e4lva p\u00e5 arenan.<\/p>\n<p>*Upp till 18 \u00e5r<\/p>\n<p>Boka nedan. Hittar ni inte en tid som passar? Ring oss p\u00e5 08-121 499 99.<\/p>\n<\/div><\/section><br \/>\n\n<style type=\"text\/css\" data-created_by=\"avia_inline_auto\" id=\"style-css-av-l98iuc19-ff075754101d73ecdc5170ab99a53836\">\n#top .hr.hr-invisible.av-l98iuc19-ff075754101d73ecdc5170ab99a53836{\nheight:50px;\n}\n<\/style>\n<div  class='hr av-l98iuc19-ff075754101d73ecdc5170ab99a53836 hr-invisible  avia-builder-el-6  el_after_av_textblock  el_before_av_codeblock  '><span class='hr-inner '><span class=\"hr-inner-style\"><\/span><\/span><\/div><br \/>\n<\/p><\/div><\/div><!--close column table wrapper. Autoclose: 1 --><div class='flex_column_table av-ebnlc-35f60be051503e58ca8246e9d7ebf403 sc-av_two_third av-break-at-tablet-flextable av-equal-height-column-flextable'>\n<style type=\"text\/css\" data-created_by=\"avia_inline_auto\" id=\"style-css-av-ebnlc-35f60be051503e58ca8246e9d7ebf403\">\n#top .flex_column_table.av-equal-height-column-flextable.av-ebnlc-35f60be051503e58ca8246e9d7ebf403{\nmargin-top:0px;\nmargin-bottom:0px;\n}\n.flex_column.av-ebnlc-35f60be051503e58ca8246e9d7ebf403{\nborder-radius:10px 10px 10px 10px;\n-webkit-border-radius:10px 10px 10px 10px;\n-moz-border-radius:10px 10px 10px 10px;\npadding:30px 30px 30px 30px;\nbackground-color:#f6f6f6;\n}\n<\/style>\n<div class='flex_column av-ebnlc-35f60be051503e58ca8246e9d7ebf403 av_two_third  avia-builder-el-8  el_after_av_one_full  el_before_av_one_third  first av-break-at-tablet flex_column_table_cell av-equal-height-column av-align-top column-top-margin'   ><section  class='av_textblock_section av-9ez94-ed8f8fc6912261652a77a69edcc43e66 '  itemscope=\"itemscope\" itemtype=\"https:\/\/schema.org\/CreativeWork\" ><div class='avia_textblock av_inherit_color '  itemprop=\"text\" ><h2><span style=\"color: #d53737\">F\u00f6rening \/ Skola<\/span><\/h2>\n<ul>\n<li><strong>1 Spel ( 1 x 17 min )<\/strong><br \/>\n1 800kr f\u00f6r hela s\u00e4llskapet. Ni kan vara mellan 1-35 personer som spelar samtidigt.<br \/>\n(ord.pris 2 500kr)<\/li>\n<li><strong>2 Spel ( 2 x 17 min )<\/strong><br \/>\n2 700kr f\u00f6r hela s\u00e4llskapet. Ni kan vara mellan 1-35 personer som spelar samtidigt.<br \/>\n(ord.pris 3 600kr)<\/li>\n<li><strong>3 Spel ( 3 x 17 min )\u00a0<\/strong><br \/>\n3 500kr f\u00f6r hela s\u00e4llskapet. Ni kan vara mellan 1-35 personer som spelar samtidigt.<br \/>\n(ord.pris 4 500kr)<\/li>\n<\/ul>\n<h3>F\u00f6reningspris mat inkl. burkl\u00e4sk:<\/h3>\n<ul>\n<li><strong>Hel pizza inkl. burkl\u00e4sk: 80kr \/person\u00a0<\/strong><\/li>\n<li><strong>Halv pizza inkl. burkl\u00e4sk: 50kr \/person<\/strong><\/li>\n<li><strong>Pannkaka (3st) inkl. burkl\u00e4sk: 60kr \/person\u00a0<\/strong><\/li>\n<li><strong>Korv med br\u00f6d (2st)\u00a0 inkl. burkl\u00e4sk: 50kr \/person<\/strong><\/li>\n<li><strong>Toast inkl. burkl\u00e4sk: 40kr \/person<\/strong><\/li>\n<\/ul>\n<\/div><\/section><\/div><div class='av-flex-placeholder'><\/div>\n<style type=\"text\/css\" data-created_by=\"avia_inline_auto\" id=\"style-css-av-2o43lc-50456d77449e2c5b3bbb4589976bd26f\">\n#top .flex_column_table.av-equal-height-column-flextable.av-2o43lc-50456d77449e2c5b3bbb4589976bd26f{\nmargin-top:0px;\nmargin-bottom:0px;\n}\n.flex_column.av-2o43lc-50456d77449e2c5b3bbb4589976bd26f{\nborder-radius:10px 10px 10px 10px;\n-webkit-border-radius:10px 10px 10px 10px;\n-moz-border-radius:10px 10px 10px 10px;\npadding:30px 30px 30px 30px;\nbackground-color:#d53737;\n}\n<\/style>\n<div class='flex_column av-2o43lc-50456d77449e2c5b3bbb4589976bd26f av_one_third  avia-builder-el-10  el_after_av_two_third  avia-builder-el-last  av-break-at-tablet flex_column_table_cell av-equal-height-column av-align-top column-top-margin'   ><p>\n<style type=\"text\/css\" data-created_by=\"avia_inline_auto\" id=\"style-css-av-2is53k-29874b464fca91fc38ab8c189940962b\">\n.av_font_icon.av-2is53k-29874b464fca91fc38ab8c189940962b{\ncolor:#ffffff;\nborder-color:#ffffff;\n}\n.av_font_icon.av-2is53k-29874b464fca91fc38ab8c189940962b .av-icon-char{\nfont-size:60px;\nline-height:60px;\n}\n<\/style>\n<span  class=\"av_font_icon av-2is53k-29874b464fca91fc38ab8c189940962b avia_animate_when_visible av-icon-style- avia-icon-pos-center avia-icon-animate \"><span class='av-icon-char' aria-hidden='true' data-av_icon='\ue836' data-av_iconfont='entypo-fontello' ><\/span><\/span><br \/>\n\n<style type=\"text\/css\" data-created_by=\"avia_inline_auto\" id=\"style-css-av-2gzazs-c42f8814d2d276a7198684d26d1c00a7\">\n#top .hr.hr-invisible.av-2gzazs-c42f8814d2d276a7198684d26d1c00a7{\nheight:20px;\n}\n<\/style>\n<div  class='hr av-2gzazs-c42f8814d2d276a7198684d26d1c00a7 hr-invisible  avia-builder-el-12  el_after_av_font_icon  el_before_av_textblock  '><span class='hr-inner '><span class=\"hr-inner-style\"><\/span><\/span><\/div><br \/>\n\n<style type=\"text\/css\" data-created_by=\"avia_inline_auto\" id=\"style-css-av-29xxuo-1a386abf79e95559590bc08adbba0159\">\n.av_textblock_section.av-29xxuo-1a386abf79e95559590bc08adbba0159 .avia_textblock{\ncolor:#ffffff;\n}\n<\/style>\n<section  class='av_textblock_section av-29xxuo-1a386abf79e95559590bc08adbba0159 '  itemscope=\"itemscope\" itemtype=\"https:\/\/schema.org\/CreativeWork\" ><div class='avia_textblock av_inherit_color '  itemprop=\"text\" ><h3 style=\"text-align: center\">Bokning<\/h3>\n<p style=\"text-align: center\">Bokning sker senast 24 h innan speltillf\u00e4llet.<\/p>\n<h4 style=\"text-align: center\">Hittar ni inte en tid som passar?<br \/>\nRing 08- 121 499 99<br \/>\neller mejla\u00a0<a href=\"mailto:bokning@laserdome-farsta.se\">bokning@laserdome-farsta.se<\/a><\/h4>\n<p style=\"text-align: center\"><strong>G\u00e4ller endast:<br \/>\n<\/strong>M\u00e5ndag-fredag 09.00-19.00.<\/p>\n<\/div><\/section><\/p><\/div><\/div><!--close column table wrapper. Autoclose: 1 --><\/div><\/div><\/div><!-- close content main div --><\/div><\/div>\n<style type=\"text\/css\" data-created_by=\"avia_inline_auto\" id=\"style-css-av-23cl3k-9315dbdaa07993113efcb0a913147a20\">\n.avia-section.av-23cl3k-9315dbdaa07993113efcb0a913147a20{\nbackground-repeat:no-repeat;\nbackground-image:url(https:\/\/www.laserdome-stockholm.se\/farsta\/wp-content\/uploads\/sites\/4\/2017\/08\/bgbild2.jpg);\nbackground-position:50% 50%;\nbackground-attachment:fixed;\n}\n<\/style>\n<div id='av_section_2'  class='avia-section av-23cl3k-9315dbdaa07993113efcb0a913147a20 main_color avia-section-default avia-no-shadow  avia-builder-el-14  el_after_av_section  avia-builder-el-last  avia-bg-style-fixed  container_wrap sidebar_right'  data-section-bg-repeat='no-repeat'><div class='container av-section-cont-open' ><div class='template-page content  av-content-small alpha units'><div class='post-entry post-entry-type-page post-entry-416'><div class='entry-content-wrapper clearfix'>\n<div class='flex_column_table av-1x2z6o-4e7bcf100b9fbe17b5dee845206bd419 sc-av_one_full av-equal-height-column-flextable'>\n<style type=\"text\/css\" data-created_by=\"avia_inline_auto\" id=\"style-css-av-1x2z6o-4e7bcf100b9fbe17b5dee845206bd419\">\n#top .flex_column_table.av-equal-height-column-flextable.av-1x2z6o-4e7bcf100b9fbe17b5dee845206bd419{\nmargin-top:0px;\nmargin-bottom:0px;\n}\n.flex_column.av-1x2z6o-4e7bcf100b9fbe17b5dee845206bd419{\nborder-radius:10px 10px 10px 10px;\n-webkit-border-radius:10px 10px 10px 10px;\n-moz-border-radius:10px 10px 10px 10px;\npadding:30px 30px 20px 30px;\nbackground-color:#f6f6f6;\n}\n<\/style>\n<div class='flex_column av-1x2z6o-4e7bcf100b9fbe17b5dee845206bd419 av_one_full  avia-builder-el-15  avia-builder-el-no-sibling  first flex_column_table_cell av-equal-height-column av-align-top '   ><section  class='av_textblock_section av-66m7k-53bbffd83918f41be863c91bed770bd1 '  itemscope=\"itemscope\" itemtype=\"https:\/\/schema.org\/CreativeWork\" ><div class='avia_textblock '  itemprop=\"text\" ><h3 style=\"text-align: center\">Vi har stora utrymmen samt mat och dryck till f\u00f6rs\u00e4ljning ifall ni \u00f6nskar stanna kvar en stund.<\/h3>\n<\/div><\/section><br \/>\n\n<style type=\"text\/css\" data-created_by=\"avia_inline_auto\" id=\"style-css-av-1jlcxk-44de9d3ab57e6334222b2ecb9f7faf04\">\n#top .hr.hr-invisible.av-1jlcxk-44de9d3ab57e6334222b2ecb9f7faf04{\nheight:20px;\n}\n<\/style>\n<div  class='hr av-1jlcxk-44de9d3ab57e6334222b2ecb9f7faf04 hr-invisible  avia-builder-el-17  el_after_av_textblock  el_before_av_masonry_gallery  avia-builder-el-last  '><span class='hr-inner '><span class=\"hr-inner-style\"><\/span><\/span><\/div><br \/>\n<div id='av-masonry-1' class='av-masonry av-1gzxi8-ddc01c90a1f5b38fa66b9851b7de1959 noHover av-flex-size av-large-gap av-hover-overlay- av-masonry-animation-active av-masonry-col-4 av-caption-always av-caption-style- av-masonry-gallery    av-medium-columns-overwrite av-medium-columns-2 av-small-columns-overwrite av-small-columns-2 av-mini-columns-overwrite av-mini-columns-2'><div class=\"av-masonry-container isotope av-js-disabled\"><div class='av-masonry-entry isotope-item av-masonry-item-no-image '><\/div><a href=\"https:\/\/www.laserdome-stockholm.se\/farsta\/wp-content\/uploads\/sites\/4\/2017\/08\/Laserdome-stockholm-120.jpg\" data-srcset=\"https:\/\/www.laserdome-stockholm.se\/farsta\/wp-content\/uploads\/sites\/4\/2017\/08\/Laserdome-stockholm-120.jpg 1000w, https:\/\/www.laserdome-stockholm.se\/farsta\/wp-content\/uploads\/sites\/4\/2017\/08\/Laserdome-stockholm-120-300x210.jpg 300w, https:\/\/www.laserdome-stockholm.se\/farsta\/wp-content\/uploads\/sites\/4\/2017\/08\/Laserdome-stockholm-120-768x538.jpg 768w, https:\/\/www.laserdome-stockholm.se\/farsta\/wp-content\/uploads\/sites\/4\/2017\/08\/Laserdome-stockholm-120-705x494.jpg 705w, https:\/\/www.laserdome-stockholm.se\/farsta\/wp-content\/uploads\/sites\/4\/2017\/08\/Laserdome-stockholm-120-450x315.jpg 450w\" data-sizes=\"(max-width: 1000px) 100vw, 1000px\"  aria-label=\"image Laserdome-stockholm-120\"  id='av-masonry-1-item-962' data-av-masonry-item='962' class='av-masonry-entry isotope-item post-962 attachment type-attachment status-inherit hentry  av-masonry-item-with-image' title=\"Laserdome-stockholm-120\" alt=\"\"   itemprop=\"thumbnailUrl\" ><div class='av-inner-masonry-sizer'><\/div><figure class='av-inner-masonry main_color'><div class=\"av-masonry-outerimage-container\"><div class='av-masonry-image-container'   ><img decoding=\"async\" width=\"705\" height=\"494\" class=\"wp-image-962 avia-img-lazy-loading-not-962\"  src=\"https:\/\/www.laserdome-stockholm.se\/farsta\/wp-content\/uploads\/sites\/4\/2017\/08\/Laserdome-stockholm-120-705x494.jpg\" title=\"Laserdome-stockholm-120\" alt=\"\" srcset=\"https:\/\/www.laserdome-stockholm.se\/farsta\/wp-content\/uploads\/sites\/4\/2017\/08\/Laserdome-stockholm-120-705x494.jpg 705w, https:\/\/www.laserdome-stockholm.se\/farsta\/wp-content\/uploads\/sites\/4\/2017\/08\/Laserdome-stockholm-120-300x210.jpg 300w, https:\/\/www.laserdome-stockholm.se\/farsta\/wp-content\/uploads\/sites\/4\/2017\/08\/Laserdome-stockholm-120-768x538.jpg 768w, https:\/\/www.laserdome-stockholm.se\/farsta\/wp-content\/uploads\/sites\/4\/2017\/08\/Laserdome-stockholm-120-450x315.jpg 450w, https:\/\/www.laserdome-stockholm.se\/farsta\/wp-content\/uploads\/sites\/4\/2017\/08\/Laserdome-stockholm-120.jpg 1000w\" sizes=\"(max-width: 705px) 100vw, 705px\" \/><\/div><\/div><\/figure><\/a><!--end av-masonry entry--><a href=\"https:\/\/www.laserdome-stockholm.se\/farsta\/wp-content\/uploads\/sites\/4\/2017\/08\/Laserdome-stockholm-121.jpg\" data-srcset=\"https:\/\/www.laserdome-stockholm.se\/farsta\/wp-content\/uploads\/sites\/4\/2017\/08\/Laserdome-stockholm-121.jpg 1000w, https:\/\/www.laserdome-stockholm.se\/farsta\/wp-content\/uploads\/sites\/4\/2017\/08\/Laserdome-stockholm-121-300x210.jpg 300w, https:\/\/www.laserdome-stockholm.se\/farsta\/wp-content\/uploads\/sites\/4\/2017\/08\/Laserdome-stockholm-121-768x538.jpg 768w, https:\/\/www.laserdome-stockholm.se\/farsta\/wp-content\/uploads\/sites\/4\/2017\/08\/Laserdome-stockholm-121-705x494.jpg 705w, https:\/\/www.laserdome-stockholm.se\/farsta\/wp-content\/uploads\/sites\/4\/2017\/08\/Laserdome-stockholm-121-450x315.jpg 450w\" data-sizes=\"(max-width: 1000px) 100vw, 1000px\"  aria-label=\"image Laserdome-stockholm-121\"  id='av-masonry-1-item-963' data-av-masonry-item='963' class='av-masonry-entry isotope-item post-963 attachment type-attachment status-inherit hentry  av-masonry-item-with-image' title=\"Laserdome-stockholm-121\" alt=\"\"   itemprop=\"thumbnailUrl\" ><div class='av-inner-masonry-sizer'><\/div><figure class='av-inner-masonry main_color'><div class=\"av-masonry-outerimage-container\"><div class='av-masonry-image-container'   ><img decoding=\"async\" width=\"705\" height=\"494\" class=\"wp-image-963 avia-img-lazy-loading-not-963\"  src=\"https:\/\/www.laserdome-stockholm.se\/farsta\/wp-content\/uploads\/sites\/4\/2017\/08\/Laserdome-stockholm-121-705x494.jpg\" title=\"Laserdome-stockholm-121\" alt=\"\" srcset=\"https:\/\/www.laserdome-stockholm.se\/farsta\/wp-content\/uploads\/sites\/4\/2017\/08\/Laserdome-stockholm-121-705x494.jpg 705w, https:\/\/www.laserdome-stockholm.se\/farsta\/wp-content\/uploads\/sites\/4\/2017\/08\/Laserdome-stockholm-121-300x210.jpg 300w, https:\/\/www.laserdome-stockholm.se\/farsta\/wp-content\/uploads\/sites\/4\/2017\/08\/Laserdome-stockholm-121-768x538.jpg 768w, https:\/\/www.laserdome-stockholm.se\/farsta\/wp-content\/uploads\/sites\/4\/2017\/08\/Laserdome-stockholm-121-450x315.jpg 450w, https:\/\/www.laserdome-stockholm.se\/farsta\/wp-content\/uploads\/sites\/4\/2017\/08\/Laserdome-stockholm-121.jpg 1000w\" sizes=\"(max-width: 705px) 100vw, 705px\" \/><\/div><\/div><\/figure><\/a><!--end av-masonry entry--><a href=\"https:\/\/www.laserdome-stockholm.se\/farsta\/wp-content\/uploads\/sites\/4\/2017\/08\/Laserdome-stockholm-122.jpg\" data-srcset=\"https:\/\/www.laserdome-stockholm.se\/farsta\/wp-content\/uploads\/sites\/4\/2017\/08\/Laserdome-stockholm-122.jpg 1000w, https:\/\/www.laserdome-stockholm.se\/farsta\/wp-content\/uploads\/sites\/4\/2017\/08\/Laserdome-stockholm-122-300x210.jpg 300w, https:\/\/www.laserdome-stockholm.se\/farsta\/wp-content\/uploads\/sites\/4\/2017\/08\/Laserdome-stockholm-122-768x538.jpg 768w, https:\/\/www.laserdome-stockholm.se\/farsta\/wp-content\/uploads\/sites\/4\/2017\/08\/Laserdome-stockholm-122-705x494.jpg 705w, https:\/\/www.laserdome-stockholm.se\/farsta\/wp-content\/uploads\/sites\/4\/2017\/08\/Laserdome-stockholm-122-450x315.jpg 450w\" data-sizes=\"(max-width: 1000px) 100vw, 1000px\"  aria-label=\"image Laserdome-stockholm-122\"  id='av-masonry-1-item-964' data-av-masonry-item='964' class='av-masonry-entry isotope-item post-964 attachment type-attachment status-inherit hentry  av-masonry-item-with-image' title=\"Laserdome-stockholm-122\" alt=\"\"   itemprop=\"thumbnailUrl\" ><div class='av-inner-masonry-sizer'><\/div><figure class='av-inner-masonry main_color'><div class=\"av-masonry-outerimage-container\"><div class='av-masonry-image-container'   ><img decoding=\"async\" width=\"705\" height=\"494\" class=\"wp-image-964 avia-img-lazy-loading-not-964\"  src=\"https:\/\/www.laserdome-stockholm.se\/farsta\/wp-content\/uploads\/sites\/4\/2017\/08\/Laserdome-stockholm-122-705x494.jpg\" title=\"Laserdome-stockholm-122\" alt=\"\" srcset=\"https:\/\/www.laserdome-stockholm.se\/farsta\/wp-content\/uploads\/sites\/4\/2017\/08\/Laserdome-stockholm-122-705x494.jpg 705w, https:\/\/www.laserdome-stockholm.se\/farsta\/wp-content\/uploads\/sites\/4\/2017\/08\/Laserdome-stockholm-122-300x210.jpg 300w, https:\/\/www.laserdome-stockholm.se\/farsta\/wp-content\/uploads\/sites\/4\/2017\/08\/Laserdome-stockholm-122-768x538.jpg 768w, https:\/\/www.laserdome-stockholm.se\/farsta\/wp-content\/uploads\/sites\/4\/2017\/08\/Laserdome-stockholm-122-450x315.jpg 450w, https:\/\/www.laserdome-stockholm.se\/farsta\/wp-content\/uploads\/sites\/4\/2017\/08\/Laserdome-stockholm-122.jpg 1000w\" sizes=\"(max-width: 705px) 100vw, 705px\" \/><\/div><\/div><\/figure><\/a><!--end av-masonry entry--><a href=\"https:\/\/www.laserdome-stockholm.se\/farsta\/wp-content\/uploads\/sites\/4\/2022\/11\/Laserdome-Farsta-49.jpg\" data-srcset=\"https:\/\/www.laserdome-stockholm.se\/farsta\/wp-content\/uploads\/sites\/4\/2022\/11\/Laserdome-Farsta-49.jpg 1008w, https:\/\/www.laserdome-stockholm.se\/farsta\/wp-content\/uploads\/sites\/4\/2022\/11\/Laserdome-Farsta-49-300x225.jpg 300w, https:\/\/www.laserdome-stockholm.se\/farsta\/wp-content\/uploads\/sites\/4\/2022\/11\/Laserdome-Farsta-49-768x576.jpg 768w, https:\/\/www.laserdome-stockholm.se\/farsta\/wp-content\/uploads\/sites\/4\/2022\/11\/Laserdome-Farsta-49-705x529.jpg 705w\" data-sizes=\"(max-width: 1008px) 100vw, 1008px\"  aria-label=\"image Laserdome Farsta (49)\"  id='av-masonry-1-item-13273' data-av-masonry-item='13273' class='av-masonry-entry isotope-item post-13273 attachment type-attachment status-inherit hentry  av-masonry-item-with-image' title=\"Laserdome Farsta (49)\" alt=\"\"   itemprop=\"thumbnailUrl\" ><div class='av-inner-masonry-sizer'><\/div><figure class='av-inner-masonry main_color'><div class=\"av-masonry-outerimage-container\"><div class='av-masonry-image-container'   ><img decoding=\"async\" width=\"705\" height=\"529\" class=\"wp-image-13273 avia-img-lazy-loading-not-13273\"  src=\"https:\/\/www.laserdome-stockholm.se\/farsta\/wp-content\/uploads\/sites\/4\/2022\/11\/Laserdome-Farsta-49-705x529.jpg\" title=\"Laserdome Farsta (49)\" alt=\"\" srcset=\"https:\/\/www.laserdome-stockholm.se\/farsta\/wp-content\/uploads\/sites\/4\/2022\/11\/Laserdome-Farsta-49-705x529.jpg 705w, https:\/\/www.laserdome-stockholm.se\/farsta\/wp-content\/uploads\/sites\/4\/2022\/11\/Laserdome-Farsta-49-300x225.jpg 300w, https:\/\/www.laserdome-stockholm.se\/farsta\/wp-content\/uploads\/sites\/4\/2022\/11\/Laserdome-Farsta-49-768x576.jpg 768w, https:\/\/www.laserdome-stockholm.se\/farsta\/wp-content\/uploads\/sites\/4\/2022\/11\/Laserdome-Farsta-49.jpg 1008w\" sizes=\"(max-width: 705px) 100vw, 705px\" \/><\/div><\/div><\/figure><\/a><!--end av-masonry entry--><\/div><\/div><\/p><\/div><\/div><!--close column table wrapper. Autoclose: 1 -->\n<\/div><\/div><\/div><!-- close content main div --><\/div><\/div><div id='after_section_2'  class='main_color av_default_container_wrap container_wrap sidebar_right'  ><div class='container av-section-cont-open' ><div class='template-page content  av-content-small alpha units'><div class='post-entry post-entry-type-page post-entry-416'><div class='entry-content-wrapper clearfix'><\/p>\n","protected":false},"excerpt":{"rendered":"","protected":false},"author":1,"featured_media":0,"parent":0,"menu_order":0,"comment_status":"closed","ping_status":"closed","template":"","meta":{"footnotes":""},"_links":{"self":[{"href":"https:\/\/www.laserdome-stockholm.se\/farsta\/wp-json\/wp\/v2\/pages\/416"}],"collection":[{"href":"https:\/\/www.laserdome-stockholm.se\/farsta\/wp-json\/wp\/v2\/pages"}],"about":[{"href":"https:\/\/www.laserdome-stockholm.se\/farsta\/wp-json\/wp\/v2\/types\/page"}],"author":[{"embeddable":true,"href":"https:\/\/www.laserdome-stockholm.se\/farsta\/wp-json\/wp\/v2\/users\/1"}],"replies":[{"embeddable":true,"href":"https:\/\/www.laserdome-stockholm.se\/farsta\/wp-json\/wp\/v2\/comments?post=416"}],"version-history":[{"count":62,"href":"https:\/\/www.laserdome-stockholm.se\/farsta\/wp-json\/wp\/v2\/pages\/416\/revisions"}],"predecessor-version":[{"id":14123,"href":"https:\/\/www.laserdome-stockholm.se\/farsta\/wp-json\/wp\/v2\/pages\/416\/revisions\/14123"}],"wp:attachment":[{"href":"https:\/\/www.laserdome-stockholm.se\/farsta\/wp-json\/wp\/v2\/media?parent=416"}],"curies":[{"name":"wp","href":"https:\/\/api.w.org\/{rel}","templated":true}]}}