{"id":413,"date":"2017-08-08T11:14:33","date_gmt":"2017-08-08T09:14:33","guid":{"rendered":"http:\/\/laserdome-stockholm.prov.nu\/?page_id=413"},"modified":"2024-10-23T11:57:28","modified_gmt":"2024-10-23T09:57:28","slug":"barnkalas","status":"publish","type":"page","link":"https:\/\/www.laserdome-stockholm.se\/kungsholmen\/barnkalas\/","title":{"rendered":"Barnkalas"},"content":{"rendered":"<div id='full_slider_1'  class='avia-fullwidth-slider main_color avia-shadow   avia-builder-el-0  el_before_av_section  avia-builder-el-first   container_wrap sidebar_right'  ><div   data-size='no scaling'  data-lightbox_size='large'  data-animation='fade'  data-conditional_play=''  data-ids='1328,1327,1329'  data-video_counter='0'  data-autoplay='true'  data-bg_slider='false'  data-slide_height=''  data-handle='av_slideshow_full'  data-interval='5'  data-class=' '  data-el_id=''  data-css_id=''  data-scroll_down=''  data-control_layout='av-control-default'  data-custom_markup=''  data-perma_caption=''  data-autoplay_stopper=''  data-image_attachment=''  data-min_height='0px'  data-lazy_loading='disabled'  data-src=''  data-position='top left'  data-repeat='no-repeat'  data-attach='scroll'  data-stretch=''  data-img_scrset=''  class='avia-slideshow avia-slideshow-1  av-control-default avia-slideshow-no scaling av_slideshow_full   avia-fade-slider '  itemprop=\"image\" itemscope=\"itemscope\" itemtype=\"https:\/\/schema.org\/ImageObject\" ><ul class='avia-slideshow-inner '  ><li  class=' slide-1 ' ><div data-rel='slideshow-1' class='avia-slide-wrap '   ><img decoding=\"async\" class=\"wp-image-1328 avia-img-lazy-loading-not-1328\"  src=\"https:\/\/www.laserdome-stockholm.se\/kungsholmen\/wp-content\/uploads\/sites\/11\/2017\/08\/Laserdome-kungsholmen-018.jpg\" width=\"0\" height=\"0\" title='Laserdome Kungsholmen' alt=''  itemprop=\"thumbnailUrl\"   \/><\/div><\/li><li  class=' slide-2 ' ><div data-rel='slideshow-1' class='avia-slide-wrap '   ><img decoding=\"async\" class=\"wp-image-1327 avia-img-lazy-loading-not-1327\"  src=\"https:\/\/www.laserdome-stockholm.se\/kungsholmen\/wp-content\/uploads\/sites\/11\/2017\/08\/Laserdome-kungsholmen-017.jpg\" width=\"0\" height=\"0\" title='Laserdome Kungsholmen' alt=''  itemprop=\"thumbnailUrl\"   \/><\/div><\/li><li  class=' slide-3 ' ><div data-rel='slideshow-1' class='avia-slide-wrap '   ><img decoding=\"async\" class=\"wp-image-1329 avia-img-lazy-loading-not-1329\"  src=\"https:\/\/www.laserdome-stockholm.se\/kungsholmen\/wp-content\/uploads\/sites\/11\/2017\/08\/Laserdome-kungsholmen-019.jpg\" width=\"0\" height=\"0\" title='Laserdome Kungsholmen' alt=''  itemprop=\"thumbnailUrl\"   \/><\/div><\/li><\/ul><div class='avia-slideshow-arrows avia-slideshow-controls' ><a href='#prev' class='prev-slide ' aria-hidden='true' data-av_icon='\ue87c' data-av_iconfont='entypo-fontello'  tabindex='-1'>F\u00f6reg\u00e5ende<\/a><a href='#next' class='next-slide ' aria-hidden='true' data-av_icon='\ue87d' data-av_iconfont='entypo-fontello'  tabindex='-1'>N\u00e4sta<\/a><\/div><div class='avia-slideshow-dots avia-slideshow-controls'><a href='#1' class='goto-slide active' >1<\/a><a href='#2' class='goto-slide ' >2<\/a><a href='#3' class='goto-slide ' >3<\/a><\/div><\/div><\/div>\n<div id='av_section_1'  class='avia-section av-5q9tsl-a3dd4fab3c440f3a237f8d9821745b6f main_color avia-section-default avia-no-shadow  avia-builder-el-1  el_after_av_slideshow_full  el_before_av_section  avia-bg-style-fixed  container_wrap sidebar_right'  ><div class='container av-section-cont-open' ><div class='template-page content  av-content-small alpha units'><div class='post-entry post-entry-type-page post-entry-413'><div class='entry-content-wrapper clearfix'>\n\n<style type=\"text\/css\" data-created_by=\"avia_inline_auto\" id=\"style-css-av-5jod6l-b3f9564ee6c8e3fe879d05b05942d3d4\">\n#top .flex_column.av-5jod6l-b3f9564ee6c8e3fe879d05b05942d3d4{\nmargin-top:-130px;\nmargin-bottom:50px;\n}\n.flex_column.av-5jod6l-b3f9564ee6c8e3fe879d05b05942d3d4{\nborder-radius:10px 10px 10px 10px;\n-webkit-border-radius:10px 10px 10px 10px;\n-moz-border-radius:10px 10px 10px 10px;\npadding:30px 30px 30px 30px;\nbackground-color:#313131;\n}\n.responsive #top #wrap_all .flex_column.av-5jod6l-b3f9564ee6c8e3fe879d05b05942d3d4{\nmargin-top:-130px;\nmargin-bottom:50px;\n}\n<\/style>\n<div class='flex_column av-5jod6l-b3f9564ee6c8e3fe879d05b05942d3d4 av_one_full  avia-builder-el-2  el_before_av_one_full  avia-builder-el-first  toppmarginal first flex_column_div '   ><style type=\"text\/css\" data-created_by=\"avia_inline_auto\" id=\"style-css-av-jbpud-bc9d2dcb86ef75e344fb9a319aac6716\">\n.av_textblock_section.av-jbpud-bc9d2dcb86ef75e344fb9a319aac6716 .avia_textblock{\ncolor:#ffffff;\n}\n<\/style>\n<section  class='av_textblock_section av-jbpud-bc9d2dcb86ef75e344fb9a319aac6716 '  itemscope=\"itemscope\" itemtype=\"https:\/\/schema.org\/CreativeWork\" ><div class='avia_textblock av_inherit_color '  itemprop=\"text\" ><h1 style=\"text-align: center;\">Barnkalas<\/h1>\n<h3 style=\"text-align: center;\"><strong>Laserdome &#8211; Kungsholmen<\/strong><\/h3>\n<\/div><\/section><\/div><div class='flex_column_table av-55w4zh-a51e65e342688f6d44bf7a205ee48f23 sc-av_one_full av-break-at-tablet-flextable av-equal-height-column-flextable'>\n<style type=\"text\/css\" data-created_by=\"avia_inline_auto\" id=\"style-css-av-55w4zh-a51e65e342688f6d44bf7a205ee48f23\">\n#top .flex_column_table.av-equal-height-column-flextable.av-55w4zh-a51e65e342688f6d44bf7a205ee48f23{\nmargin-top:0px;\nmargin-bottom:0px;\n}\n.flex_column.av-55w4zh-a51e65e342688f6d44bf7a205ee48f23{\nborder-radius:10px 10px 10px 10px;\n-webkit-border-radius:10px 10px 10px 10px;\n-moz-border-radius:10px 10px 10px 10px;\npadding:30px 30px 30px 30px;\nbackground-color:#f6f6f6;\n}\n<\/style>\n<div class='flex_column av-55w4zh-a51e65e342688f6d44bf7a205ee48f23 av_one_full  avia-builder-el-4  el_after_av_one_full  avia-builder-el-last  first av-break-at-tablet flex_column_table_cell av-equal-height-column av-align-top column-top-margin'   ><section  class='av_textblock_section av-52s7nx-a8c5b139a4f2b5eeac85f51975175f71 '  itemscope=\"itemscope\" itemtype=\"https:\/\/schema.org\/CreativeWork\" ><div class='avia_textblock av_inherit_color '  itemprop=\"text\" ><h2><span style=\"color: #d53737;\">V\u00e4rldens b\u00e4sta barnkalas<\/span><\/h2>\n<h3>Fira ert barnkalas hos oss och ni kommer f\u00e5 ett kalas att minnas!<\/h3>\n<p>Laserdome kan spelas av alla, killar som tjejer, stor eller liten (min 8 \u00e5r). Laserdome har inget med styrka att g\u00f6ra \u2013 det \u00e4r snabbhet, pricks\u00e4kerhet och samarbetsf\u00f6rm\u00e5ga som \u00e4r avg\u00f6rande. Rekommenderad \u00e5lder fr\u00e5n \u00e5tta \u00e5r och upp\u00e5t. Kalaset tar ca en timme och 40 min, fr\u00e5n det att ni kommer tills det \u00e4r dags att g\u00e5 hem.<\/p>\n<p>Minimum antal barn f\u00f6r kalas \u00e4r sex personer!<\/p>\n<\/div><\/section><br \/>\n\n<style type=\"text\/css\" data-created_by=\"avia_inline_auto\" id=\"style-css-av-lg3cat9v-30e3356c5f85b9f20deb5240711c0e7c\">\n#top .hr.hr-invisible.av-lg3cat9v-30e3356c5f85b9f20deb5240711c0e7c{\nheight:30px;\n}\n<\/style>\n<div  class='hr av-lg3cat9v-30e3356c5f85b9f20deb5240711c0e7c hr-invisible  avia-builder-el-6  el_after_av_textblock  el_before_av_codeblock  '><span class='hr-inner '><span class=\"hr-inner-style\"><\/span><\/span><\/div><br \/>\n<br \/>\n<div   data-size='no scaling'  data-lightbox_size='large'  data-animation='slide'  data-conditional_play=''  data-ids='1346,1349,1347,1348'  data-video_counter='0'  data-autoplay='true'  data-bg_slider='false'  data-slide_height=''  data-handle='av_slideshow'  data-interval='5'  data-class=' avia-builder-el-8  el_after_av_codeblock  el_before_av_hr  '  data-el_id=''  data-css_id=''  data-scroll_down=''  data-control_layout='av-control-default'  data-custom_markup=''  data-perma_caption=''  data-autoplay_stopper=''  data-image_attachment=''  data-min_height='0px'  data-lazy_loading='disabled'  data-img_scrset=''  class='avia-slideshow avia-slideshow-2  av-control-default avia-slideshow-no scaling av_slideshow  avia-builder-el-8  el_after_av_codeblock  el_before_av_hr   avia-slide-slider '  itemprop=\"image\" itemscope=\"itemscope\" itemtype=\"https:\/\/schema.org\/ImageObject\" ><ul class='avia-slideshow-inner '  ><li  class=' slide-1 ' ><div data-rel='slideshow-2' class='avia-slide-wrap '   ><img decoding=\"async\" class=\"wp-image-1346 avia-img-lazy-loading-not-1346\"  src=\"https:\/\/www.laserdome-stockholm.se\/kungsholmen\/wp-content\/uploads\/sites\/11\/2017\/08\/Laserdome-kungsholmen-025.jpg\" width=\"0\" height=\"0\" title='Laserdome-kungsholmen-025' alt=''  itemprop=\"thumbnailUrl\"   \/><\/div><\/li><li  class=' slide-2 ' ><div data-rel='slideshow-2' class='avia-slide-wrap '   ><img decoding=\"async\" class=\"wp-image-1349 avia-img-lazy-loading-not-1349\"  src=\"https:\/\/www.laserdome-stockholm.se\/kungsholmen\/wp-content\/uploads\/sites\/11\/2017\/08\/Laserdome-kungsholmen-028.jpg\" width=\"0\" height=\"0\" title='Laserdome-kungsholmen-028' alt=''  itemprop=\"thumbnailUrl\"   \/><\/div><\/li><li  class=' slide-3 ' ><div data-rel='slideshow-2' class='avia-slide-wrap '   ><img decoding=\"async\" class=\"wp-image-1347 avia-img-lazy-loading-not-1347\"  src=\"https:\/\/www.laserdome-stockholm.se\/kungsholmen\/wp-content\/uploads\/sites\/11\/2017\/08\/Laserdome-kungsholmen-026.jpg\" width=\"0\" height=\"0\" title='Laserdome-kungsholmen-026' alt=''  itemprop=\"thumbnailUrl\"   \/><\/div><\/li><li  class=' slide-4 ' ><div data-rel='slideshow-2' class='avia-slide-wrap '   ><img decoding=\"async\" class=\"wp-image-1348 avia-img-lazy-loading-not-1348\"  src=\"https:\/\/www.laserdome-stockholm.se\/kungsholmen\/wp-content\/uploads\/sites\/11\/2017\/08\/Laserdome-kungsholmen-027.jpg\" width=\"0\" height=\"0\" title='Laserdome-kungsholmen-027' alt=''  itemprop=\"thumbnailUrl\"   \/><\/div><\/li><\/ul><div class='avia-slideshow-arrows avia-slideshow-controls' ><a href='#prev' class='prev-slide ' aria-hidden='true' data-av_icon='\ue87c' data-av_iconfont='entypo-fontello'  tabindex='-1'>F\u00f6reg\u00e5ende<\/a><a href='#next' class='next-slide ' aria-hidden='true' data-av_icon='\ue87d' data-av_iconfont='entypo-fontello'  tabindex='-1'>N\u00e4sta<\/a><\/div><div class='avia-slideshow-dots avia-slideshow-controls'><a href='#1' class='goto-slide active' >1<\/a><a href='#2' class='goto-slide ' >2<\/a><a href='#3' class='goto-slide ' >3<\/a><a href='#4' class='goto-slide ' >4<\/a><\/div><\/div><br \/>\n\n<style type=\"text\/css\" data-created_by=\"avia_inline_auto\" id=\"style-css-av-42qjm5-4085aca0dad984347648aa1d53818cc6\">\n#top .hr.hr-invisible.av-42qjm5-4085aca0dad984347648aa1d53818cc6{\nheight:10px;\n}\n<\/style>\n<div  class='hr av-42qjm5-4085aca0dad984347648aa1d53818cc6 hr-invisible  avia-builder-el-9  el_after_av_slideshow  el_before_av_textblock  '><span class='hr-inner '><span class=\"hr-inner-style\"><\/span><\/span><\/div><br \/>\n<section  class='av_textblock_section av-3vknnx-c4fd81b2b07c3312954961e247a55b0d '  itemscope=\"itemscope\" itemtype=\"https:\/\/schema.org\/CreativeWork\" ><div class='avia_textblock av_inherit_color '  itemprop=\"text\" ><h3>Viktig \/ Praktisk information<\/h3>\n<ul>\n<li style=\"list-style-type: none;\">\n<ul>\n<li>Var alltid p\u00e5 plats 15 minuter innan avsatt speltid f\u00f6r att hinna med instruktioner, laguppdelning och bordsplacering.<\/li>\n<li>Kom inte innan er avsatta tid d\u00e5 det f\u00f6rmodligen \u00e4r bokningar innan er alternativt att vi inte har \u00f6ppnat \u00e4nnu.<br \/>\n<!-- Vi har \u00e4ven sojakorv och kycklingkorv f\u00f6r de som inte \u00e4ter vanlig korv. --><\/li>\n<li>Om ni inte bokar Favoriten Hela \u00e4r ni inte garanterade att vara ensamma p\u00e5 arenan.<\/li>\n<\/ul>\n<\/li>\n<\/ul>\n<p><!-- li>Kalasbokningar p\u00e5 s\u00f6ndagar eller mellan 10 och 12 p\u00e5 l\u00f6rdagar f\u00f6rs\u00f6ker vi \u00e5ldersmatcha s\u00e5 \u00e5ldersskillnaden mellan kalasen \u00e4r +\/- 2 \u00e5r. Bokar ni kalas \u00f6vrig tid under fredag och l\u00f6rdag \u00e4r sannolikheten h\u00f6g att ni f\u00e5r spela med andra s\u00e4llskap i blandade \u00e5ldrar.<\/li -->\n<ul>\n<li>Under spelets g\u00e5ng \u00e4r det enbart spelande deltagare som f\u00e5r vistas i arenan, vill ni som f\u00f6r\u00e4ldrar vara med g\u00e5r det utm\u00e4rkt att boka in er f\u00f6r bara spel.<\/li>\n<li>Mer information inf\u00f6r ert bes\u00f6k hittar ni <a href=\"https:\/\/www.laserdome-stockholm.se\/kungsholmen\/om-laserdome\/\"><strong>h\u00e4r \u00bb<\/strong><\/a><\/li>\n<\/ul>\n<\/div><\/section><\/p><\/div><\/div><!--close column table wrapper. Autoclose: 1 -->\n\n<\/div><\/div><\/div><!-- close content main div --><\/div><\/div>\n<style type=\"text\/css\" data-created_by=\"avia_inline_auto\" id=\"style-css-av-6bob1-27b8767d501995951c34a288ee252242\">\n.avia-section.av-6bob1-27b8767d501995951c34a288ee252242{\nbackground-repeat:no-repeat;\nbackground-image:url(https:\/\/www.laserdome-stockholm.se\/kungsholmen\/wp-content\/uploads\/sites\/11\/2017\/08\/bgbild2.jpg);\nbackground-position:50% 50%;\nbackground-attachment:fixed;\n}\n<\/style>\n<div id='av_section_2'  class='avia-section av-6bob1-27b8767d501995951c34a288ee252242 main_color avia-section-default avia-no-shadow  avia-builder-el-11  el_after_av_section  avia-builder-el-last  avia-bg-style-fixed  container_wrap sidebar_right'  data-section-bg-repeat='no-repeat'><div class='container av-section-cont-open' ><div class='template-page content  av-content-small alpha units'><div class='post-entry post-entry-type-page post-entry-413'><div class='entry-content-wrapper clearfix'>\n<div class='flex_column_table av-1lxqql-1b3c7d746aad4f01cfec54537c247184 sc-av_one_full av-equal-height-column-flextable'>\n<style type=\"text\/css\" data-created_by=\"avia_inline_auto\" id=\"style-css-av-1lxqql-1b3c7d746aad4f01cfec54537c247184\">\n#top .flex_column_table.av-equal-height-column-flextable.av-1lxqql-1b3c7d746aad4f01cfec54537c247184{\nmargin-top:0px;\nmargin-bottom:30px;\n}\n.flex_column.av-1lxqql-1b3c7d746aad4f01cfec54537c247184{\nborder-radius:10px 10px 10px 10px;\n-webkit-border-radius:10px 10px 10px 10px;\n-moz-border-radius:10px 10px 10px 10px;\npadding:30px 30px 20px 30px;\nbackground-color:#f6f6f6;\n}\n<\/style>\n<div class='flex_column av-1lxqql-1b3c7d746aad4f01cfec54537c247184 av_one_full  avia-builder-el-12  el_before_av_one_fourth  avia-builder-el-first  first flex_column_table_cell av-equal-height-column av-align-top '   ><section  class='av_textblock_section av-1d3rz9-7a559a03f69e83746e18787b66d36817 '  itemscope=\"itemscope\" itemtype=\"https:\/\/schema.org\/CreativeWork\" ><div class='avia_textblock '  itemprop=\"text\" ><h2 style=\"text-align: center;\"><span style=\"color: #d53737;\">Barnkalaspaket och priser<\/span><\/h2>\n<\/div><\/section><br \/>\n\n<style type=\"text\/css\" data-created_by=\"avia_inline_auto\" id=\"style-css-av-17sydp-97a29102032135d5d1184248077ce6ea\">\n#top .hr.hr-invisible.av-17sydp-97a29102032135d5d1184248077ce6ea{\nheight:20px;\n}\n<\/style>\n<div  class='hr av-17sydp-97a29102032135d5d1184248077ce6ea hr-invisible  avia-builder-el-14  el_after_av_textblock  avia-builder-el-last  '><span class='hr-inner '><span class=\"hr-inner-style\"><\/span><\/span><\/div><\/p><\/div><\/div><!--close column table wrapper. Autoclose: 1 --><div class='flex_column_table av-11gdzh-bc08cf735e4c0a47c66f06ffc709cad0 sc-av_one_fourth av-break-at-tablet-flextable av-equal-height-column-flextable'>\n<style type=\"text\/css\" data-created_by=\"avia_inline_auto\" id=\"style-css-av-11gdzh-bc08cf735e4c0a47c66f06ffc709cad0\">\n#top .flex_column_table.av-equal-height-column-flextable.av-11gdzh-bc08cf735e4c0a47c66f06ffc709cad0{\nmargin-top:0px;\nmargin-bottom:0px;\n}\n.flex_column.av-11gdzh-bc08cf735e4c0a47c66f06ffc709cad0{\nborder-radius:10px 10px 10px 10px;\n-webkit-border-radius:10px 10px 10px 10px;\n-moz-border-radius:10px 10px 10px 10px;\npadding:30px 30px 30px 30px;\nbackground-color:#f6f6f6;\n}\n<\/style>\n<div class='flex_column av-11gdzh-bc08cf735e4c0a47c66f06ffc709cad0 av_one_fourth  avia-builder-el-15  el_after_av_one_full  el_before_av_one_fourth  first av-break-at-tablet flex_column_table_cell av-equal-height-column av-align-top column-top-margin'   ><section  class='av_textblock_section av-uxjid-d82fa951695d214c02e92448f932fc1a '  itemscope=\"itemscope\" itemtype=\"https:\/\/schema.org\/CreativeWork\" ><div class='avia_textblock av_inherit_color '  itemprop=\"text\" ><h3><span style=\"color: #d53737;\">Kalaspaket Favoriten<\/span><\/h3>\n<p><strong>Kalastid ca 1 timme och 30 minuter.<\/strong><\/p>\n<h3><span style=\"color: #d53737;\">Det h\u00e4r ing\u00e5r i ert kalas:<\/span><\/h3>\n<ul>\n<li>2 x 15 minuter Laserdome-spel<\/li>\n<li>Halv italiensk pizza (Margherita) eller T\u00e5rta<\/li>\n<li>Glasstrut<\/li>\n<li>Dryck<\/li>\n<li>Godisp\u00e5se<\/li>\n<li>Individuella po\u00e4nglappar<\/li>\n<\/ul>\n<p><strong>Pris<\/strong><br \/>\n259 kr\/person<\/p>\n<p><strong>Minsta antalet deltagare \u00e4r 6 personer, h\u00f6gst 18.<\/strong><\/p>\n<\/div><\/section><\/div><div class='av-flex-placeholder'><\/div>\n<style type=\"text\/css\" data-created_by=\"avia_inline_auto\" id=\"style-css-av-s5kqt-119697a70df16efa2417853ce754519a\">\n#top .flex_column_table.av-equal-height-column-flextable.av-s5kqt-119697a70df16efa2417853ce754519a{\nmargin-top:0px;\nmargin-bottom:0px;\n}\n.flex_column.av-s5kqt-119697a70df16efa2417853ce754519a{\nborder-radius:10px 10px 10px 10px;\n-webkit-border-radius:10px 10px 10px 10px;\n-moz-border-radius:10px 10px 10px 10px;\npadding:30px 30px 30px 30px;\nbackground-color:#f6f6f6;\n}\n<\/style>\n<div class='flex_column av-s5kqt-119697a70df16efa2417853ce754519a av_one_fourth  avia-builder-el-17  el_after_av_one_fourth  el_before_av_one_fourth  av-break-at-tablet flex_column_table_cell av-equal-height-column av-align-top column-top-margin'   ><section  class='av_textblock_section av-lw6jp-2cd2396296f1c09f88c1dbb810f7c742 '  itemscope=\"itemscope\" itemtype=\"https:\/\/schema.org\/CreativeWork\" ><div class='avia_textblock av_inherit_color '  itemprop=\"text\" ><h3><span style=\"color: #d53737;\">Kalaspaket Favoriten Hela<\/span><\/h3>\n<p><strong>Kalastid 1 timme och 30 minuter.<\/strong><\/p>\n<h3><span style=\"color: #d53737;\">Det h\u00e4r ing\u00e5r i ert kalas:<\/span><\/h3>\n<ul>\n<li>2 x 15 minuter Laserdome-spel i slutet s\u00e4llskap*<\/li>\n<li>Halv italiensk pizza (Margherita) eller T\u00e5rta<\/li>\n<li>Glasstrut<\/li>\n<li>Dryck<\/li>\n<li>Godisp\u00e5se<\/li>\n<li>Individuella po\u00e4nglappar<\/li>\n<\/ul>\n<p>* Slutet s\u00e4llskap inneb\u00e4r att ni \u00e4r helt sj\u00e4lva p\u00e5 arenan och har tillg\u00e5ng till alla v\u00e4star.<\/p>\n<p><strong>Pris<\/strong><br \/>\n2 900 kr f\u00f6r spelen plus 90 kr\/person.<\/p>\n<p><strong>Minsta antalet deltagare \u00e4r 6 personer, h\u00f6gst 18.<\/strong><\/p>\n<\/div><\/section><\/div><div class='av-flex-placeholder'><\/div>\n<style type=\"text\/css\" data-created_by=\"avia_inline_auto\" id=\"style-css-av-ahkwt-e6ac97e8c5125c9ea7851454c4279597\">\n#top .flex_column_table.av-equal-height-column-flextable.av-ahkwt-e6ac97e8c5125c9ea7851454c4279597{\nmargin-top:0px;\nmargin-bottom:0px;\n}\n.flex_column.av-ahkwt-e6ac97e8c5125c9ea7851454c4279597{\nborder-radius:10px 10px 10px 10px;\n-webkit-border-radius:10px 10px 10px 10px;\n-moz-border-radius:10px 10px 10px 10px;\npadding:30px 30px 30px 30px;\nbackground-color:#f6f6f6;\n}\n<\/style>\n<div class='flex_column av-ahkwt-e6ac97e8c5125c9ea7851454c4279597 av_one_fourth  avia-builder-el-19  el_after_av_one_fourth  el_before_av_one_fourth  av-break-at-tablet flex_column_table_cell av-equal-height-column av-align-top column-top-margin'   ><section  class='av_textblock_section av-l7hnjaeq-73a55bef6485f0f5bbd1d1760331bdaa '  itemscope=\"itemscope\" itemtype=\"https:\/\/schema.org\/CreativeWork\" ><div class='avia_textblock av_inherit_color '  itemprop=\"text\" ><h3><span style=\"color: #d53737;\">PizzaParty<\/span><\/h3>\n<p><strong>Kalastid 1,5 &#8211; 2 timmar<\/strong><\/p>\n<h3><span style=\"color: #d53737;\">Det h\u00e4r ing\u00e5r i ert kalas:<\/span><\/h3>\n<ul>\n<li>2 x 15 min Laserdome-spel<\/li>\n<li>Halv italiensk pizza (Margherita)<\/li>\n<li>Dryck<\/li>\n<\/ul>\n<p><strong>Pris:<\/strong><br \/>\n239 kr\/person<\/p>\n<p><strong>Extra spel:<\/strong><br \/>\nSpela ytterligare ett spel, f\u00f6r bara 40 kr extra (279 kr total) f\u00e5r ni allts\u00e5 ett pizzaparty med 3 x 15 min Laserdome-spel.<\/p>\n<p><strong>Minsta antalet deltagare \u00e4r 6 personer, h\u00f6gst 18.<\/strong><\/p>\n<\/div><\/section><\/div><div class='av-flex-placeholder'><\/div>\n<style type=\"text\/css\" data-created_by=\"avia_inline_auto\" id=\"style-css-av-1ct9h-1bcf02092086c3f45576f8e6e978c051\">\n#top .flex_column_table.av-equal-height-column-flextable.av-1ct9h-1bcf02092086c3f45576f8e6e978c051{\nmargin-top:0px;\nmargin-bottom:0px;\n}\n.flex_column.av-1ct9h-1bcf02092086c3f45576f8e6e978c051{\nborder-radius:10px 10px 10px 10px;\n-webkit-border-radius:10px 10px 10px 10px;\n-moz-border-radius:10px 10px 10px 10px;\npadding:30px 30px 30px 30px;\nbackground-color:#f6f6f6;\n}\n<\/style>\n<div class='flex_column av-1ct9h-1bcf02092086c3f45576f8e6e978c051 av_one_fourth  avia-builder-el-21  el_after_av_one_fourth  avia-builder-el-last  av-break-at-tablet flex_column_table_cell av-equal-height-column av-align-top column-top-margin'   ><section  class='av_textblock_section av-8vh39-11e510a707c7d8135d7d128fd0812205 '  itemscope=\"itemscope\" itemtype=\"https:\/\/schema.org\/CreativeWork\" ><div class='avia_textblock av_inherit_color '  itemprop=\"text\" ><h3><span style=\"color: #d53737;\">Boka kalasrummet<\/span><\/h3>\n<p>Man kan hyra kalasrummet och ordna ett eget kalas. D\u00e5 f\u00e5r ni sj\u00e4lva st\u00e5 f\u00f6r maten. Vi ordnar med dukningen. Kravet \u00e4r att alla kalasdeltagarna spelar minst tv\u00e5 spel.<\/p>\n<\/div><\/section><\/div><\/div><!--close column table wrapper. Autoclose: 1 --><\/div><\/div><\/div><!-- close content main div --><\/div><\/div><div id='after_section_2'  class='main_color av_default_container_wrap container_wrap sidebar_right'  ><div class='container av-section-cont-open' ><div class='template-page content  av-content-small alpha units'><div class='post-entry post-entry-type-page post-entry-413'><div class='entry-content-wrapper clearfix'>\n","protected":false},"excerpt":{"rendered":"","protected":false},"author":1,"featured_media":0,"parent":0,"menu_order":0,"comment_status":"closed","ping_status":"closed","template":"","meta":{"footnotes":""},"_links":{"self":[{"href":"https:\/\/www.laserdome-stockholm.se\/kungsholmen\/wp-json\/wp\/v2\/pages\/413"}],"collection":[{"href":"https:\/\/www.laserdome-stockholm.se\/kungsholmen\/wp-json\/wp\/v2\/pages"}],"about":[{"href":"https:\/\/www.laserdome-stockholm.se\/kungsholmen\/wp-json\/wp\/v2\/types\/page"}],"author":[{"embeddable":true,"href":"https:\/\/www.laserdome-stockholm.se\/kungsholmen\/wp-json\/wp\/v2\/users\/1"}],"replies":[{"embeddable":true,"href":"https:\/\/www.laserdome-stockholm.se\/kungsholmen\/wp-json\/wp\/v2\/comments?post=413"}],"version-history":[{"count":103,"href":"https:\/\/www.laserdome-stockholm.se\/kungsholmen\/wp-json\/wp\/v2\/pages\/413\/revisions"}],"predecessor-version":[{"id":5618,"href":"https:\/\/www.laserdome-stockholm.se\/kungsholmen\/wp-json\/wp\/v2\/pages\/413\/revisions\/5618"}],"wp:attachment":[{"href":"https:\/\/www.laserdome-stockholm.se\/kungsholmen\/wp-json\/wp\/v2\/media?parent=413"}],"curies":[{"name":"wp","href":"https:\/\/api.w.org\/{rel}","templated":true}]}}