{"id":10529,"date":"2023-05-29T13:10:42","date_gmt":"2023-05-29T11:10:42","guid":{"rendered":"https:\/\/www.laserdome-stockholm.se\/surbrunnsgatan\/?page_id=10529"},"modified":"2025-08-26T12:39:32","modified_gmt":"2025-08-26T10:39:32","slug":"skolor-foreningar","status":"publish","type":"page","link":"https:\/\/www.laserdome-stockholm.se\/surbrunnsgatan\/skolor-foreningar\/","title":{"rendered":"Skolor &amp; F\u00f6reningar"},"content":{"rendered":"<div id='full_slider_1'  class='avia-fullwidth-slider main_color avia-shadow   avia-builder-el-0  el_before_av_section  avia-builder-el-first   container_wrap sidebar_right'  ><div   data-size='no scaling'  data-lightbox_size='large'  data-animation='fade'  data-conditional_play=''  data-ids='959'  data-video_counter='0'  data-autoplay='true'  data-bg_slider='false'  data-slide_height=''  data-handle='av_slideshow_full'  data-interval='5'  data-class=' '  data-el_id=''  data-css_id=''  data-scroll_down=''  data-control_layout='av-control-default'  data-custom_markup=''  data-perma_caption=''  data-autoplay_stopper=''  data-image_attachment=''  data-min_height='0px'  data-lazy_loading='disabled'  data-src=''  data-position='top left'  data-repeat='no-repeat'  data-attach='scroll'  data-stretch=''  data-img_scrset=''  class='avia-slideshow avia-slideshow-1  av-control-default av-default-height-applied avia-slideshow-no scaling av_slideshow_full   avia-fade-slider '  itemprop=\"image\" itemscope=\"itemscope\" itemtype=\"https:\/\/schema.org\/ImageObject\" ><ul class='avia-slideshow-inner ' style='padding-bottom: 26.041666666667%;' ><li  class=' av-single-slide slide-1 ' ><div data-rel='slideshow-1' class='avia-slide-wrap '   ><img decoding=\"async\" class=\"wp-image-959 avia-img-lazy-loading-not-959\"  src=\"https:\/\/www.laserdome-stockholm.se\/surbrunnsgatan\/wp-content\/uploads\/sites\/9\/2017\/08\/010.jpg\" width=\"1920\" height=\"500\" title='010' alt=''  itemprop=\"thumbnailUrl\" srcset=\"https:\/\/www.laserdome-stockholm.se\/surbrunnsgatan\/wp-content\/uploads\/sites\/9\/2017\/08\/010.jpg 1920w, https:\/\/www.laserdome-stockholm.se\/surbrunnsgatan\/wp-content\/uploads\/sites\/9\/2017\/08\/010-300x78.jpg 300w, https:\/\/www.laserdome-stockholm.se\/surbrunnsgatan\/wp-content\/uploads\/sites\/9\/2017\/08\/010-768x200.jpg 768w, https:\/\/www.laserdome-stockholm.se\/surbrunnsgatan\/wp-content\/uploads\/sites\/9\/2017\/08\/010-1030x268.jpg 1030w, https:\/\/www.laserdome-stockholm.se\/surbrunnsgatan\/wp-content\/uploads\/sites\/9\/2017\/08\/010-1500x391.jpg 1500w, https:\/\/www.laserdome-stockholm.se\/surbrunnsgatan\/wp-content\/uploads\/sites\/9\/2017\/08\/010-705x184.jpg 705w, https:\/\/www.laserdome-stockholm.se\/surbrunnsgatan\/wp-content\/uploads\/sites\/9\/2017\/08\/010-450x117.jpg 450w\" sizes=\"(max-width: 1920px) 100vw, 1920px\" \/><\/div><\/li><\/ul><\/div><\/div>\n<div id='av_section_1'  class='avia-section av-5e3jc1-0a417a5179c5f97d6f098c49ecab2868 main_color avia-section-default avia-no-shadow  avia-builder-el-1  el_after_av_slideshow_full  avia-builder-el-last  avia-bg-style-fixed  container_wrap sidebar_right'  ><div class='container av-section-cont-open' ><div class='template-page content  av-content-small alpha units'><div class='post-entry post-entry-type-page post-entry-10529'><div class='entry-content-wrapper clearfix'>\n\n<style type=\"text\/css\" data-created_by=\"avia_inline_auto\" id=\"style-css-av-174kabl-43347fe750fb499b48221c43873e3793\">\n#top .flex_column.av-174kabl-43347fe750fb499b48221c43873e3793{\nmargin-top:-130px;\nmargin-bottom:50px;\n}\n.flex_column.av-174kabl-43347fe750fb499b48221c43873e3793{\nborder-radius:10px 10px 10px 10px;\n-webkit-border-radius:10px 10px 10px 10px;\n-moz-border-radius:10px 10px 10px 10px;\npadding:30px 30px 30px 30px;\nbackground-color:#313131;\n}\n.responsive #top #wrap_all .flex_column.av-174kabl-43347fe750fb499b48221c43873e3793{\nmargin-top:-130px;\nmargin-bottom:50px;\n}\n<\/style>\n<div class='flex_column av-174kabl-43347fe750fb499b48221c43873e3793 av_one_full  avia-builder-el-2  el_before_av_one_full  avia-builder-el-first  first flex_column_div '   ><style type=\"text\/css\" data-created_by=\"avia_inline_auto\" id=\"style-css-av-li8qye18-55d3ece86f33bb15347077677b7d780e\">\n.av_textblock_section.av-li8qye18-55d3ece86f33bb15347077677b7d780e .avia_textblock{\ncolor:#ffffff;\n}\n<\/style>\n<section  class='av_textblock_section av-li8qye18-55d3ece86f33bb15347077677b7d780e '  itemscope=\"itemscope\" itemtype=\"https:\/\/schema.org\/CreativeWork\" ><div class='avia_textblock av_inherit_color '  itemprop=\"text\" ><h1 style=\"text-align: center;\">Skolor &amp; F\u00f6reningar<\/h1>\n<\/div><\/section><\/div><div class='flex_column_table av-s36ty9-1e8b3924f8faa7d783f75da098fe36b0 sc-av_one_full av-break-at-tablet-flextable av-equal-height-column-flextable'>\n<style type=\"text\/css\" data-created_by=\"avia_inline_auto\" id=\"style-css-av-s36ty9-1e8b3924f8faa7d783f75da098fe36b0\">\n#top .flex_column_table.av-equal-height-column-flextable.av-s36ty9-1e8b3924f8faa7d783f75da098fe36b0{\nmargin-top:0px;\nmargin-bottom:0px;\n}\n.flex_column.av-s36ty9-1e8b3924f8faa7d783f75da098fe36b0{\nborder-radius:10px 10px 10px 10px;\n-webkit-border-radius:10px 10px 10px 10px;\n-moz-border-radius:10px 10px 10px 10px;\npadding:30px 30px 30px 30px;\nbackground-color:#f6f6f6;\n}\n<\/style>\n<div class='flex_column av-s36ty9-1e8b3924f8faa7d783f75da098fe36b0 av_one_full  avia-builder-el-4  el_after_av_one_full  avia-builder-el-last  first av-break-at-tablet flex_column_table_cell av-equal-height-column av-align-top column-top-margin'   id=\"boka-online\"  ><section  class='av_textblock_section av-li8qzh6s-07b15cbcaee3d9d3c21c27666546100b '  itemscope=\"itemscope\" itemtype=\"https:\/\/schema.org\/CreativeWork\" ><div class='avia_textblock av_inherit_color '  itemprop=\"text\" ><h2><span style=\"color: #d53737;\">Skolor &amp; F\u00f6reningar<\/span><\/h2>\n<p>Vi rekommenderar Laserdome \u2013 spel i slutet s\u00e4llskap, vilket inneb\u00e4r att ni \u00e4r helt sj\u00e4lva p\u00e5 arenan.<br \/>\nNu kan ni boka redan fr\u00e5n 08.00 p\u00e5 morgonen. V\u00e4lkomna!<\/p>\n<\/div><\/section><br \/>\n\n<style type=\"text\/css\" data-created_by=\"avia_inline_auto\" id=\"style-css-av-li8qzy4i-a3d3d770da43ad9a7722cbf1c1c3d18b\">\n#top .hr.hr-invisible.av-li8qzy4i-a3d3d770da43ad9a7722cbf1c1c3d18b{\nheight:30px;\n}\n<\/style>\n<div  class='hr av-li8qzy4i-a3d3d770da43ad9a7722cbf1c1c3d18b hr-invisible  avia-builder-el-6  el_after_av_textblock  el_before_av_codeblock  '><span class='hr-inner '><span class=\"hr-inner-style\"><\/span><\/span><\/div><br \/>\n<\/p><\/div><\/div><!--close column table wrapper. Autoclose: 1 --><\/div><\/div><\/div><!-- close content main div --><\/div><\/div><div id='after_section_1'  class='main_color av_default_container_wrap container_wrap sidebar_right'  ><div class='container av-section-cont-open' ><div class='template-page content  av-content-small alpha units'><div class='post-entry post-entry-type-page post-entry-10529'><div class='entry-content-wrapper clearfix'>\n","protected":false},"excerpt":{"rendered":"","protected":false},"author":11,"featured_media":0,"parent":0,"menu_order":0,"comment_status":"closed","ping_status":"closed","template":"","meta":{"footnotes":""},"_links":{"self":[{"href":"https:\/\/www.laserdome-stockholm.se\/surbrunnsgatan\/wp-json\/wp\/v2\/pages\/10529"}],"collection":[{"href":"https:\/\/www.laserdome-stockholm.se\/surbrunnsgatan\/wp-json\/wp\/v2\/pages"}],"about":[{"href":"https:\/\/www.laserdome-stockholm.se\/surbrunnsgatan\/wp-json\/wp\/v2\/types\/page"}],"author":[{"embeddable":true,"href":"https:\/\/www.laserdome-stockholm.se\/surbrunnsgatan\/wp-json\/wp\/v2\/users\/11"}],"replies":[{"embeddable":true,"href":"https:\/\/www.laserdome-stockholm.se\/surbrunnsgatan\/wp-json\/wp\/v2\/comments?post=10529"}],"version-history":[{"count":6,"href":"https:\/\/www.laserdome-stockholm.se\/surbrunnsgatan\/wp-json\/wp\/v2\/pages\/10529\/revisions"}],"predecessor-version":[{"id":11328,"href":"https:\/\/www.laserdome-stockholm.se\/surbrunnsgatan\/wp-json\/wp\/v2\/pages\/10529\/revisions\/11328"}],"wp:attachment":[{"href":"https:\/\/www.laserdome-stockholm.se\/surbrunnsgatan\/wp-json\/wp\/v2\/media?parent=10529"}],"curies":[{"name":"wp","href":"https:\/\/api.w.org\/{rel}","templated":true}]}}