{"id":2714,"date":"2018-05-23T08:04:11","date_gmt":"2018-05-23T06:04:11","guid":{"rendered":"http:\/\/www.laserdome-stockholm.se\/surbrunnsgatan\/?page_id=2714"},"modified":"2018-05-24T15:31:34","modified_gmt":"2018-05-24T13:31:34","slug":"behandling-av-personuppgifter","status":"publish","type":"page","link":"https:\/\/www.laserdome-stockholm.se\/surbrunnsgatan\/behandling-av-personuppgifter\/","title":{"rendered":"Behandling av personuppgifter"},"content":{"rendered":"\n<style type=\"text\/css\" data-created_by=\"avia_inline_auto\" id=\"style-css-av-av_one_full-15d750bd1b332b34c6e70b077ebbccdf\">\n.flex_column.av-av_one_full-15d750bd1b332b34c6e70b077ebbccdf{\nborder-radius:0px 0px 0px 0px;\n-webkit-border-radius:0px 0px 0px 0px;\n-moz-border-radius:0px 0px 0px 0px;\n}\n<\/style>\n<div class='flex_column av-av_one_full-15d750bd1b332b34c6e70b077ebbccdf av_one_full  avia-builder-el-0  avia-builder-el-no-sibling  first flex_column_div av-zero-column-padding '   ><section  class='av_textblock_section av-av_textblock-2bd894dbf2e4bf2c4acf98ce4fbf94aa '  itemscope=\"itemscope\" itemtype=\"https:\/\/schema.org\/CreativeWork\" ><div class='avia_textblock '  itemprop=\"text\" ><h1><strong>Behandling av personuppgifter<\/strong><\/h1>\n<p><a href=\"https:\/\/www.allabolag.se\/5564822541\/laser-game-lg-aktiebolag\">Laser Game LG Aktiebolag<\/a>, orgnr. SE 556482-2541, Surbrunnsgatan 42 113 48 Stockholm, telefon: 08-16 85 10, \u00e4r personuppgiftsansvarig f\u00f6r de uppgifter du som kund l\u00e4mnar till Laserdome Surbrunnsgatan. Laserdome Surbrunnsgatan behandlar personuppgifter i enlighet med Personuppgiftslagen (PUL). Den 25 maj 2018 ers\u00e4tts PuL av Dataskyddsf\u00f6rordningen (EU) 2016\/679.<\/p>\n<h3><strong>Personuppgifter som vi samlar in och behandlar<\/strong><\/h3>\n<p>Vi samlar endast in Personuppgifter som \u00e4r relevanta f\u00f6r din bokning. Den information som kan komma att samlas in \u00e4r t.ex. uppgifter om namn, adress, telefonnummer, e-postadress.<\/p>\n<h3><strong>S\u00e5 h\u00e4r anv\u00e4nder vi dina personuppgifter<\/strong><\/h3>\n<p>Laserdome Surbrunnsgatan anv\u00e4nder Personuppgifter f\u00f6r att:<\/p>\n<ul>\n<li>bearbeta dina bokningar och best\u00e4llningar.<\/li>\n<li>kontakta dig via t.ex. SMS, andra mobila applikationer eller e-post eller f\u00f6r att avisera om din bokningsstatus eller information som ansluter till din bokning f\u00f6re, under och efter din vistelse,<\/li>\n<li>diagnostisera fel, optimera tekniken och kunna kontakta dig i h\u00e4ndelse av problem med en bokning.<\/li>\n<\/ul>\n<p>Du har enligt personuppgiftslagen m\u00f6jlighet att utan kostnad en g\u00e5ng per kalender\u00e5r f\u00e5 information om v\u00e5r behandling av dina uppgifter och kan n\u00e4r som helst beg\u00e4ra r\u00e4ttning av felaktiga uppgifter. Om du inte vill att dina uppgifter skall finnas kvar i v\u00e5rt register, v\u00e4nligen meddela oss detta per e-post (<a href=\"mailto:info@laserdome-stockholm.se\">info@laserdome-stockholm.se<\/a>)<\/p>\n<h3><strong>Utskick av information<\/strong><\/h3>\n<p>N\u00e4r du gjort en bokning hos oss anv\u00e4nder vi dina Personuppgifter f\u00f6r att skicka bokningsbekr\u00e4ftelse, viktig information om den kommande vistelsen och erbjudanden kopplade till vistelsen. S\u00e5dana utskick sker till den e-postadress eller via sms som du l\u00e4mnat i samband med bokning.<\/p>\n<p>Efter vistelsen skickas det ut en enk\u00e4tunders\u00f6kning d\u00e4r vi ber dig svara p\u00e5 fr\u00e5gor om din vistelse f\u00f6r att hj\u00e4lpa oss att f\u00f6rb\u00e4ttra v\u00e5ra tj\u00e4nster. Vi kan ocks\u00e5 skicka e-post d\u00e4r vi tackar f\u00f6r bes\u00f6ket eller be att se \u00f6ver kvargl\u00f6mda saker.<\/p>\n<p>Inf\u00f6r och under vistelsen kan vi, via e-post\/SMS, komma att skicka ut information till den e-postadress och\/eller mobilnummer som har angetts i samband med bokning. Det kan t.ex. vara viktig information inf\u00f6r vistelsen.<\/p>\n<h3><strong>Lagring och \u00f6verf\u00f6ring av personuppgifter<\/strong><\/h3>\n<p><strong>Uppgifterna lagras inte l\u00e4ngre tid \u00e4n tv\u00e5 (2) \u00e5r efter det att kundf\u00f6rh\u00e5llandet upph\u00f6rt<\/strong>. Laserdome Surbrunnsgatan kan l\u00e4mna ut Personuppgifter till tredje man, s\u00e5som t.ex. polis eller annan myndighet, om det r\u00f6r utredning av brott eller om Laserdome Surbrunnsgatan annars \u00e4r skyldigt att l\u00e4mna ut s\u00e5dan uppgift med st\u00f6d av lag eller myndighetsbeslut.<\/p>\n<\/div><\/section><\/div>\n","protected":false},"excerpt":{"rendered":"","protected":false},"author":1,"featured_media":0,"parent":0,"menu_order":0,"comment_status":"closed","ping_status":"closed","template":"","meta":{"footnotes":""},"_links":{"self":[{"href":"https:\/\/www.laserdome-stockholm.se\/surbrunnsgatan\/wp-json\/wp\/v2\/pages\/2714"}],"collection":[{"href":"https:\/\/www.laserdome-stockholm.se\/surbrunnsgatan\/wp-json\/wp\/v2\/pages"}],"about":[{"href":"https:\/\/www.laserdome-stockholm.se\/surbrunnsgatan\/wp-json\/wp\/v2\/types\/page"}],"author":[{"embeddable":true,"href":"https:\/\/www.laserdome-stockholm.se\/surbrunnsgatan\/wp-json\/wp\/v2\/users\/1"}],"replies":[{"embeddable":true,"href":"https:\/\/www.laserdome-stockholm.se\/surbrunnsgatan\/wp-json\/wp\/v2\/comments?post=2714"}],"version-history":[{"count":3,"href":"https:\/\/www.laserdome-stockholm.se\/surbrunnsgatan\/wp-json\/wp\/v2\/pages\/2714\/revisions"}],"predecessor-version":[{"id":2724,"href":"https:\/\/www.laserdome-stockholm.se\/surbrunnsgatan\/wp-json\/wp\/v2\/pages\/2714\/revisions\/2724"}],"wp:attachment":[{"href":"https:\/\/www.laserdome-stockholm.se\/surbrunnsgatan\/wp-json\/wp\/v2\/media?parent=2714"}],"curies":[{"name":"wp","href":"https:\/\/api.w.org\/{rel}","templated":true}]}}