{"id":416,"date":"2017-08-08T11:14:40","date_gmt":"2017-08-08T09:14:40","guid":{"rendered":"http:\/\/laserdome-stockholm.prov.nu\/?page_id=416"},"modified":"2023-09-11T16:28:29","modified_gmt":"2023-09-11T14:28:29","slug":"spel","status":"publish","type":"page","link":"https:\/\/www.laserdome-stockholm.se\/surbrunnsgatan\/spel\/","title":{"rendered":"Spel"},"content":{"rendered":"<div id='full_slider_1'  class='avia-fullwidth-slider main_color avia-shadow   avia-builder-el-0  el_before_av_section  avia-builder-el-first   container_wrap sidebar_right'  ><div   data-size='no scaling'  data-lightbox_size='large'  data-animation='fade'  data-conditional_play=''  data-ids='1324'  data-video_counter='0'  data-autoplay='true'  data-bg_slider='false'  data-slide_height=''  data-handle='av_slideshow_full'  data-interval='5'  data-class=' '  data-el_id=''  data-css_id=''  data-scroll_down=''  data-control_layout='av-control-default'  data-custom_markup=''  data-perma_caption=''  data-autoplay_stopper=''  data-image_attachment=''  data-min_height='0px'  data-lazy_loading='disabled'  data-src=''  data-position='top left'  data-repeat='no-repeat'  data-attach='scroll'  data-stretch=''  data-img_scrset=''  class='avia-slideshow avia-slideshow-1  av-control-default av-default-height-applied avia-slideshow-no scaling av_slideshow_full   avia-fade-slider '  itemprop=\"image\" itemscope=\"itemscope\" itemtype=\"https:\/\/schema.org\/ImageObject\" ><ul class='avia-slideshow-inner ' style='padding-bottom: 26.041666666667%;' ><li  class=' av-single-slide slide-1 ' ><div data-rel='slideshow-1' class='avia-slide-wrap '   ><img decoding=\"async\" class=\"wp-image-1324 avia-img-lazy-loading-not-1324\"  src=\"https:\/\/www.laserdome-stockholm.se\/surbrunnsgatan\/wp-content\/uploads\/sites\/9\/2017\/08\/Laserdome-surbrunnsgatan-016.jpg\" width=\"1920\" height=\"500\" title='Laserdome Surbrunnsgatan' alt=''  itemprop=\"thumbnailUrl\" srcset=\"https:\/\/www.laserdome-stockholm.se\/surbrunnsgatan\/wp-content\/uploads\/sites\/9\/2017\/08\/Laserdome-surbrunnsgatan-016.jpg 1920w, https:\/\/www.laserdome-stockholm.se\/surbrunnsgatan\/wp-content\/uploads\/sites\/9\/2017\/08\/Laserdome-surbrunnsgatan-016-300x78.jpg 300w, https:\/\/www.laserdome-stockholm.se\/surbrunnsgatan\/wp-content\/uploads\/sites\/9\/2017\/08\/Laserdome-surbrunnsgatan-016-768x200.jpg 768w, https:\/\/www.laserdome-stockholm.se\/surbrunnsgatan\/wp-content\/uploads\/sites\/9\/2017\/08\/Laserdome-surbrunnsgatan-016-1030x268.jpg 1030w, https:\/\/www.laserdome-stockholm.se\/surbrunnsgatan\/wp-content\/uploads\/sites\/9\/2017\/08\/Laserdome-surbrunnsgatan-016-1500x391.jpg 1500w, https:\/\/www.laserdome-stockholm.se\/surbrunnsgatan\/wp-content\/uploads\/sites\/9\/2017\/08\/Laserdome-surbrunnsgatan-016-705x184.jpg 705w, https:\/\/www.laserdome-stockholm.se\/surbrunnsgatan\/wp-content\/uploads\/sites\/9\/2017\/08\/Laserdome-surbrunnsgatan-016-450x117.jpg 450w\" sizes=\"(max-width: 1920px) 100vw, 1920px\" \/><\/div><\/li><\/ul><\/div><\/div>\n<div id='av_section_1'  class='avia-section av-bjtgg-cccb57e123246849e9865e1274ab16f9 main_color avia-section-default avia-no-shadow  avia-builder-el-1  el_after_av_slideshow_full  el_before_av_section  avia-bg-style-fixed  container_wrap sidebar_right'  ><div class='container av-section-cont-open' ><div class='template-page content  av-content-small alpha units'><div class='post-entry post-entry-type-page post-entry-416'><div class='entry-content-wrapper clearfix'>\n\n<style type=\"text\/css\" data-created_by=\"avia_inline_auto\" id=\"style-css-av-3506so-ac5b9ad6d3f0267c604944983df034ad\">\n#top .flex_column.av-3506so-ac5b9ad6d3f0267c604944983df034ad{\nmargin-top:-130px;\nmargin-bottom:50px;\n}\n.flex_column.av-3506so-ac5b9ad6d3f0267c604944983df034ad{\nborder-radius:10px 10px 10px 10px;\n-webkit-border-radius:10px 10px 10px 10px;\n-moz-border-radius:10px 10px 10px 10px;\npadding:30px 30px 30px 30px;\nbackground-color:#313131;\n}\n.responsive #top #wrap_all .flex_column.av-3506so-ac5b9ad6d3f0267c604944983df034ad{\nmargin-top:-130px;\nmargin-bottom:50px;\n}\n<\/style>\n<div class='flex_column av-3506so-ac5b9ad6d3f0267c604944983df034ad av_one_full  avia-builder-el-2  el_before_av_one_full  avia-builder-el-first  toppmarginal first flex_column_div '   ><style type=\"text\/css\" data-created_by=\"avia_inline_auto\" id=\"style-css-av-aiufs-d4ce8edbfcdcbec9fae713fac0e98a19\">\n.av_textblock_section.av-aiufs-d4ce8edbfcdcbec9fae713fac0e98a19 .avia_textblock{\ncolor:#ffffff;\n}\n<\/style>\n<section  class='av_textblock_section av-aiufs-d4ce8edbfcdcbec9fae713fac0e98a19 '  itemscope=\"itemscope\" itemtype=\"https:\/\/schema.org\/CreativeWork\" ><div class='avia_textblock av_inherit_color '  itemprop=\"text\" ><h1 style=\"text-align: center\">Spel<\/h1>\n<h3 style=\"text-align: center\"><strong>Laserdome &#8211; Surbrunnsgatan<\/strong><\/h3>\n<\/div><\/section><\/div><div class='flex_column_table av-2pan88-d3bd2f203717617d48105e643e4f6b74 sc-av_one_full av-break-at-tablet-flextable av-equal-height-column-flextable'>\n<style type=\"text\/css\" data-created_by=\"avia_inline_auto\" id=\"style-css-av-2pan88-d3bd2f203717617d48105e643e4f6b74\">\n#top .flex_column_table.av-equal-height-column-flextable.av-2pan88-d3bd2f203717617d48105e643e4f6b74{\nmargin-top:0px;\nmargin-bottom:0px;\n}\n.flex_column.av-2pan88-d3bd2f203717617d48105e643e4f6b74{\nborder-radius:10px 10px 10px 10px;\n-webkit-border-radius:10px 10px 10px 10px;\n-moz-border-radius:10px 10px 10px 10px;\npadding:30px 30px 30px 30px;\nbackground-color:#f6f6f6;\n}\n<\/style>\n<div class='flex_column av-2pan88-d3bd2f203717617d48105e643e4f6b74 av_one_full  avia-builder-el-4  el_after_av_one_full  avia-builder-el-last  first av-break-at-tablet flex_column_table_cell av-equal-height-column av-align-top column-top-margin'   ><section  id=\"boka-online\"  class='av_textblock_section av-2kqak8-a853c6809a8d7f9ede7ad3edca38b60c '  itemscope=\"itemscope\" itemtype=\"https:\/\/schema.org\/CreativeWork\" ><div class='avia_textblock av_inherit_color '  itemprop=\"text\" ><h2><span style=\"color: #d53737\">Spela Laserdome<\/span><\/h2>\n<p>Att spela Laserdome \u00e4r l\u00e4tt och roligt f\u00f6r b\u00e5de barn och vuxna.<\/p>\n<p>H\u00e4r p\u00e5 Surbrunnsgatan har ni m\u00f6jligheten att spela lagspel i allt fr\u00e5n tv\u00e5 till \u00e5tta lag eller alla mot alla. Det finns en m\u00e4ngd olika biljetter ni kan l\u00f6sa, nedan hittar ni information om n\u00e5gra av de vanligaste.<\/p>\n<\/div><\/section><br \/>\n\n<style type=\"text\/css\" data-created_by=\"avia_inline_auto\" id=\"style-css-av-li8jm15x-adc9745db61a61d98ef0738ba1627d52\">\n#top .hr.hr-invisible.av-li8jm15x-adc9745db61a61d98ef0738ba1627d52{\nheight:30px;\n}\n<\/style>\n<div  class='hr av-li8jm15x-adc9745db61a61d98ef0738ba1627d52 hr-invisible  avia-builder-el-6  el_after_av_textblock  el_before_av_codeblock  '><span class='hr-inner '><span class=\"hr-inner-style\"><\/span><\/span><\/div><br \/>\n<\/p><\/div><\/div><!--close column table wrapper. Autoclose: 1 --><\/div><\/div><\/div><!-- close content main div --><\/div><\/div>\n<style type=\"text\/css\" data-created_by=\"avia_inline_auto\" id=\"style-css-av-19auyw-a04e550b5e0d1f42865ec8dfffd20290\">\n.avia-section.av-19auyw-a04e550b5e0d1f42865ec8dfffd20290{\nbackground-repeat:no-repeat;\nbackground-image:url(https:\/\/www.laserdome-stockholm.se\/surbrunnsgatan\/wp-content\/uploads\/sites\/9\/2017\/08\/bgbild2.jpg);\nbackground-position:50% 50%;\nbackground-attachment:fixed;\n}\n<\/style>\n<div id='av_section_2'  class='avia-section av-19auyw-a04e550b5e0d1f42865ec8dfffd20290 main_color avia-section-default avia-no-shadow  avia-builder-el-8  el_after_av_section  avia-builder-el-last  avia-bg-style-fixed  container_wrap sidebar_right'  data-section-bg-repeat='no-repeat'><div class='container av-section-cont-open' ><div class='template-page content  av-content-small alpha units'><div class='post-entry post-entry-type-page post-entry-416'><div class='entry-content-wrapper clearfix'>\n<div class='flex_column_table av-13frfk-efb8acf292df55f59603f7fa67cb036c sc-av_one_half av-break-at-tablet-flextable av-equal-height-column-flextable'>\n<style type=\"text\/css\" data-created_by=\"avia_inline_auto\" id=\"style-css-av-13frfk-efb8acf292df55f59603f7fa67cb036c\">\n#top .flex_column_table.av-equal-height-column-flextable.av-13frfk-efb8acf292df55f59603f7fa67cb036c{\nmargin-top:0px;\nmargin-bottom:0px;\n}\n.flex_column.av-13frfk-efb8acf292df55f59603f7fa67cb036c{\nborder-radius:10px 10px 10px 10px;\n-webkit-border-radius:10px 10px 10px 10px;\n-moz-border-radius:10px 10px 10px 10px;\npadding:30px 30px 30px 30px;\nbackground-color:#f6f6f6;\n}\n<\/style>\n<div class='flex_column av-13frfk-efb8acf292df55f59603f7fa67cb036c av_one_half  avia-builder-el-9  el_before_av_one_half  avia-builder-el-first  first av-break-at-tablet flex_column_table_cell av-equal-height-column av-align-top '   ><section  class='av_textblock_section av-wtum8-f0d082167b21fb7d69f23f1b9a663aee '  itemscope=\"itemscope\" itemtype=\"https:\/\/schema.org\/CreativeWork\" ><div class='avia_textblock av_inherit_color '  itemprop=\"text\" ><h2><span style=\"color: #d53737\">Singelspel<\/span><\/h2>\n<p>V\u00e5rt mest s\u00e5lda spels\u00e4tt, v\u00e4lj mellan ett, tv\u00e5 eller tre spel \u00e1 16 minuter. N\u00e4r ni k\u00f6per singelspel betalar ni per person och det kan vara andra med som spelar, vi tar emot upp till 40 spelare varje omg\u00e5ng.<\/p>\n<p>Ni kan antingen v\u00e4lja att droppa in eller boka, men vi rekommenderar alltid att ni bokar.<\/p>\n<h3>I singelspel ing\u00e5r f\u00f6ljande:<\/h3>\n<ul>\n<li>Instruktioner innan spelstart<\/li>\n<li>Spel i ett, tv\u00e5 eller tre g\u00e5nger 16 minuter<\/li>\n<li>Personliga po\u00e4nglappar<\/li>\n<\/ul>\n<\/div><\/section><\/div><div class='av-flex-placeholder'><\/div>\n<style type=\"text\/css\" data-created_by=\"avia_inline_auto\" id=\"style-css-av-cr5n4-73b49076c634d34b8b4f2ea197f68de4\">\n#top .flex_column_table.av-equal-height-column-flextable.av-cr5n4-73b49076c634d34b8b4f2ea197f68de4{\nmargin-top:0px;\nmargin-bottom:0px;\n}\n.flex_column.av-cr5n4-73b49076c634d34b8b4f2ea197f68de4{\nborder-radius:10px 10px 10px 10px;\n-webkit-border-radius:10px 10px 10px 10px;\n-moz-border-radius:10px 10px 10px 10px;\npadding:30px 30px 30px 30px;\nbackground-color:#f6f6f6;\n}\n<\/style>\n<div class='flex_column av-cr5n4-73b49076c634d34b8b4f2ea197f68de4 av_one_half  avia-builder-el-11  el_after_av_one_half  avia-builder-el-last  av-break-at-tablet flex_column_table_cell av-equal-height-column av-align-top '   ><section  class='av_textblock_section av-adhjc-55bce2bc152f575e71d3169fa59479d4 '  itemscope=\"itemscope\" itemtype=\"https:\/\/schema.org\/CreativeWork\" ><div class='avia_textblock av_inherit_color '  itemprop=\"text\" ><h2><span style=\"color: #d53737\">Slutet s\u00e4llskap<\/span><\/h2>\n<p>\u00c4r ni ett st\u00f6rre s\u00e4llskap eller vill ni ha en intern t\u00e4vling? D\u00e5 \u00e4r slutet s\u00e4llskap valet f\u00f6r er! Ni har tillg\u00e5ng till alla v\u00e5ra 40 v\u00e4star och \u00e4r helt sj\u00e4lva inne p\u00e5 arenan. Priset \u00e4r detsamma oavsett antal deltagare.<\/p>\n<h3>I slutet s\u00e4llskap ing\u00e5r:<\/h3>\n<ul>\n<li>Instruktioner innan spelstart<\/li>\n<li>Spel i ett, tv\u00e5 eller tre g\u00e5nger 16 minuter, d\u00e4r ni \u00e4r ensamma p\u00e5 arenan<\/li>\n<li>Personliga po\u00e4nglappar<\/li>\n<\/ul>\n<\/div><\/section><\/div><\/div><!--close column table wrapper. Autoclose: 1 -->\n<\/div><\/div><\/div><!-- close content main div --><\/div><\/div><div id='after_section_2'  class='main_color av_default_container_wrap container_wrap sidebar_right'  ><div class='container av-section-cont-open' ><div class='template-page content  av-content-small alpha units'><div class='post-entry post-entry-type-page post-entry-416'><div class='entry-content-wrapper clearfix'><\/p>\n","protected":false},"excerpt":{"rendered":"","protected":false},"author":1,"featured_media":0,"parent":0,"menu_order":0,"comment_status":"closed","ping_status":"closed","template":"","meta":{"footnotes":""},"_links":{"self":[{"href":"https:\/\/www.laserdome-stockholm.se\/surbrunnsgatan\/wp-json\/wp\/v2\/pages\/416"}],"collection":[{"href":"https:\/\/www.laserdome-stockholm.se\/surbrunnsgatan\/wp-json\/wp\/v2\/pages"}],"about":[{"href":"https:\/\/www.laserdome-stockholm.se\/surbrunnsgatan\/wp-json\/wp\/v2\/types\/page"}],"author":[{"embeddable":true,"href":"https:\/\/www.laserdome-stockholm.se\/surbrunnsgatan\/wp-json\/wp\/v2\/users\/1"}],"replies":[{"embeddable":true,"href":"https:\/\/www.laserdome-stockholm.se\/surbrunnsgatan\/wp-json\/wp\/v2\/comments?post=416"}],"version-history":[{"count":42,"href":"https:\/\/www.laserdome-stockholm.se\/surbrunnsgatan\/wp-json\/wp\/v2\/pages\/416\/revisions"}],"predecessor-version":[{"id":11087,"href":"https:\/\/www.laserdome-stockholm.se\/surbrunnsgatan\/wp-json\/wp\/v2\/pages\/416\/revisions\/11087"}],"wp:attachment":[{"href":"https:\/\/www.laserdome-stockholm.se\/surbrunnsgatan\/wp-json\/wp\/v2\/media?parent=416"}],"curies":[{"name":"wp","href":"https:\/\/api.w.org\/{rel}","templated":true}]}}