{"id":422,"date":"2017-08-08T11:14:51","date_gmt":"2017-08-08T09:14:51","guid":{"rendered":"http:\/\/laserdome-stockholm.prov.nu\/?page_id=422"},"modified":"2026-02-09T16:51:28","modified_gmt":"2026-02-09T15:51:28","slug":"erbjudanden","status":"publish","type":"page","link":"https:\/\/www.laserdome-stockholm.se\/surbrunnsgatan\/erbjudanden\/","title":{"rendered":"Erbjudanden"},"content":{"rendered":"<div id='full_slider_1'  class='avia-fullwidth-slider main_color avia-shadow   avia-builder-el-0  el_before_av_section  avia-builder-el-first   container_wrap sidebar_right'  ><div   data-size='no scaling'  data-lightbox_size='large'  data-animation='fade'  data-conditional_play=''  data-ids='1334'  data-video_counter='0'  data-autoplay='true'  data-bg_slider='false'  data-slide_height=''  data-handle='av_slideshow_full'  data-interval='5'  data-class=' '  data-el_id=''  data-css_id=''  data-scroll_down=''  data-control_layout='av-control-default'  data-custom_markup=''  data-perma_caption=''  data-autoplay_stopper=''  data-image_attachment=''  data-min_height='0px'  data-lazy_loading='disabled'  data-src=''  data-position='top left'  data-repeat='no-repeat'  data-attach='scroll'  data-stretch=''  data-img_scrset=''  class='avia-slideshow avia-slideshow-1  av-control-default av-default-height-applied avia-slideshow-no scaling av_slideshow_full   avia-fade-slider '  itemprop=\"image\" itemscope=\"itemscope\" itemtype=\"https:\/\/schema.org\/ImageObject\" ><ul class='avia-slideshow-inner ' style='padding-bottom: 26.041666666667%;' ><li  class=' av-single-slide slide-1 ' ><div data-rel='slideshow-1' class='avia-slide-wrap '   ><img decoding=\"async\" class=\"wp-image-1334 avia-img-lazy-loading-not-1334\"  src=\"https:\/\/www.laserdome-stockholm.se\/surbrunnsgatan\/wp-content\/uploads\/sites\/9\/2017\/08\/Laserdome-surbrunnsgatan-019-1.jpg\" width=\"1920\" height=\"500\" title='Laserdome Surbrunnsgatan' alt=''  itemprop=\"thumbnailUrl\" srcset=\"https:\/\/www.laserdome-stockholm.se\/surbrunnsgatan\/wp-content\/uploads\/sites\/9\/2017\/08\/Laserdome-surbrunnsgatan-019-1.jpg 1920w, https:\/\/www.laserdome-stockholm.se\/surbrunnsgatan\/wp-content\/uploads\/sites\/9\/2017\/08\/Laserdome-surbrunnsgatan-019-1-300x78.jpg 300w, https:\/\/www.laserdome-stockholm.se\/surbrunnsgatan\/wp-content\/uploads\/sites\/9\/2017\/08\/Laserdome-surbrunnsgatan-019-1-768x200.jpg 768w, https:\/\/www.laserdome-stockholm.se\/surbrunnsgatan\/wp-content\/uploads\/sites\/9\/2017\/08\/Laserdome-surbrunnsgatan-019-1-1030x268.jpg 1030w, https:\/\/www.laserdome-stockholm.se\/surbrunnsgatan\/wp-content\/uploads\/sites\/9\/2017\/08\/Laserdome-surbrunnsgatan-019-1-1500x391.jpg 1500w, https:\/\/www.laserdome-stockholm.se\/surbrunnsgatan\/wp-content\/uploads\/sites\/9\/2017\/08\/Laserdome-surbrunnsgatan-019-1-705x184.jpg 705w, https:\/\/www.laserdome-stockholm.se\/surbrunnsgatan\/wp-content\/uploads\/sites\/9\/2017\/08\/Laserdome-surbrunnsgatan-019-1-450x117.jpg 450w\" sizes=\"(max-width: 1920px) 100vw, 1920px\" \/><\/div><\/li><\/ul><\/div><\/div>\n<div id='av_section_1'  class='avia-section av-2mrida-8db990eed88ecacdd14ed62bcb9bdd45 main_color avia-section-default avia-no-shadow  avia-builder-el-1  el_after_av_slideshow_full  el_before_av_section  avia-bg-style-fixed  container_wrap sidebar_right'  ><div class='container av-section-cont-open' ><div class='template-page content  av-content-small alpha units'><div class='post-entry post-entry-type-page post-entry-422'><div class='entry-content-wrapper clearfix'>\n\n<style type=\"text\/css\" data-created_by=\"avia_inline_auto\" id=\"style-css-av-2cm9g6-d67e087bd30730f51fe84417fea48f92\">\n#top .flex_column.av-2cm9g6-d67e087bd30730f51fe84417fea48f92{\nmargin-top:-130px;\nmargin-bottom:50px;\n}\n.flex_column.av-2cm9g6-d67e087bd30730f51fe84417fea48f92{\nborder-radius:10px 10px 10px 10px;\n-webkit-border-radius:10px 10px 10px 10px;\n-moz-border-radius:10px 10px 10px 10px;\npadding:30px 30px 30px 30px;\nbackground-color:#313131;\n}\n.responsive #top #wrap_all .flex_column.av-2cm9g6-d67e087bd30730f51fe84417fea48f92{\nmargin-top:-130px;\nmargin-bottom:50px;\n}\n<\/style>\n<div class='flex_column av-2cm9g6-d67e087bd30730f51fe84417fea48f92 av_one_full  avia-builder-el-2  el_before_av_three_fourth  avia-builder-el-first  toppmarginal first flex_column_div '   ><style type=\"text\/css\" data-created_by=\"avia_inline_auto\" id=\"style-css-av-2646r2-23ca79c62ab104e5943238d9958e1d91\">\n.av_textblock_section.av-2646r2-23ca79c62ab104e5943238d9958e1d91 .avia_textblock{\ncolor:#ffffff;\n}\n<\/style>\n<section  class='av_textblock_section av-2646r2-23ca79c62ab104e5943238d9958e1d91 '  itemscope=\"itemscope\" itemtype=\"https:\/\/schema.org\/CreativeWork\" ><div class='avia_textblock av_inherit_color '  itemprop=\"text\" ><h1 style=\"text-align: center;\">Erbjudanden!<\/h1>\n<h3 style=\"text-align: center;\"><strong>Laserdome &#8211; Surbrunnsgatan<\/strong><\/h3>\n<\/div><\/section><\/div>\n<style type=\"text\/css\" data-created_by=\"avia_inline_auto\" id=\"style-css-av-7lo6e-e7a51ecfd079912e7ab80da2b945c826\">\n#top .flex_column.av-7lo6e-e7a51ecfd079912e7ab80da2b945c826{\nmargin-top:25px;\nmargin-bottom:0px;\n}\n.flex_column.av-7lo6e-e7a51ecfd079912e7ab80da2b945c826{\nborder-radius:10px 10px 10px 10px;\n-webkit-border-radius:10px 10px 10px 10px;\n-moz-border-radius:10px 10px 10px 10px;\npadding:30px 30px 30px 30px;\nbackground-color:#f6f6f6;\n}\n.responsive #top #wrap_all .flex_column.av-7lo6e-e7a51ecfd079912e7ab80da2b945c826{\nmargin-top:25px;\nmargin-bottom:0px;\n}\n<\/style>\n<div class='flex_column av-7lo6e-e7a51ecfd079912e7ab80da2b945c826 av_three_fourth  avia-builder-el-4  el_after_av_one_full  el_before_av_one_fourth  first av-break-at-tablet flex_column_div column-top-margin'   id=\"boka-online\"  ><\/div>\n<style type=\"text\/css\" data-created_by=\"avia_inline_auto\" id=\"style-css-av-510j2-8b9c8ca5ddf95c028739080d6ee131cf\">\n#top .flex_column.av-510j2-8b9c8ca5ddf95c028739080d6ee131cf{\nmargin-top:25px;\nmargin-bottom:0px;\n}\n.flex_column.av-510j2-8b9c8ca5ddf95c028739080d6ee131cf{\nborder-radius:10px 10px 10px 10px;\n-webkit-border-radius:10px 10px 10px 10px;\n-moz-border-radius:10px 10px 10px 10px;\npadding:30px 30px 30px 30px;\nbackground-color:#d53737;\n}\n.responsive #top #wrap_all .flex_column.av-510j2-8b9c8ca5ddf95c028739080d6ee131cf{\nmargin-top:25px;\nmargin-bottom:0px;\n}\n<\/style>\n<div class='flex_column av-510j2-8b9c8ca5ddf95c028739080d6ee131cf av_one_fourth  avia-builder-el-6  el_after_av_three_fourth  avia-builder-el-last  av-break-at-tablet flex_column_div column-top-margin'   ><p>\n<style type=\"text\/css\" data-created_by=\"avia_inline_auto\" id=\"style-css-av-b5s26-b4aa4b0ab78a455081ee28197284b941\">\n#top .hr.av-b5s26-b4aa4b0ab78a455081ee28197284b941{\nmargin-top:10px;\nmargin-bottom:20px;\n}\n.hr.av-b5s26-b4aa4b0ab78a455081ee28197284b941 .hr-inner{\nwidth:100%;\nborder-color:#cccccc;\n}\n<\/style>\n<div  class='hr av-b5s26-b4aa4b0ab78a455081ee28197284b941 hr-custom  avia-builder-el-7  el_before_av_font_icon  avia-builder-el-first  hr-center hr-icon-no '><span class='hr-inner inner-border-av-border-thin'><span class=\"hr-inner-style\"><\/span><\/span><\/div><br \/>\n\n<style type=\"text\/css\" data-created_by=\"avia_inline_auto\" id=\"style-css-av-18msgm-8ecff2182b6006c9ba43edbbd0beb321\">\n.av_font_icon.av-18msgm-8ecff2182b6006c9ba43edbbd0beb321{\ncolor:#ffffff;\nborder-color:#ffffff;\n}\n.av_font_icon.av-18msgm-8ecff2182b6006c9ba43edbbd0beb321 .av-icon-char{\nfont-size:60px;\nline-height:60px;\n}\n<\/style>\n<span  class=\"av_font_icon av-18msgm-8ecff2182b6006c9ba43edbbd0beb321 avia_animate_when_visible av-icon-style- avia-icon-pos-center avia-icon-animate \"><span class='av-icon-char' aria-hidden='true' data-av_icon='\ue83f' data-av_iconfont='entypo-fontello' ><\/span><\/span><br \/>\n\n<style type=\"text\/css\" data-created_by=\"avia_inline_auto\" id=\"style-css-av-1206ye-797f11a62187e18265bd2e411c506ddb\">\n#top .hr.hr-invisible.av-1206ye-797f11a62187e18265bd2e411c506ddb{\nheight:20px;\n}\n<\/style>\n<div  class='hr av-1206ye-797f11a62187e18265bd2e411c506ddb hr-invisible  avia-builder-el-9  el_after_av_font_icon  el_before_av_textblock  '><span class='hr-inner '><span class=\"hr-inner-style\"><\/span><\/span><\/div><br \/>\n\n<style type=\"text\/css\" data-created_by=\"avia_inline_auto\" id=\"style-css-av-uj4zy-727a65363949aa7097f0c881f8805794\">\n.av_textblock_section.av-uj4zy-727a65363949aa7097f0c881f8805794 .avia_textblock{\ncolor:#ffffff;\n}\n<\/style>\n<section  class='av_textblock_section av-uj4zy-727a65363949aa7097f0c881f8805794 '  itemscope=\"itemscope\" itemtype=\"https:\/\/schema.org\/CreativeWork\" ><div class='avia_textblock av_inherit_color '  itemprop=\"text\" ><h3 style=\"text-align: center;\">Aktuellt just nu<\/h3>\n<p style=\"text-align: center;\">H\u00e4r hittar du aktuella nyheter och erbjudanden fr\u00e5n oss p\u00e5 Laserdome Surbrunnsgatan.<\/p>\n<\/div><\/section><br \/>\n\n<style type=\"text\/css\" data-created_by=\"avia_inline_auto\" id=\"style-css-av-sxjp2-1868f02618985338b71b32f25f2a42d3\">\n#top .hr.av-sxjp2-1868f02618985338b71b32f25f2a42d3{\nmargin-top:10px;\nmargin-bottom:20px;\n}\n.hr.av-sxjp2-1868f02618985338b71b32f25f2a42d3 .hr-inner{\nwidth:100%;\nborder-color:#cccccc;\n}\n<\/style>\n<div  class='hr av-sxjp2-1868f02618985338b71b32f25f2a42d3 hr-custom  avia-builder-el-11  el_after_av_textblock  avia-builder-el-last  hr-center hr-icon-no '><span class='hr-inner inner-border-av-border-thin'><span class=\"hr-inner-style\"><\/span><\/span><\/div><\/p><\/div><\/div><\/div><\/div><!-- close content main div --><\/div><\/div><div id='av_section_2'  class='avia-section av-luqxy9x5-cfbc75a1f35aa34156f8055c18e63580 main_color avia-section-default avia-no-border-styling  avia-builder-el-12  el_after_av_section  avia-builder-el-last  avia-bg-style-scroll  av-desktop-hide av-medium-hide av-small-hide av-mini-hide container_wrap sidebar_right'  ><div class='container av-section-cont-open' ><div class='template-page content  av-content-small alpha units'><div class='post-entry post-entry-type-page post-entry-422'><div class='entry-content-wrapper clearfix'>\n\n<style type=\"text\/css\" data-created_by=\"avia_inline_auto\" id=\"style-css-av-9z1ha-a98816af2f7f396d2e04ba520a96e059\">\n#top .flex_column.av-9z1ha-a98816af2f7f396d2e04ba520a96e059{\nmargin-top:0px;\nmargin-bottom:0px;\n}\n.flex_column.av-9z1ha-a98816af2f7f396d2e04ba520a96e059{\nborder-radius:10px 10px 10px 10px;\n-webkit-border-radius:10px 10px 10px 10px;\n-moz-border-radius:10px 10px 10px 10px;\npadding:30px 30px 30px 30px;\nbackground-color:#f6f6f6;\n}\n.responsive #top #wrap_all .flex_column.av-9z1ha-a98816af2f7f396d2e04ba520a96e059{\nmargin-top:0px;\nmargin-bottom:0px;\n}\n<\/style>\n<div class='flex_column av-9z1ha-a98816af2f7f396d2e04ba520a96e059 av_two_third  avia-builder-el-13  el_before_av_one_third  avia-builder-el-first  first av-break-at-tablet flex_column_div '   ><section  class='av_textblock_section av-m2bpzgd3-32d3edc62d17d345b326a6f97e661812 '  itemscope=\"itemscope\" itemtype=\"https:\/\/schema.org\/CreativeWork\" ><div class='avia_textblock '  itemprop=\"text\" ><h3><span style=\"color: #d53737;\">Just nu har vi inga erbjudanden<\/span><\/h3>\n<\/div><\/section><\/div>\n<style type=\"text\/css\" data-created_by=\"avia_inline_auto\" id=\"style-css-av-e4qda-fb1678a5b67920b27f741599a686d5ee\">\n#top .flex_column.av-e4qda-fb1678a5b67920b27f741599a686d5ee{\nmargin-top:0px;\nmargin-bottom:0px;\n}\n.flex_column.av-e4qda-fb1678a5b67920b27f741599a686d5ee{\nborder-radius:10px 10px 10px 10px;\n-webkit-border-radius:10px 10px 10px 10px;\n-moz-border-radius:10px 10px 10px 10px;\npadding:30px 30px 30px 30px;\nbackground-color:#f6f6f6;\n}\n.responsive #top #wrap_all .flex_column.av-e4qda-fb1678a5b67920b27f741599a686d5ee{\nmargin-top:0px;\nmargin-bottom:0px;\n}\n<\/style>\n<div class='flex_column av-e4qda-fb1678a5b67920b27f741599a686d5ee av_one_third  avia-builder-el-15  el_after_av_two_third  el_before_av_textblock  av-break-at-tablet flex_column_div '   ><section  class='av_textblock_section av-lnu9f5el-3edbe7284f99e480c4903ce8c2ee8151 '  itemscope=\"itemscope\" itemtype=\"https:\/\/schema.org\/CreativeWork\" ><div class='avia_textblock '  itemprop=\"text\" ><h3><span style=\"color: #d53737;\">P\u00e5sklovspass<\/span><\/h3>\n<p>Under vardagarna p\u00e5 p\u00e5sklovet s\u00e5 kommer vi att ha drop-in.<br \/>\nSpela s\u00e5 mycket Laserdome ni kan, vill och orkar i hela 3 timmar f\u00f6r enbart 219:-\/person.<br \/>\nI samband med betalningen kommer ni att f\u00e5 ett band som f\u00e4sts runt armen. Armbandet \u00e4r giltigt under ett pass (3-timmar).<br \/>\nMan \u00e4r aldrig garanterad att spela exakt varje spel under sitt 3-timmarspass utan man kan komma att f\u00e5 vila enstaka spel.<br \/>\nVi har begr\u00e4nsat antal platser, s\u00e5 det \u00e4r f\u00f6rst till kvarn som g\u00e4ller, erbjudandet <strong>kan<\/strong> f\u00f6rbokas antingen via telefon eller <a href=\"https:\/\/www.laserdome-stockholm.se\/surbrunnsgatan\/erbjudanden\/#boka-online\">onlinebokning<\/a> nedan.<\/p>\n<\/div><\/section><\/div><section  class='av_textblock_section av-be3fy-f67cf0c0956b8f6667675ac3e0c6511d '  itemscope=\"itemscope\" itemtype=\"https:\/\/schema.org\/CreativeWork\" ><div class='avia_textblock '  itemprop=\"text\" ><h3><span style=\"color: #d53737;\">H\u00f6stlovspass<\/span><\/h3>\n<p>Under vardagarna och f\u00f6rsta helgen p\u00e5 h\u00f6stlovet s\u00e5 kommer vi att ha drop-in.<br \/>\nSpela s\u00e5 mycket Laserdome ni kan, vill och orkar i hela 3 timmar f\u00f6r enbart 219:-\/person.<br \/>\nI samband med betalningen kommer ni att f\u00e5 ett band som f\u00e4sts runt armen. Armbandet \u00e4r giltigt under ett pass (3-timmar).<br \/>\nMan \u00e4r aldrig garanterad att spela exakt varje spel under sitt 3-timmarspass utan man kan komma att f\u00e5 vila enstaka spel.<br \/>\nErbjudandet g\u00e4ller p\u00e5 Laserdome Surbrunnsgatan, l\u00f6rdag 25\/10 t.o.m. s\u00f6ndag 2\/11. Vi har begr\u00e4nsat antal platser, s\u00e5 det \u00e4r f\u00f6rst till kvarn som g\u00e4ller, erbjudandet <strong>kan<\/strong> f\u00f6rbokas antingen online h\u00e4r nedan.<\/p>\n<\/div><\/section>\n\n<style type=\"text\/css\" data-created_by=\"avia_inline_auto\" id=\"style-css-av-1jvwe-f8a5ce8a5f65293168f7dd1d5adc5ef5\">\n#top .flex_column.av-1jvwe-f8a5ce8a5f65293168f7dd1d5adc5ef5{\nmargin-top:0px;\nmargin-bottom:0px;\n}\n.flex_column.av-1jvwe-f8a5ce8a5f65293168f7dd1d5adc5ef5{\nborder-radius:10px 10px 10px 10px;\n-webkit-border-radius:10px 10px 10px 10px;\n-moz-border-radius:10px 10px 10px 10px;\npadding:30px 30px 30px 30px;\nbackground-color:#f6f6f6;\n}\n.responsive #top #wrap_all .flex_column.av-1jvwe-f8a5ce8a5f65293168f7dd1d5adc5ef5{\nmargin-top:0px;\nmargin-bottom:0px;\n}\n<\/style>\n<div class='flex_column av-1jvwe-f8a5ce8a5f65293168f7dd1d5adc5ef5 av_one_third  avia-builder-el-18  el_after_av_textblock  el_before_av_one_third  first av-break-at-tablet flex_column_div column-top-margin'   ><section  class='av_textblock_section av-9g3dq-8c4f851f31e23c696bfff5b0973ebb7d '  itemscope=\"itemscope\" itemtype=\"https:\/\/schema.org\/CreativeWork\" ><div class='avia_textblock '  itemprop=\"text\" ><h3><span style=\"color: #d53737;\">L\u00f6rdagspass<\/span><\/h3>\n<p>Spela s\u00e5 mycket ni kan, vill och orkar i hela 3 timmar f\u00f6r enbart 219:-\/person.<br \/>\nVarje l\u00f6rdag kommer vi ha ett 3-timmarspass man kan spela mellan klockan 18.00 och 23.00.<\/p>\n<p>Erbjudandet g\u00e4ller p\u00e5 Laserdome Surbrunnsgatan. Vi har begr\u00e4nsat antal platser, s\u00e5 det \u00e4r f\u00f6rst till kvarn som g\u00e4ller, erbjudandet <strong>kan<\/strong> f\u00f6rbokas antingen via telefon eller h\u00e4r nedan.<br \/>\nHandsprit finns det gott om och visir finns att l\u00e5na till den som \u00e4r orolig.<\/p>\n<\/div><\/section><\/div>\n<style type=\"text\/css\" data-created_by=\"avia_inline_auto\" id=\"style-css-av-pxb3a-8cf1ae2f1c20aadc50c9675125192cd9\">\n#top .flex_column.av-pxb3a-8cf1ae2f1c20aadc50c9675125192cd9{\nmargin-top:0px;\nmargin-bottom:0px;\n}\n.flex_column.av-pxb3a-8cf1ae2f1c20aadc50c9675125192cd9{\nborder-radius:10px 10px 10px 10px;\n-webkit-border-radius:10px 10px 10px 10px;\n-moz-border-radius:10px 10px 10px 10px;\npadding:30px 30px 30px 30px;\nbackground-color:#f6f6f6;\n}\n.responsive #top #wrap_all .flex_column.av-pxb3a-8cf1ae2f1c20aadc50c9675125192cd9{\nmargin-top:0px;\nmargin-bottom:0px;\n}\n<\/style>\n<div class='flex_column av-pxb3a-8cf1ae2f1c20aadc50c9675125192cd9 av_one_third  avia-builder-el-20  el_after_av_one_third  el_before_av_textblock  av-break-at-tablet flex_column_div column-top-margin'   ><section  class='av_textblock_section av-ixp7y-951886c3720a7447eaf2e40ade595a2c '  itemscope=\"itemscope\" itemtype=\"https:\/\/schema.org\/CreativeWork\" ><div class='avia_textblock '  itemprop=\"text\" ><h3><span style=\"color: #d53737;\">S\u00f6ndagspass<\/span><\/h3>\n<p>Spela s\u00e5 mycket ni kan, vill och orkar i hela 3 timmar f\u00f6r enbart 219:-\/person.<br \/>\nVarje s\u00f6ndag kommer vi ha ett 3-timmarspass man kan spela mellan 17.00-20.00.<\/p>\n<p>Erbjudandet g\u00e4ller p\u00e5 Laserdome Surbrunnsgatan. Vi har begr\u00e4nsat antal platser, s\u00e5 det \u00e4r f\u00f6rst till kvarn som g\u00e4ller, erbjudandet <strong>kan<\/strong> f\u00f6rbokas antingen via telefon eller h\u00e4r nedan.<br \/>\nHandsprit finns det gott om och visir finns att l\u00e5na till den som \u00e4r orolig.<\/p>\n<\/div><\/section><\/div><section  class='av_textblock_section av-mbaminsv-bbd7ab63c7c22b82a8b4fd5213258044 '  itemscope=\"itemscope\" itemtype=\"https:\/\/schema.org\/CreativeWork\" ><div class='avia_textblock '  itemprop=\"text\" ><h3><span style=\"color: #d53737;\">Spela mycket! K\u00f6p ett Dagpass eller Kv\u00e4llspass!<\/span><\/h3>\n<\/div><\/section>\n<section  class='av_textblock_section av-6n6ny-a23ad20a9fcfd92c1085d1bb042c548d '  itemscope=\"itemscope\" itemtype=\"https:\/\/schema.org\/CreativeWork\" ><div class='avia_textblock '  itemprop=\"text\" ><h3><span style=\"color: #d53737;\">Spendera ditt lov hos oss!<\/span><\/h3>\n<p>Under lovet s\u00e5 kommer vi att ha drop-in.<br \/>\nSpela s\u00e5 mycket Laserdome ni kan, vill och orkar i hela 3 timmar f\u00f6r enbart 219:-\/person.<br \/>\nI samband med betalningen kommer ni att f\u00e5 ett band som f\u00e4sts runt armen. Armbandet \u00e4r giltigt under ett pass (3-timmar).<br \/>\nMan \u00e4r aldrig garanterad att spela exakt varje spel under sitt 3-timmarspass utan man kan komma att f\u00e5 vila enstaka spel.<br \/>\nVi har begr\u00e4nsat antal platser, s\u00e5 det \u00e4r f\u00f6rst till kvarn som g\u00e4ller, erbjudandet kan f\u00f6rbokas antingen via telefon eller onlinebokning nedan.<\/p>\n<h3><span style=\"color: #d53737;\">R\u00e4cker inte det? Vill du spela \u00e4nnu mer?!<\/span><\/h3>\n<p>Nu kan man k\u00f6pa lovveckopass. Spela hela lovet f\u00f6r bara 399:-\/person.<\/p>\n<\/div><\/section>\n<section  class='av_textblock_section av-jtrji-776d6f3a817cdc6e7b98b2dbee01c295 '  itemscope=\"itemscope\" itemtype=\"https:\/\/schema.org\/CreativeWork\" ><div class='avia_textblock '  itemprop=\"text\" ><h3><span style=\"color: #d53737;\">Spendera din sommar hos oss!<\/span><\/h3>\n<p>K\u00f6p ett sommarpass!<br \/>\nEtt sommarpass g\u00e4ller mellan 16 juni och 16 augusti och kostar 599kr per person. Sommarpassen \u00e4r personliga och l\u00e5ter dig spela s\u00e5 mycket du kan vill och orkar h\u00e4r p\u00e5 Laserdome Vasastan eller den arena du k\u00f6per den p\u00e5 under den perioden 16 juni till 16 augusti. Bokade singelspelare g\u00e5r alltid f\u00f6re och \u00e4r det fullbokat eller har n\u00e5gon bokat hela arenan s\u00e5 kan man tyv\u00e4rr inte spela. Passen finns att k\u00f6pa hos oss p\u00e5 Laserdome Vasastan(eller hos Bromma, Kungsholmen eller T\u00e4by)<\/p>\n<h3><span style=\"color: #d53737;\">Vill du inte vara begr\u00e4nsad till en arena i sommar?<\/span><\/h3>\n<p>D\u00e5 kan du k\u00f6pa megapasset. Samma regler g\u00e4ller som f\u00f6r sommarpasset men passet g\u00e4ller p\u00e5 Laserdome Bromma, Kungsholmen, T\u00e4by och Vasastan. Passet kostar 799kr och \u00e4r precis som sommarpasset personligt.<\/p>\n<\/div><\/section>\n<section  class='av_textblock_section av-8vjeu-e648f0c87f2bbe819856ab6ea03de7ac '  itemscope=\"itemscope\" itemtype=\"https:\/\/schema.org\/CreativeWork\" ><div class='avia_textblock '  itemprop=\"text\" ><h3><span style=\"color: #d53737;\">K\u00f6p presentkort i sommar!<\/span><\/h3>\n<p>Upp till 30% rabatt vid anv\u00e4nding av rabattkod \u201dsommar\u201d.<br \/>\n<a href=\"https:\/\/www.laserdome-stockholm.se\/surbrunnsgatan\/presentkort\/\">Klicka H\u00c4R f\u00f6r att komma till presentkorten!<\/a><\/p>\n<\/div><\/section>\n<\/div><\/div><\/div><!-- close content main div --><\/div><\/div><div id='after_section_2'  class='main_color av_default_container_wrap container_wrap sidebar_right'  ><div class='container av-section-cont-open' ><div class='template-page content  av-content-small alpha units'><div class='post-entry post-entry-type-page post-entry-422'><div class='entry-content-wrapper clearfix'><\/p>\n","protected":false},"excerpt":{"rendered":"","protected":false},"author":1,"featured_media":0,"parent":0,"menu_order":0,"comment_status":"closed","ping_status":"closed","template":"","meta":{"footnotes":""},"_links":{"self":[{"href":"https:\/\/www.laserdome-stockholm.se\/surbrunnsgatan\/wp-json\/wp\/v2\/pages\/422"}],"collection":[{"href":"https:\/\/www.laserdome-stockholm.se\/surbrunnsgatan\/wp-json\/wp\/v2\/pages"}],"about":[{"href":"https:\/\/www.laserdome-stockholm.se\/surbrunnsgatan\/wp-json\/wp\/v2\/types\/page"}],"author":[{"embeddable":true,"href":"https:\/\/www.laserdome-stockholm.se\/surbrunnsgatan\/wp-json\/wp\/v2\/users\/1"}],"replies":[{"embeddable":true,"href":"https:\/\/www.laserdome-stockholm.se\/surbrunnsgatan\/wp-json\/wp\/v2\/comments?post=422"}],"version-history":[{"count":189,"href":"https:\/\/www.laserdome-stockholm.se\/surbrunnsgatan\/wp-json\/wp\/v2\/pages\/422\/revisions"}],"predecessor-version":[{"id":11527,"href":"https:\/\/www.laserdome-stockholm.se\/surbrunnsgatan\/wp-json\/wp\/v2\/pages\/422\/revisions\/11527"}],"wp:attachment":[{"href":"https:\/\/www.laserdome-stockholm.se\/surbrunnsgatan\/wp-json\/wp\/v2\/media?parent=422"}],"curies":[{"name":"wp","href":"https:\/\/api.w.org\/{rel}","templated":true}]}}