{"id":425,"date":"2017-08-08T11:14:56","date_gmt":"2017-08-08T09:14:56","guid":{"rendered":"http:\/\/laserdome-stockholm.prov.nu\/?page_id=425"},"modified":"2023-09-19T15:53:02","modified_gmt":"2023-09-19T13:53:02","slug":"kontakt","status":"publish","type":"page","link":"https:\/\/www.laserdome-stockholm.se\/surbrunnsgatan\/kontakt\/","title":{"rendered":"Kontakt"},"content":{"rendered":"\n<div id='av_section_1'  class='avia-section av-3i86lt-d5700de4cf99a60c8af7821c9921b314 main_color avia-section-default avia-no-shadow  avia-builder-el-1  el_after_av_google_map  avia-builder-el-last  avia-bg-style-fixed  container_wrap sidebar_right'  ><div class='container av-section-cont-open' ><div class='template-page content  av-content-small alpha units'><div class='post-entry post-entry-type-page post-entry-425'><div class='entry-content-wrapper clearfix'>\n\n<style type=\"text\/css\" data-created_by=\"avia_inline_auto\" id=\"style-css-av-3g1wpd-add814cf20e778a192d34aa7473f9598\">\n#top .flex_column.av-3g1wpd-add814cf20e778a192d34aa7473f9598{\nmargin-top:-130px;\nmargin-bottom:50px;\n}\n.flex_column.av-3g1wpd-add814cf20e778a192d34aa7473f9598{\nborder-radius:10px 10px 10px 10px;\n-webkit-border-radius:10px 10px 10px 10px;\n-moz-border-radius:10px 10px 10px 10px;\npadding:30px 30px 30px 30px;\nbackground-color:#313131;\n}\n.responsive #top #wrap_all .flex_column.av-3g1wpd-add814cf20e778a192d34aa7473f9598{\nmargin-top:-130px;\nmargin-bottom:50px;\n}\n<\/style>\n<div class='flex_column av-3g1wpd-add814cf20e778a192d34aa7473f9598 av_one_full  avia-builder-el-2  el_before_av_two_third  avia-builder-el-first  toppmarginal first flex_column_div '   ><style type=\"text\/css\" data-created_by=\"avia_inline_auto\" id=\"style-css-av-3747op-41c87e8784c7d7d228ef66d288217dca\">\n.av_textblock_section.av-3747op-41c87e8784c7d7d228ef66d288217dca .avia_textblock{\ncolor:#ffffff;\n}\n<\/style>\n<section  class='av_textblock_section av-3747op-41c87e8784c7d7d228ef66d288217dca '  itemscope=\"itemscope\" itemtype=\"https:\/\/schema.org\/CreativeWork\" ><div class='avia_textblock av_inherit_color '  itemprop=\"text\" ><h1 style=\"text-align: center\">Kontakta oss<\/h1>\n<h3 style=\"text-align: center\"><strong>Laserdome &#8211; Surbrunnsgatan<\/strong><\/h3>\n<\/div><\/section><\/div><div class='flex_column_table av-32r8g9-13c68e47e323d18e85a5e5d35508026b sc-av_two_third av-break-at-tablet-flextable av-equal-height-column-flextable'>\n<style type=\"text\/css\" data-created_by=\"avia_inline_auto\" id=\"style-css-av-32r8g9-13c68e47e323d18e85a5e5d35508026b\">\n#top .flex_column_table.av-equal-height-column-flextable.av-32r8g9-13c68e47e323d18e85a5e5d35508026b{\nmargin-top:0px;\nmargin-bottom:0px;\n}\n.flex_column.av-32r8g9-13c68e47e323d18e85a5e5d35508026b{\nborder-width:2px;\nborder-color:#f6f6f6;\nborder-style:solid;\nborder-radius:10px 10px 10px 10px;\n-webkit-border-radius:10px 10px 10px 10px;\n-moz-border-radius:10px 10px 10px 10px;\npadding:30px 30px 30px 30px;\n}\n<\/style>\n<div class='flex_column av-32r8g9-13c68e47e323d18e85a5e5d35508026b av_two_third  avia-builder-el-4  el_after_av_one_full  el_before_av_one_third  first av-break-at-tablet flex_column_table_cell av-equal-height-column av-align-top column-top-margin'   ><section  class='av_textblock_section av-2y5gux-54bf714b8c9c32614d6b6f7bda5b48a0 '  itemscope=\"itemscope\" itemtype=\"https:\/\/schema.org\/CreativeWork\" ><div class='avia_textblock av_inherit_color '  itemprop=\"text\" ><h2 style=\"text-align: left\"><span style=\"color: #d53737\">Fr\u00e5gor?<\/span><\/h2>\n<p>Observera, att f\u00e4lt markerade med en stj\u00e4rna * \u00e4r obligatoriska.<\/p>\n<h3 style=\"text-align: center\"><\/h3>\n<\/div><\/section><br \/>\n\n<style type=\"text\/css\" data-created_by=\"avia_inline_auto\" id=\"style-css-av-9sz49-bdf86034b55fe2891e3e7cab274f6bb2\">\n#top .hr.hr-invisible.av-9sz49-bdf86034b55fe2891e3e7cab274f6bb2{\nheight:10px;\n}\n<\/style>\n<div  class='hr av-9sz49-bdf86034b55fe2891e3e7cab274f6bb2 hr-invisible  avia-builder-el-6  el_after_av_textblock  el_before_av_contact  '><span class='hr-inner '><span class=\"hr-inner-style\"><\/span><\/span><\/div><br \/>\n<form action=\"https:\/\/www.laserdome-stockholm.se\/surbrunnsgatan\/kontakt\/\" method=\"post\"  class=\"avia_ajax_form av-form-labels-visible   avia-builder-el-7  el_after_av_hr  avia-builder-el-last   \" data-avia-form-id=\"1\" data-avia-redirect='' ><fieldset><p class='  first_form  form_element form_element_half' id='element_avia_1_1'><label for=\"avia_1_1\">Namn<\/label> <input name=\"avia_1_1\" class=\"text_input \" type=\"text\" id=\"avia_1_1\" value=\"\" \/><\/p><p class='  form_element form_element_half' id='element_avia_2_1'><label for=\"avia_2_1\">E-post <abbr class=\"required\" title=\"required\">*<\/abbr><\/label> <input name=\"avia_2_1\" class=\"text_input is_email\" type=\"text\" id=\"avia_2_1\" value=\"\" \/><\/p><p class='  first_form  form_element form_fullwidth' id='element_avia_3_1'><label for=\"avia_3_1\" class=\"textare_label hidden textare_label_avia_3_1\">Meddelande<\/label><textarea  name=\"avia_3_1\" class=\"text_area \" cols=\"40\" rows=\"7\" id=\"avia_3_1\" ><\/textarea><\/p><p class='  first_form  form_element form_fullwidth' id='element_avia_4_1'><input  name=\"avia_4_1\" class=\"input_checkbox \" type=\"checkbox\" id=\"avia_4_1\" value=\"true\"\/><label class=\"input_checkbox_label\" for=\"avia_4_1\">Jag vill ta del av erbjudande via SMS<\/label><\/p><p class='  first_form  form_element form_fullwidth' id='element_avia_5_1'><input  name=\"avia_5_1\" class=\"input_checkbox \" type=\"checkbox\" id=\"avia_5_1\" value=\"true\"\/><label class=\"input_checkbox_label\" for=\"avia_5_1\">Jag vill ta del av erbjudande via e-post<\/label><\/p><p class='  first_form  form_element form_fullwidth' id='element_avia_6_1'><input  name=\"avia_6_1\" class=\"input_checkbox \" type=\"checkbox\" id=\"avia_6_1\" value=\"true\"\/><label class=\"input_checkbox_label\" for=\"avia_6_1\">Jag har l\u00e4st och \u00e4r inf\u00f6rst\u00e5dd med v\u00e5r <a href=\"\/surbrunnsgatan\/behandling-av-personuppgifter\/\" target=\"_blank\" rel=\"noopener\">personuppgiftspolicy<\/a><\/label><\/p><p class=\"hidden\"><input type=\"text\" name=\"avia_7_1\" class=\"hidden \" id=\"avia_7_1\" value=\"\" \/><\/p><div id='avia_8_1' class='av-recaptcha-area  first_form  form_element form_fullwidth '  data-container_class=\"\" data-custom_class=\"\" data-context=\"av_contact_form\" data-token_input=\"av_recaptcha_token\" data-version=\"avia_recaptcha_v2\" data-theme=\"light\" data-size=\"normal\" data-score=\"0.5\" data-text_to_preview=\"\" data-value=\"\"><div class=\"av-google-badge-message hidden\">This site is protected by reCAPTCHA and the Google <a href=\"https:\/\/policies.google.com\/privacy\">Privacy Policy<\/a> and <a href=\"https:\/\/policies.google.com\/terms\">Terms of Service<\/a> apply.<\/div><\/div><p class=\"form_element \"><input type=\"hidden\" value=\"1\" name=\"avia_generated_form1\" \/><input type=\"submit\" value=\"Skicka\" class=\"button\"  data-sending-label=\"Sending\"\/><\/p><\/fieldset><div class=\"avia-disabled-form\">This contact form is deactivated because you refused to accept Google reCaptcha service which is necessary to validate any messages sent by the form.<\/div><\/form><div id=\"ajaxresponse_1\" class=\"ajaxresponse ajaxresponse_1 hidden\"><\/div><\/p><\/div><div class='av-flex-placeholder'><\/div>\n<style type=\"text\/css\" data-created_by=\"avia_inline_auto\" id=\"style-css-av-1gi1zt-183b9835e5c843b976d92aa4a1cdf2c8\">\n#top .flex_column_table.av-equal-height-column-flextable.av-1gi1zt-183b9835e5c843b976d92aa4a1cdf2c8{\nmargin-top:0px;\nmargin-bottom:0px;\n}\n.flex_column.av-1gi1zt-183b9835e5c843b976d92aa4a1cdf2c8{\nborder-radius:10px 10px 10px 10px;\n-webkit-border-radius:10px 10px 10px 10px;\n-moz-border-radius:10px 10px 10px 10px;\npadding:30px 30px 30px 30px;\nbackground-color:#d53737;\n}\n<\/style>\n<div class='flex_column av-1gi1zt-183b9835e5c843b976d92aa4a1cdf2c8 av_one_third  avia-builder-el-8  el_after_av_two_third  avia-builder-el-last  av-break-at-tablet flex_column_table_cell av-equal-height-column av-align-top column-top-margin'   ><p>\n<style type=\"text\/css\" data-created_by=\"avia_inline_auto\" id=\"style-css-av-19rrrt-a17450e892808f16b2c73134acf522b0\">\n.av_font_icon.av-19rrrt-a17450e892808f16b2c73134acf522b0{\ncolor:#ffffff;\nborder-color:#ffffff;\n}\n.av_font_icon.av-19rrrt-a17450e892808f16b2c73134acf522b0 .av-icon-char{\nfont-size:60px;\nline-height:60px;\n}\n<\/style>\n<span  class=\"av_font_icon av-19rrrt-a17450e892808f16b2c73134acf522b0 avia_animate_when_visible av-icon-style- avia-icon-pos-center avia-icon-animate \"><span class='av-icon-char' aria-hidden='true' data-av_icon='\ue854' data-av_iconfont='entypo-fontello' ><\/span><\/span><br \/>\n\n<style type=\"text\/css\" data-created_by=\"avia_inline_auto\" id=\"style-css-av-15kxzl-10e7b6d23947e8327f13d68f88c36b1f\">\n#top .hr.hr-invisible.av-15kxzl-10e7b6d23947e8327f13d68f88c36b1f{\nheight:20px;\n}\n<\/style>\n<div  class='hr av-15kxzl-10e7b6d23947e8327f13d68f88c36b1f hr-invisible  avia-builder-el-10  el_after_av_font_icon  el_before_av_textblock  '><span class='hr-inner '><span class=\"hr-inner-style\"><\/span><\/span><\/div><br \/>\n\n<style type=\"text\/css\" data-created_by=\"avia_inline_auto\" id=\"style-css-av-xyoj5-dded2866570ec88881ba1554a3f139a7\">\n.av_textblock_section.av-xyoj5-dded2866570ec88881ba1554a3f139a7 .avia_textblock{\ncolor:#ffffff;\n}\n<\/style>\n<section  class='av_textblock_section av-xyoj5-dded2866570ec88881ba1554a3f139a7 '  itemscope=\"itemscope\" itemtype=\"https:\/\/schema.org\/CreativeWork\" ><div class='avia_textblock av_inherit_color '  itemprop=\"text\" ><h3 style=\"text-align: center\">Kontakta oss<\/h3>\n<p style=\"text-align: center\">V\u00e4lkommen att kontakta oss om du har n\u00e5gra fr\u00e5gor eller \u00f6nskar mer info via telefon, e-post eller h\u00e4r via formul\u00e4ret.<\/p>\n<h4 style=\"text-align: center\">Telefon: 08-16 85 10<br \/>\nE-post: <a href=\"mailto:surbrunnsgatan@laserdome-stockholm.se\">surbrunnsgatan@laserdome-stockholm.se<\/a><\/h4>\n<\/div><\/section><br \/>\n\n<style type=\"text\/css\" data-created_by=\"avia_inline_auto\" id=\"style-css-av-rt0ld-bcd3f505c7d16a170a13c0d9400d324f\">\n#top .hr.av-rt0ld-bcd3f505c7d16a170a13c0d9400d324f{\nmargin-top:10px;\nmargin-bottom:20px;\n}\n.hr.av-rt0ld-bcd3f505c7d16a170a13c0d9400d324f .hr-inner{\nwidth:100%;\nborder-color:#cccccc;\n}\n<\/style>\n<div  class='hr av-rt0ld-bcd3f505c7d16a170a13c0d9400d324f hr-custom  avia-builder-el-12  el_after_av_textblock  el_before_av_font_icon  hr-center hr-icon-no '><span class='hr-inner inner-border-av-border-thin'><span class=\"hr-inner-style\"><\/span><\/span><\/div><br \/>\n\n<style type=\"text\/css\" data-created_by=\"avia_inline_auto\" id=\"style-css-av-lppj5-833eb46e4b89f241532f99871af0fd27\">\n.av_font_icon.av-lppj5-833eb46e4b89f241532f99871af0fd27{\ncolor:#ffffff;\nborder-color:#ffffff;\n}\n.av_font_icon.av-lppj5-833eb46e4b89f241532f99871af0fd27 .av-icon-char{\nfont-size:60px;\nline-height:60px;\n}\n<\/style>\n<span  class=\"av_font_icon av-lppj5-833eb46e4b89f241532f99871af0fd27 avia_animate_when_visible av-icon-style- avia-icon-pos-center avia-icon-animate \"><span class='av-icon-char' aria-hidden='true' data-av_icon='\ue821' data-av_iconfont='entypo-fontello' ><\/span><\/span><br \/>\n\n<style type=\"text\/css\" data-created_by=\"avia_inline_auto\" id=\"style-css-av-ff5o1-c54b38e9b977f01d1e6648ab6ee01bf0\">\n#top .hr.hr-invisible.av-ff5o1-c54b38e9b977f01d1e6648ab6ee01bf0{\nheight:20px;\n}\n<\/style>\n<div  class='hr av-ff5o1-c54b38e9b977f01d1e6648ab6ee01bf0 hr-invisible  avia-builder-el-14  el_after_av_font_icon  el_before_av_textblock  '><span class='hr-inner '><span class=\"hr-inner-style\"><\/span><\/span><\/div><br \/>\n\n<style type=\"text\/css\" data-created_by=\"avia_inline_auto\" id=\"style-css-av-9iy09-a2cc19d42ca44b80e7f1e262149ff176\">\n.av_textblock_section.av-9iy09-a2cc19d42ca44b80e7f1e262149ff176 .avia_textblock{\ncolor:#ffffff;\n}\n<\/style>\n<section  class='av_textblock_section av-9iy09-a2cc19d42ca44b80e7f1e262149ff176 '  itemscope=\"itemscope\" itemtype=\"https:\/\/schema.org\/CreativeWork\" ><div class='avia_textblock av_inherit_color '  itemprop=\"text\" ><h3 style=\"text-align: center\">Laserdome Surbrunnsgatan<\/h3>\n<p style=\"text-align: center\">Surbrunnsgatan 42<br \/>\n113 48 Stockholm<\/p>\n<p style=\"text-align: center\">Laserdome Surbrunnsgatan ligger snett emot Hard Rock Cafe p\u00e5 Sveav\u00e4gen, ca 40 m in p\u00e5 Surbrunnsgatan.<\/p>\n<h3 style=\"text-align: center\">V\u00e4lkomna!<\/h3>\n<h4 style=\"text-align: center\"><a href=\"https:\/\/goo.gl\/maps\/wsPUTYGGo492\" target=\"_blank\" rel=\"noopener\">Karta \/ V\u00e4gbeskrivning \u00bb<\/a><\/h4>\n<\/div><\/section><\/p><\/div><\/div><!--close column table wrapper. Autoclose: 1 --><\/div><\/div><\/div><!-- close content main div --><\/div><\/div><div id='after_section_1'  class='main_color av_default_container_wrap container_wrap sidebar_right'  ><div class='container av-section-cont-open' ><div class='template-page content  av-content-small alpha units'><div class='post-entry post-entry-type-page post-entry-425'><div class='entry-content-wrapper clearfix'>\n","protected":false},"excerpt":{"rendered":"","protected":false},"author":1,"featured_media":0,"parent":0,"menu_order":0,"comment_status":"closed","ping_status":"closed","template":"","meta":{"footnotes":""},"_links":{"self":[{"href":"https:\/\/www.laserdome-stockholm.se\/surbrunnsgatan\/wp-json\/wp\/v2\/pages\/425"}],"collection":[{"href":"https:\/\/www.laserdome-stockholm.se\/surbrunnsgatan\/wp-json\/wp\/v2\/pages"}],"about":[{"href":"https:\/\/www.laserdome-stockholm.se\/surbrunnsgatan\/wp-json\/wp\/v2\/types\/page"}],"author":[{"embeddable":true,"href":"https:\/\/www.laserdome-stockholm.se\/surbrunnsgatan\/wp-json\/wp\/v2\/users\/1"}],"replies":[{"embeddable":true,"href":"https:\/\/www.laserdome-stockholm.se\/surbrunnsgatan\/wp-json\/wp\/v2\/comments?post=425"}],"version-history":[{"count":25,"href":"https:\/\/www.laserdome-stockholm.se\/surbrunnsgatan\/wp-json\/wp\/v2\/pages\/425\/revisions"}],"predecessor-version":[{"id":10701,"href":"https:\/\/www.laserdome-stockholm.se\/surbrunnsgatan\/wp-json\/wp\/v2\/pages\/425\/revisions\/10701"}],"wp:attachment":[{"href":"https:\/\/www.laserdome-stockholm.se\/surbrunnsgatan\/wp-json\/wp\/v2\/media?parent=425"}],"curies":[{"name":"wp","href":"https:\/\/api.w.org\/{rel}","templated":true}]}}