{"id":4539,"date":"2019-08-02T12:12:02","date_gmt":"2019-08-02T10:12:02","guid":{"rendered":"http:\/\/www.laserdome-stockholm.se\/surbrunnsgatan\/?page_id=4539"},"modified":"2022-02-16T15:31:26","modified_gmt":"2022-02-16T14:31:26","slug":"boka-online","status":"publish","type":"page","link":"https:\/\/www.laserdome-stockholm.se\/surbrunnsgatan\/boka-online\/","title":{"rendered":"Boka online"},"content":{"rendered":"\n<style type=\"text\/css\" data-created_by=\"avia_inline_auto\" id=\"style-css-av-kfzslsxp-06f0c5216830252f159b987a5db5fb18\">\n.avia-section.av-kfzslsxp-06f0c5216830252f159b987a5db5fb18{\nbackground-repeat:no-repeat;\nbackground-image:url(https:\/\/www.laserdome-stockholm.se\/surbrunnsgatan\/wp-content\/uploads\/sites\/9\/2020\/10\/surbrunnsgatan-500-1.jpg);\nbackground-position:50% 0%;\nbackground-attachment:scroll;\n}\n<\/style>\n<div id='av_section_1'  class='avia-section av-kfzslsxp-06f0c5216830252f159b987a5db5fb18 main_color avia-section-no-padding avia-no-border-styling  avia-builder-el-0  el_before_av_one_full  avia-builder-el-first  avia-bg-style-scroll  av-minimum-height av-minimum-height-custom  container_wrap sidebar_right'  data-section-bg-repeat='no-repeat'><div class='container av-section-cont-open' style='height:500px'><main  role=\"main\" itemprop=\"mainContentOfPage\"  class='template-page content  av-content-small alpha units'><div class='post-entry post-entry-type-page post-entry-4539'><div class='entry-content-wrapper clearfix'><\/div><\/div><\/main><!-- close content main element --><\/div><\/div><div id='after_section_1'  class='main_color av_default_container_wrap container_wrap sidebar_right'  ><div class='container av-section-cont-open' ><div class='template-page content  av-content-small alpha units'><div class='post-entry post-entry-type-page post-entry-4539'><div class='entry-content-wrapper clearfix'>\n\n<style type=\"text\/css\" data-created_by=\"avia_inline_auto\" id=\"style-css-av-kfzse9d7-859a7caa658b6e95e768f9d49d937fcf\">\n#top .flex_column.av-kfzse9d7-859a7caa658b6e95e768f9d49d937fcf{\nmargin-top:-130px;\nmargin-bottom:50px;\n}\n.flex_column.av-kfzse9d7-859a7caa658b6e95e768f9d49d937fcf{\nborder-radius:10px 10px 10px 10px;\n-webkit-border-radius:10px 10px 10px 10px;\n-moz-border-radius:10px 10px 10px 10px;\npadding:30px 30px 30px 30px;\nbackground-color:#313131;\n}\n.responsive #top #wrap_all .flex_column.av-kfzse9d7-859a7caa658b6e95e768f9d49d937fcf{\nmargin-top:-130px;\nmargin-bottom:50px;\n}\n<\/style>\n<div class='flex_column av-kfzse9d7-859a7caa658b6e95e768f9d49d937fcf av_one_full  avia-builder-el-1  el_after_av_section  el_before_av_section  avia-builder-el-no-sibling  platta first flex_column_div '   ><style type=\"text\/css\" data-created_by=\"avia_inline_auto\" id=\"style-css-av-kfzsh7va-8451096f2081c08122f1acd0519725f0\">\n.av_textblock_section.av-kfzsh7va-8451096f2081c08122f1acd0519725f0 .avia_textblock{\ncolor:#ffffff;\n}\n<\/style>\n<section  class='av_textblock_section av-kfzsh7va-8451096f2081c08122f1acd0519725f0 '  itemscope=\"itemscope\" itemtype=\"https:\/\/schema.org\/CreativeWork\" ><div class='avia_textblock av_inherit_color '  itemprop=\"text\" ><h1 style=\"text-align: center\">Boka online<\/h1>\n<h3 style=\"text-align: center\"><strong>Laserdome \u2013 Surbrunnsgatan<\/strong><\/h3>\n<\/div><\/section><\/div>\n<\/div><\/div><\/div><!-- close content main div --><\/div><\/div>\n<style type=\"text\/css\" data-created_by=\"avia_inline_auto\" id=\"style-css-av-kfzspjy2-068ea0269eb910e9f220b7b421c4def7\">\n.avia-section.av-kfzspjy2-068ea0269eb910e9f220b7b421c4def7{\nmargin-top:-60px;\nmargin-bottom:40px;\n}\n<\/style>\n<div id='av_section_2'  class='avia-section av-kfzspjy2-068ea0269eb910e9f220b7b421c4def7 main_color avia-section-no-padding avia-no-shadow  avia-builder-el-3  el_after_av_one_full  avia-builder-el-last  avia-bg-style-scroll  container_wrap sidebar_right'  ><div class='container av-section-cont-open' ><div class='template-page content  av-content-small alpha units'><div class='post-entry post-entry-type-page post-entry-4539'><div class='entry-content-wrapper clearfix'>\n<div class='flex_column_table av-283yy3-eb3ee1e2a8e00f6b47f2f843b31bbdfc sc-av_two_third av-equal-height-column-flextable'>\n<style type=\"text\/css\" data-created_by=\"avia_inline_auto\" id=\"style-css-av-283yy3-eb3ee1e2a8e00f6b47f2f843b31bbdfc\">\n.flex_column.av-283yy3-eb3ee1e2a8e00f6b47f2f843b31bbdfc{\nborder-radius:10px 10px 10px 10px;\n-webkit-border-radius:10px 10px 10px 10px;\n-moz-border-radius:10px 10px 10px 10px;\npadding:15px 15px 15px 15px;\nbackground-color:#f6f6f6;\n}\n<\/style>\n<div class='flex_column av-283yy3-eb3ee1e2a8e00f6b47f2f843b31bbdfc av_two_third  avia-builder-el-4  el_before_av_one_third  avia-builder-el-first  first flex_column_table_cell av-equal-height-column av-align-top '   ><section  class='av_textblock_section av-kfzt28fv-c1e2449623d8f76ca063feba24bb056d '  itemscope=\"itemscope\" itemtype=\"https:\/\/schema.org\/CreativeWork\" ><div class='avia_textblock av_inherit_color '  itemprop=\"text\" ><h2><span style=\"color: #d53737\">Online bokning<\/span><\/h2>\n<p>H\u00e4r kan ni sj\u00e4lva boka in platser i v\u00e5ra laserspel f\u00f6r n\u00e4stkommande vecka. T\u00e4nk p\u00e5 att ni inte \u00e4r ensamma n\u00e4r ni spelar utan ni bokar ett visst antal platser till ett visst spel och chansen \u00e4r stor att ni kommer f\u00e5 andra deltagare att m\u00f6ta.<br \/>\n<strong>Just nu g\u00e5r det bara att boka enstaka spel och inte kalaspaket eller pass<\/strong><br \/>\n<strong>Vill ni boka en tid senare eller finns inte tiden ni t\u00e4nkte er? Skicka en <a href=\"https:\/\/www.laserdome-stockholm.se\/surbrunnsgatan\/bokningsforfragan\/\">bokningsfr\u00e5gan<\/a> eller ring hit p\u00e5 08-16 85 10<\/strong><\/p>\n<\/div><\/section><br \/>\n<div  class='hr av-27bw57-514009af28960f5ddf23d13151986c8d hr-default  avia-builder-el-6  el_after_av_textblock  el_before_av_codeblock  '><span class='hr-inner '><span class=\"hr-inner-style\"><\/span><\/span><\/div><br \/>\n<\/p><\/div><div class='av-flex-placeholder'><\/div>\n<style type=\"text\/css\" data-created_by=\"avia_inline_auto\" id=\"style-css-av-kfzsa6fe-e05123c0448b0a61a8420abbd83ad8c4\">\n.flex_column.av-kfzsa6fe-e05123c0448b0a61a8420abbd83ad8c4{\nborder-radius:10px 10px 10px 10px;\n-webkit-border-radius:10px 10px 10px 10px;\n-moz-border-radius:10px 10px 10px 10px;\npadding:30px 30px 30px 30px;\nbackground-color:#d53737;\n}\n<\/style>\n<div class='flex_column av-kfzsa6fe-e05123c0448b0a61a8420abbd83ad8c4 av_one_third  avia-builder-el-8  el_after_av_two_third  avia-builder-el-last  flex_column_table_cell av-equal-height-column av-align-top '   ><p>\n<style type=\"text\/css\" data-created_by=\"avia_inline_auto\" id=\"style-css-av-kfzt0fim-e217352525a0a65b23880ae7593f8c1b\">\n.av_font_icon.av-kfzt0fim-e217352525a0a65b23880ae7593f8c1b{\ncolor:#ffffff;\nborder-color:#ffffff;\n}\n.av_font_icon.av-kfzt0fim-e217352525a0a65b23880ae7593f8c1b .av-icon-char{\nfont-size:60px;\nline-height:60px;\n}\n<\/style>\n<span  class=\"av_font_icon av-kfzt0fim-e217352525a0a65b23880ae7593f8c1b avia_animate_when_visible av-icon-style- avia-icon-pos-center avia-icon-animate \"><span class='av-icon-char' aria-hidden='true' data-av_icon='\ue81f' data-av_iconfont='entypo-fontello' ><\/span><\/span><br \/>\n\n<style type=\"text\/css\" data-created_by=\"avia_inline_auto\" id=\"style-css-av-2o98vf-4365e5e1edd51624a11d4b5ff735a8d7\">\n#top .hr.av-2o98vf-4365e5e1edd51624a11d4b5ff735a8d7{\nmargin-top:10px;\nmargin-bottom:20px;\n}\n.hr.av-2o98vf-4365e5e1edd51624a11d4b5ff735a8d7 .hr-inner{\nwidth:100%;\nborder-color:#cccccc;\n}\n<\/style>\n<div  class='hr av-2o98vf-4365e5e1edd51624a11d4b5ff735a8d7 hr-custom  avia-builder-el-10  el_after_av_font_icon  el_before_av_textblock  hr-center hr-icon-no '><span class='hr-inner inner-border-av-border-thin'><span class=\"hr-inner-style\"><\/span><\/span><\/div><br \/>\n\n<style type=\"text\/css\" data-created_by=\"avia_inline_auto\" id=\"style-css-av-kfzt28fv-af97a8406e89e6d5790c6fd683af426a\">\n.av_textblock_section.av-kfzt28fv-af97a8406e89e6d5790c6fd683af426a .avia_textblock{\ncolor:#ffffff;\n}\n<\/style>\n<section  class='av_textblock_section av-kfzt28fv-af97a8406e89e6d5790c6fd683af426a '  itemscope=\"itemscope\" itemtype=\"https:\/\/schema.org\/CreativeWork\" ><div class='avia_textblock av_inherit_color '  itemprop=\"text\" ><h3 style=\"text-align: center\">Hur g\u00e5r det till?<\/h3>\n<ul>\n<li><strong>B\u00f6rja med att v\u00e4lja datumet ni vill spela.<\/strong><\/li>\n<li style=\"list-style-type: none\">Datum med lediga tider \u00e4r svarta och g\u00e5r att klicka p\u00e5.<br \/>\nN\u00e4r datum valts dyker lediga tider upp.<\/li>\n<li><strong>V\u00e4lj antalet deltagare<\/strong><\/li>\n<li style=\"list-style-type: none\">\u00c4r ert antal h\u00f6gre \u00e4n antalet lediga platser ett specifikt spel kommer tiden inte kunna g\u00e5 att klicka p\u00e5.<\/li>\n<li><strong>V\u00e4lj en eller flera tider.<\/strong><\/li>\n<li style=\"list-style-type: none\">T\u00e4nk p\u00e5 att ni skall vara p\u00e5 plats 15 minuter innan den f\u00f6rsta tiden ni v\u00e4ljer f\u00f6r genomg\u00e5ng och betalning.<\/li>\n<li><strong>Fyll i ert namn, telefonnummer och mailadress.<\/strong><\/li>\n<li style=\"list-style-type: none\">V\u00e4lj en mailadress ni faktiskt anv\u00e4nder, ni kommer f\u00e5 ett mail f\u00f6r att bekr\u00e4fta er bokning.<\/li>\n<li><strong>Tryck boka<\/strong><\/li>\n<\/ul>\n<p style=\"text-align: center\">V\u00e4nta tills n\u00e4sta sida laddas och s\u00e4ger att bokningen \u00e4r gjord.<br \/>\nNi kommer nu att f\u00e5 ett mail fr\u00e5n oss med en l\u00e4nk och en bokningskod.<br \/>\nNi har nu 15 minuter p\u00e5 er att klicka p\u00e5 l\u00e4nken eller anv\u00e4nda koden f\u00f6r att bekr\u00e4fta er bokning.<br \/>\n<strong>Bekr\u00e4ftar ni inte er bokning s\u00e5 kommer er bokning att tas bort.<\/strong><br \/>\nHar du inte f\u00e5tt epost inom 5 minuter, kontrollera d\u00e5 s\u00e5 det inte hamnat i skr\u00e4pposten.<\/p>\n<h4 style=\"text-align: center\">V\u00e4lkommen med din bokning!<\/h4>\n<\/div><\/section><br \/>\n\n<style type=\"text\/css\" data-created_by=\"avia_inline_auto\" id=\"style-css-av-2o98vf-4365e5e1edd51624a11d4b5ff735a8d7\">\n#top .hr.av-2o98vf-4365e5e1edd51624a11d4b5ff735a8d7{\nmargin-top:10px;\nmargin-bottom:20px;\n}\n.hr.av-2o98vf-4365e5e1edd51624a11d4b5ff735a8d7 .hr-inner{\nwidth:100%;\nborder-color:#cccccc;\n}\n<\/style>\n<div  class='hr av-2o98vf-4365e5e1edd51624a11d4b5ff735a8d7 hr-custom  avia-builder-el-12  el_after_av_textblock  el_before_av_font_icon  hr-center hr-icon-no '><span class='hr-inner inner-border-av-border-thin'><span class=\"hr-inner-style\"><\/span><\/span><\/div><br \/>\n\n<style type=\"text\/css\" data-created_by=\"avia_inline_auto\" id=\"style-css-av-kfzt0fim-80eea28a31e74f0c2b5ed9c6ece6ef87\">\n.av_font_icon.av-kfzt0fim-80eea28a31e74f0c2b5ed9c6ece6ef87{\ncolor:#ffffff;\nborder-color:#ffffff;\n}\n.av_font_icon.av-kfzt0fim-80eea28a31e74f0c2b5ed9c6ece6ef87 .av-icon-char{\nfont-size:60px;\nline-height:60px;\n}\n<\/style>\n<span  class=\"av_font_icon av-kfzt0fim-80eea28a31e74f0c2b5ed9c6ece6ef87 avia_animate_when_visible av-icon-style- avia-icon-pos-center avia-icon-animate \"><span class='av-icon-char' aria-hidden='true' data-av_icon='\ue81d' data-av_iconfont='entypo-fontello' ><\/span><\/span><br \/>\n\n<style type=\"text\/css\" data-created_by=\"avia_inline_auto\" id=\"style-css-av-kfzt28fv-6d747b2903f4e08c4fb7308489e7b35b\">\n.av_textblock_section.av-kfzt28fv-6d747b2903f4e08c4fb7308489e7b35b .avia_textblock{\ncolor:#ffffff;\n}\n<\/style>\n<section  class='av_textblock_section av-kfzt28fv-6d747b2903f4e08c4fb7308489e7b35b '  itemscope=\"itemscope\" itemtype=\"https:\/\/schema.org\/CreativeWork\" ><div class='avia_textblock av_inherit_color '  itemprop=\"text\" ><h3 style=\"text-align: center\">Fr\u00e5gor?<\/h3>\n<p style=\"text-align: center\">V\u00e4lkommen att kontakta oss om du \u00f6nskar vidare info eller har n\u00e5gra fr\u00e5gor!<\/p>\n<h4 style=\"text-align: center\"><a href=\"https:\/\/www.laserdome-stockholm.se\/surbrunnsgatan\/kontakt\/\">V\u00e5ra kontaktuppgifter \u00bb<\/a><\/h4>\n<\/div><\/section><br \/>\n\n<style type=\"text\/css\" data-created_by=\"avia_inline_auto\" id=\"style-css-av-2o98vf-4365e5e1edd51624a11d4b5ff735a8d7\">\n#top .hr.av-2o98vf-4365e5e1edd51624a11d4b5ff735a8d7{\nmargin-top:10px;\nmargin-bottom:20px;\n}\n.hr.av-2o98vf-4365e5e1edd51624a11d4b5ff735a8d7 .hr-inner{\nwidth:100%;\nborder-color:#cccccc;\n}\n<\/style>\n<div  class='hr av-2o98vf-4365e5e1edd51624a11d4b5ff735a8d7 hr-custom  avia-builder-el-15  el_after_av_textblock  avia-builder-el-last  hr-center hr-icon-no '><span class='hr-inner inner-border-av-border-thin'><span class=\"hr-inner-style\"><\/span><\/span><\/div><\/p><\/div><\/div><!--close column table wrapper. Autoclose: 1 --><\/div><\/div><\/div><!-- close content main div --><\/div><\/div><div id='after_section_2'  class='main_color av_default_container_wrap container_wrap sidebar_right'  ><div class='container av-section-cont-open' ><div class='template-page content  av-content-small alpha units'><div class='post-entry post-entry-type-page post-entry-4539'><div class='entry-content-wrapper clearfix'>\n","protected":false},"excerpt":{"rendered":"","protected":false},"author":3,"featured_media":0,"parent":0,"menu_order":0,"comment_status":"closed","ping_status":"closed","template":"","meta":{"footnotes":""},"_links":{"self":[{"href":"https:\/\/www.laserdome-stockholm.se\/surbrunnsgatan\/wp-json\/wp\/v2\/pages\/4539"}],"collection":[{"href":"https:\/\/www.laserdome-stockholm.se\/surbrunnsgatan\/wp-json\/wp\/v2\/pages"}],"about":[{"href":"https:\/\/www.laserdome-stockholm.se\/surbrunnsgatan\/wp-json\/wp\/v2\/types\/page"}],"author":[{"embeddable":true,"href":"https:\/\/www.laserdome-stockholm.se\/surbrunnsgatan\/wp-json\/wp\/v2\/users\/3"}],"replies":[{"embeddable":true,"href":"https:\/\/www.laserdome-stockholm.se\/surbrunnsgatan\/wp-json\/wp\/v2\/comments?post=4539"}],"version-history":[{"count":102,"href":"https:\/\/www.laserdome-stockholm.se\/surbrunnsgatan\/wp-json\/wp\/v2\/pages\/4539\/revisions"}],"predecessor-version":[{"id":11568,"href":"https:\/\/www.laserdome-stockholm.se\/surbrunnsgatan\/wp-json\/wp\/v2\/pages\/4539\/revisions\/11568"}],"wp:attachment":[{"href":"https:\/\/www.laserdome-stockholm.se\/surbrunnsgatan\/wp-json\/wp\/v2\/media?parent=4539"}],"curies":[{"name":"wp","href":"https:\/\/api.w.org\/{rel}","templated":true}]}}