{"id":2634,"date":"2018-08-22T17:10:24","date_gmt":"2018-08-22T15:10:24","guid":{"rendered":"http:\/\/www.laserdome-stockholm.se\/taby\/?page_id=2634"},"modified":"2025-08-26T16:43:43","modified_gmt":"2025-08-26T14:43:43","slug":"spel","status":"publish","type":"page","link":"https:\/\/www.laserdome-stockholm.se\/taby\/spel\/","title":{"rendered":"Spel"},"content":{"rendered":"<div id='full_slider_1'  class='avia-fullwidth-slider main_color avia-shadow   avia-builder-el-0  el_before_av_section  avia-builder-el-first   container_wrap sidebar_right'  ><div   data-size='no scaling'  data-lightbox_size='large'  data-animation='slide'  data-conditional_play=''  data-ids='1228,1227,1226'  data-video_counter='0'  data-autoplay='true'  data-bg_slider='false'  data-slide_height=''  data-handle='av_slideshow_full'  data-interval='5'  data-class=' '  data-el_id=''  data-css_id=''  data-scroll_down=''  data-control_layout='av-control-default'  data-custom_markup=''  data-perma_caption=''  data-autoplay_stopper=''  data-image_attachment=''  data-min_height='0px'  data-lazy_loading='disabled'  data-src=''  data-position='top left'  data-repeat='no-repeat'  data-attach='scroll'  data-stretch=''  data-img_scrset=''  class='avia-slideshow avia-slideshow-1  av-control-default av-default-height-applied avia-slideshow-no scaling av_slideshow_full   avia-slide-slider '  itemprop=\"image\" itemscope=\"itemscope\" itemtype=\"https:\/\/schema.org\/ImageObject\" ><ul class='avia-slideshow-inner ' style='padding-bottom: 26.041666666667%;' ><li  class=' slide-1 ' ><div data-rel='slideshow-1' class='avia-slide-wrap '   ><img decoding=\"async\" class=\"wp-image-1228 avia-img-lazy-loading-not-1228\"  src=\"https:\/\/www.laserdome-stockholm.se\/taby\/wp-content\/uploads\/sites\/10\/2017\/08\/Laserdome-Taby-011.jpg\" width=\"1920\" height=\"500\" title='Laserdome T\u00e4by' alt=''  itemprop=\"thumbnailUrl\" srcset=\"https:\/\/www.laserdome-stockholm.se\/taby\/wp-content\/uploads\/sites\/10\/2017\/08\/Laserdome-Taby-011.jpg 1920w, https:\/\/www.laserdome-stockholm.se\/taby\/wp-content\/uploads\/sites\/10\/2017\/08\/Laserdome-Taby-011-300x78.jpg 300w, https:\/\/www.laserdome-stockholm.se\/taby\/wp-content\/uploads\/sites\/10\/2017\/08\/Laserdome-Taby-011-768x200.jpg 768w, https:\/\/www.laserdome-stockholm.se\/taby\/wp-content\/uploads\/sites\/10\/2017\/08\/Laserdome-Taby-011-1030x268.jpg 1030w, https:\/\/www.laserdome-stockholm.se\/taby\/wp-content\/uploads\/sites\/10\/2017\/08\/Laserdome-Taby-011-1500x391.jpg 1500w, https:\/\/www.laserdome-stockholm.se\/taby\/wp-content\/uploads\/sites\/10\/2017\/08\/Laserdome-Taby-011-705x184.jpg 705w, https:\/\/www.laserdome-stockholm.se\/taby\/wp-content\/uploads\/sites\/10\/2017\/08\/Laserdome-Taby-011-450x117.jpg 450w\" sizes=\"(max-width: 1920px) 100vw, 1920px\" \/><\/div><\/li><li  class=' slide-2 ' ><div data-rel='slideshow-1' class='avia-slide-wrap '   ><img decoding=\"async\" class=\"wp-image-1227 avia-img-lazy-loading-not-1227\"  src=\"https:\/\/www.laserdome-stockholm.se\/taby\/wp-content\/uploads\/sites\/10\/2017\/08\/Laserdome-Taby-010.jpg\" width=\"1920\" height=\"500\" title='Laserdome T\u00e4by' alt=''  itemprop=\"thumbnailUrl\" srcset=\"https:\/\/www.laserdome-stockholm.se\/taby\/wp-content\/uploads\/sites\/10\/2017\/08\/Laserdome-Taby-010.jpg 1920w, https:\/\/www.laserdome-stockholm.se\/taby\/wp-content\/uploads\/sites\/10\/2017\/08\/Laserdome-Taby-010-300x78.jpg 300w, https:\/\/www.laserdome-stockholm.se\/taby\/wp-content\/uploads\/sites\/10\/2017\/08\/Laserdome-Taby-010-768x200.jpg 768w, https:\/\/www.laserdome-stockholm.se\/taby\/wp-content\/uploads\/sites\/10\/2017\/08\/Laserdome-Taby-010-1030x268.jpg 1030w, https:\/\/www.laserdome-stockholm.se\/taby\/wp-content\/uploads\/sites\/10\/2017\/08\/Laserdome-Taby-010-1500x391.jpg 1500w, https:\/\/www.laserdome-stockholm.se\/taby\/wp-content\/uploads\/sites\/10\/2017\/08\/Laserdome-Taby-010-705x184.jpg 705w, https:\/\/www.laserdome-stockholm.se\/taby\/wp-content\/uploads\/sites\/10\/2017\/08\/Laserdome-Taby-010-450x117.jpg 450w\" sizes=\"(max-width: 1920px) 100vw, 1920px\" \/><\/div><\/li><li  class=' slide-3 ' ><div data-rel='slideshow-1' class='avia-slide-wrap '   ><img decoding=\"async\" class=\"wp-image-1226 avia-img-lazy-loading-not-1226\"  src=\"https:\/\/www.laserdome-stockholm.se\/taby\/wp-content\/uploads\/sites\/10\/2017\/08\/Laserdome-Taby-009.jpg\" width=\"1920\" height=\"500\" title='Laserdome T\u00e4by' alt=''  itemprop=\"thumbnailUrl\" srcset=\"https:\/\/www.laserdome-stockholm.se\/taby\/wp-content\/uploads\/sites\/10\/2017\/08\/Laserdome-Taby-009.jpg 1920w, https:\/\/www.laserdome-stockholm.se\/taby\/wp-content\/uploads\/sites\/10\/2017\/08\/Laserdome-Taby-009-300x78.jpg 300w, https:\/\/www.laserdome-stockholm.se\/taby\/wp-content\/uploads\/sites\/10\/2017\/08\/Laserdome-Taby-009-768x200.jpg 768w, https:\/\/www.laserdome-stockholm.se\/taby\/wp-content\/uploads\/sites\/10\/2017\/08\/Laserdome-Taby-009-1030x268.jpg 1030w, https:\/\/www.laserdome-stockholm.se\/taby\/wp-content\/uploads\/sites\/10\/2017\/08\/Laserdome-Taby-009-1500x391.jpg 1500w, https:\/\/www.laserdome-stockholm.se\/taby\/wp-content\/uploads\/sites\/10\/2017\/08\/Laserdome-Taby-009-705x184.jpg 705w, https:\/\/www.laserdome-stockholm.se\/taby\/wp-content\/uploads\/sites\/10\/2017\/08\/Laserdome-Taby-009-450x117.jpg 450w\" sizes=\"(max-width: 1920px) 100vw, 1920px\" \/><\/div><\/li><\/ul><div class='avia-slideshow-arrows avia-slideshow-controls' ><a href='#prev' class='prev-slide ' aria-hidden='true' data-av_icon='\ue87c' data-av_iconfont='entypo-fontello'  tabindex='-1'>F\u00f6reg\u00e5ende<\/a><a href='#next' class='next-slide ' aria-hidden='true' data-av_icon='\ue87d' data-av_iconfont='entypo-fontello'  tabindex='-1'>N\u00e4sta<\/a><\/div><div class='avia-slideshow-dots avia-slideshow-controls'><a href='#1' class='goto-slide active' >1<\/a><a href='#2' class='goto-slide ' >2<\/a><a href='#3' class='goto-slide ' >3<\/a><\/div><\/div><\/div>\n<div id='av_section_1'  class='avia-section av-jl57qffo-02ed6ce0d878db2e081db0d9683a6313 main_color avia-section-default avia-no-shadow  avia-builder-el-1  el_after_av_slideshow_full  el_before_av_section  avia-bg-style-scroll  container_wrap sidebar_right'  ><div class='container av-section-cont-open' ><div class='template-page content  av-content-small alpha units'><div class='post-entry post-entry-type-page post-entry-2634'><div class='entry-content-wrapper clearfix'>\n\n<style type=\"text\/css\" data-created_by=\"avia_inline_auto\" id=\"style-css-av-jl57ss6z-82cee7c1a94d5d15f16fc3cbee139e3b\">\n#top .flex_column.av-jl57ss6z-82cee7c1a94d5d15f16fc3cbee139e3b{\nmargin-top:-130px;\nmargin-bottom:50px;\n}\n.flex_column.av-jl57ss6z-82cee7c1a94d5d15f16fc3cbee139e3b{\nborder-radius:10px 10px 10px 10px;\n-webkit-border-radius:10px 10px 10px 10px;\n-moz-border-radius:10px 10px 10px 10px;\npadding:30px 30px 30px 30px;\nbackground-color:#313131;\n}\n.responsive #top #wrap_all .flex_column.av-jl57ss6z-82cee7c1a94d5d15f16fc3cbee139e3b{\nmargin-top:-130px;\nmargin-bottom:50px;\n}\n<\/style>\n<div class='flex_column av-jl57ss6z-82cee7c1a94d5d15f16fc3cbee139e3b av_one_full  avia-builder-el-2  el_before_av_one_full  avia-builder-el-first  toppmarginal first flex_column_div '   ><style type=\"text\/css\" data-created_by=\"avia_inline_auto\" id=\"style-css-av-jl57uw71-835fe9ad4cf36f377552a74c104738be\">\n.av_textblock_section.av-jl57uw71-835fe9ad4cf36f377552a74c104738be .avia_textblock{\ncolor:#ffffff;\n}\n<\/style>\n<section  class='av_textblock_section av-jl57uw71-835fe9ad4cf36f377552a74c104738be '  itemscope=\"itemscope\" itemtype=\"https:\/\/schema.org\/CreativeWork\" ><div class='avia_textblock av_inherit_color '  itemprop=\"text\" ><h1 style=\"text-align: center;\">Spel<\/h1>\n<h3 style=\"text-align: center;\"><strong>Laserdome &#8211; T\u00e4by<\/strong><\/h3>\n<\/div><\/section><\/div><div class='flex_column_table av-jl580jw7-5eedfebed6aa5e2510c34478faef9e86 sc-av_one_full av-break-at-tablet-flextable av-equal-height-column-flextable'>\n<style type=\"text\/css\" data-created_by=\"avia_inline_auto\" id=\"style-css-av-jl580jw7-5eedfebed6aa5e2510c34478faef9e86\">\n#top .flex_column_table.av-equal-height-column-flextable.av-jl580jw7-5eedfebed6aa5e2510c34478faef9e86{\nmargin-top:0px;\nmargin-bottom:0px;\n}\n.flex_column.av-jl580jw7-5eedfebed6aa5e2510c34478faef9e86{\nborder-radius:10px 10px 10px 10px;\n-webkit-border-radius:10px 10px 10px 10px;\n-moz-border-radius:10px 10px 10px 10px;\npadding:30px 30px 30px 30px;\nbackground-color:#f6f6f6;\n}\n<\/style>\n<div class='flex_column av-jl580jw7-5eedfebed6aa5e2510c34478faef9e86 av_one_full  avia-builder-el-4  el_after_av_one_full  avia-builder-el-last  first av-break-at-tablet flex_column_table_cell av-equal-height-column av-align-top column-top-margin'   id=\"boka-online\"  ><section  class='av_textblock_section av-jl581laf-92f93ecff947edb2c42267d6a5066ca8 '  itemscope=\"itemscope\" itemtype=\"https:\/\/schema.org\/CreativeWork\" ><div class='avia_textblock av_inherit_color '  itemprop=\"text\" ><h2><span style=\"color: #d53737;\">Spela Laserdome<\/span><\/h2>\n<p>Att spela Laserdome \u00e4r l\u00e4tt och roligt f\u00f6r b\u00e5de barn och vuxna.<\/p>\n<p>H\u00e4r i T\u00e4by har ni m\u00f6jligheten att spela lagspel i allt fr\u00e5n tv\u00e5 till \u00e5tta lag eller alla mot alla. Det finns en m\u00e4ngd olika biljetter ni kan l\u00f6sa, nedan hittar ni information om n\u00e5gra av de vanligaste.<\/p>\n<p style=\"text-align: center;\">\n<\/div><\/section><br \/>\n\n<style type=\"text\/css\" data-created_by=\"avia_inline_auto\" id=\"style-css-av-lgla2g5r-fca383512943765a906cdd1f5f291b9a\">\n#top .hr.hr-invisible.av-lgla2g5r-fca383512943765a906cdd1f5f291b9a{\nheight:30px;\n}\n<\/style>\n<div  class='hr av-lgla2g5r-fca383512943765a906cdd1f5f291b9a hr-invisible  avia-builder-el-6  el_after_av_textblock  el_before_av_codeblock  '><span class='hr-inner '><span class=\"hr-inner-style\"><\/span><\/span><\/div><br \/>\n<\/p><\/div><\/div><!--close column table wrapper. Autoclose: 1 --><\/div><\/div><\/div><!-- close content main div --><\/div><\/div>\n<style type=\"text\/css\" data-created_by=\"avia_inline_auto\" id=\"style-css-av-jl59n3fj-8dc9f1e64c562c5286b4c2297f29cf9c\">\n.avia-section.av-jl59n3fj-8dc9f1e64c562c5286b4c2297f29cf9c{\nbackground-repeat:no-repeat;\nbackground-image:url(https:\/\/www.laserdome-stockholm.se\/taby\/wp-content\/uploads\/sites\/10\/2017\/08\/bgbild2.jpg);\nbackground-position:50% 50%;\nbackground-attachment:fixed;\n}\n<\/style>\n<div id='av_section_2'  class='avia-section av-jl59n3fj-8dc9f1e64c562c5286b4c2297f29cf9c main_color avia-section-default avia-no-shadow  avia-builder-el-8  el_after_av_section  avia-builder-el-last  avia-bg-style-fixed  container_wrap sidebar_right'  data-section-bg-repeat='no-repeat'><div class='container av-section-cont-open' ><div class='template-page content  av-content-small alpha units'><div class='post-entry post-entry-type-page post-entry-2634'><div class='entry-content-wrapper clearfix'>\n<div class='flex_column_table av-jl59r4zn-38c8c167952e73b5762d43e3e0cd4f87 sc-av_one_third av-break-at-tablet-flextable av-equal-height-column-flextable'>\n<style type=\"text\/css\" data-created_by=\"avia_inline_auto\" id=\"style-css-av-jl59r4zn-38c8c167952e73b5762d43e3e0cd4f87\">\n#top .flex_column_table.av-equal-height-column-flextable.av-jl59r4zn-38c8c167952e73b5762d43e3e0cd4f87{\nmargin-top:0px;\nmargin-bottom:0px;\n}\n.flex_column.av-jl59r4zn-38c8c167952e73b5762d43e3e0cd4f87{\nborder-radius:10px 10px 10px 10px;\n-webkit-border-radius:10px 10px 10px 10px;\n-moz-border-radius:10px 10px 10px 10px;\npadding:30px 30px 30px 30px;\nbackground-color:#f6f6f6;\n}\n<\/style>\n<div class='flex_column av-jl59r4zn-38c8c167952e73b5762d43e3e0cd4f87 av_one_third  avia-builder-el-9  el_before_av_one_third  avia-builder-el-first  first av-break-at-tablet flex_column_table_cell av-equal-height-column av-align-top '   ><section  class='av_textblock_section av-jl59s2sm-b6d1386ba23d69565068d3f375a90cd7 '  itemscope=\"itemscope\" itemtype=\"https:\/\/schema.org\/CreativeWork\" ><div class='avia_textblock av_inherit_color '  itemprop=\"text\" ><h2><span style=\"color: #d53737;\">Singelspel<\/span><\/h2>\n<p>V\u00e5rt mest s\u00e5lda spels\u00e4tt, v\u00e4lj mellan ett, tv\u00e5 eller tre spel \u00e1 16 minuter. N\u00e4r ni k\u00f6per singelspel betalar ni per person och det kan vara andra med som spelar, vi tar emot upp till 40 spelare varje omg\u00e5ng.<\/p>\n<p>Ni kan antingen v\u00e4lja att droppa in eller boka, men vi rekommenderar alltid att ni bokar.<\/p>\n<h3>I singelspel ing\u00e5r f\u00f6ljande:<\/h3>\n<ul>\n<li>Instruktioner innan spelstart<\/li>\n<li>Spel i ett, tv\u00e5 eller tre g\u00e5nger 16 minuter<\/li>\n<li>Personliga po\u00e4nglappar<\/li>\n<\/ul>\n<p style=\"text-align: center;\">\n<\/div><\/section><\/div><div class='av-flex-placeholder'><\/div>\n<style type=\"text\/css\" data-created_by=\"avia_inline_auto\" id=\"style-css-av-30cy4q-6d9d62b5a52f252e6c508820d8973561\">\n#top .flex_column_table.av-equal-height-column-flextable.av-30cy4q-6d9d62b5a52f252e6c508820d8973561{\nmargin-top:0px;\nmargin-bottom:0px;\n}\n.flex_column.av-30cy4q-6d9d62b5a52f252e6c508820d8973561{\nborder-radius:10px 10px 10px 10px;\n-webkit-border-radius:10px 10px 10px 10px;\n-moz-border-radius:10px 10px 10px 10px;\npadding:30px 30px 30px 30px;\nbackground-color:#f6f6f6;\n}\n<\/style>\n<div class='flex_column av-30cy4q-6d9d62b5a52f252e6c508820d8973561 av_one_third  avia-builder-el-11  el_after_av_one_third  el_before_av_one_third  av-break-at-tablet flex_column_table_cell av-equal-height-column av-align-top '   ><section  class='av_textblock_section av-jl59s2sm-34f2f9bdd5d04b090b1cfc26d7b85cf7 '  itemscope=\"itemscope\" itemtype=\"https:\/\/schema.org\/CreativeWork\" ><div class='avia_textblock av_inherit_color '  itemprop=\"text\" ><h2><span style=\"color: #d53737;\">Laserpass<\/span><\/h2>\n<p>N\u00e4r ni vill spela riktigt mycket till ett f\u00f6rm\u00e5nligt pris kan ni v\u00e4lja att spela v\u00e5rt 3-timmars Laserpass f\u00f6r endast 229 kronor per person. Passen g\u00e5r inte att boka och spelas i m\u00e5n av plats. Detta inneb\u00e4r att singelspelare g\u00e5r f\u00f6re sedan fyller vi p\u00e5 med Laserdome-passare. \u00c4r ett spel fullt eller helbokat f\u00e5r man allts\u00e5 v\u00e4nta till n\u00e4sta.<\/p>\n<h3>I ett Laserdome-pass ing\u00e5r f\u00f6ljande:<\/h3>\n<ul>\n<li>Laserdome-band som s\u00e4tts runt handleden, vill ni g\u00e5 ut och ta en bit mat eller bara en paus kan ni g\u00f6ra detta och sedan komma tillbaks f\u00f6r vidare spel<\/li>\n<li>Instruktioner innan spelstart<\/li>\n<li>Obegr\u00e4nsat antal spel under passets giltighetstid (observera singelspel g\u00e5r f\u00f6re)<\/li>\n<li>Po\u00e4ngen visas p\u00e5 en po\u00e4ngtavla efter varje spel<\/li>\n<\/ul>\n<p style=\"text-align: center;\">\n<\/div><\/section><\/div><div class='av-flex-placeholder'><\/div>\n<style type=\"text\/css\" data-created_by=\"avia_inline_auto\" id=\"style-css-av-jl59r4zn-178fd94b22130da814845c2ae07d5a2f\">\n#top .flex_column_table.av-equal-height-column-flextable.av-jl59r4zn-178fd94b22130da814845c2ae07d5a2f{\nmargin-top:0px;\nmargin-bottom:0px;\n}\n.flex_column.av-jl59r4zn-178fd94b22130da814845c2ae07d5a2f{\nborder-radius:10px 10px 10px 10px;\n-webkit-border-radius:10px 10px 10px 10px;\n-moz-border-radius:10px 10px 10px 10px;\npadding:30px 30px 30px 30px;\nbackground-color:#f6f6f6;\n}\n<\/style>\n<div class='flex_column av-jl59r4zn-178fd94b22130da814845c2ae07d5a2f av_one_third  avia-builder-el-13  el_after_av_one_third  avia-builder-el-last  av-break-at-tablet flex_column_table_cell av-equal-height-column av-align-top '   ><section  class='av_textblock_section av-jl59s2sm-b6d1386ba23d69565068d3f375a90cd7 '  itemscope=\"itemscope\" itemtype=\"https:\/\/schema.org\/CreativeWork\" ><div class='avia_textblock av_inherit_color '  itemprop=\"text\" ><h2><span style=\"color: #d53737;\">Slutet s\u00e4llskap<\/span><\/h2>\n<p>\u00c4r ni ett st\u00f6rre s\u00e4llskap eller vill ni ha en intern t\u00e4vling? D\u00e5 \u00e4r slutet s\u00e4llskap valet f\u00f6r er! Ni har tillg\u00e5ng till alla v\u00e5ra 40 v\u00e4star och \u00e4r helt sj\u00e4lva inne p\u00e5 arenan. Priset \u00e4r detsamma oavsett antal deltagare.<\/p>\n<h3>I slutet s\u00e4llskap ing\u00e5r:<\/h3>\n<ul>\n<li>Instruktioner innan spelstart<\/li>\n<li>Spel i ett, tv\u00e5 eller tre g\u00e5nger 16 minuter, d\u00e4r ni \u00e4r ensamma p\u00e5 arenan<\/li>\n<li>Personliga po\u00e4nglappar<\/li>\n<\/ul>\n<p style=\"text-align: center;\">\n<\/div><\/section><\/div><\/div><!--close column table wrapper. Autoclose: 1 -->\n<\/div><\/div><\/div><!-- close content main div --><\/div><\/div><div id='after_section_2'  class='main_color av_default_container_wrap container_wrap sidebar_right'  ><div class='container av-section-cont-open' ><div class='template-page content  av-content-small alpha units'><div class='post-entry post-entry-type-page post-entry-2634'><div class='entry-content-wrapper clearfix'><\/p>\n","protected":false},"excerpt":{"rendered":"","protected":false},"author":3,"featured_media":0,"parent":0,"menu_order":0,"comment_status":"closed","ping_status":"closed","template":"","meta":{"footnotes":""},"_links":{"self":[{"href":"https:\/\/www.laserdome-stockholm.se\/taby\/wp-json\/wp\/v2\/pages\/2634"}],"collection":[{"href":"https:\/\/www.laserdome-stockholm.se\/taby\/wp-json\/wp\/v2\/pages"}],"about":[{"href":"https:\/\/www.laserdome-stockholm.se\/taby\/wp-json\/wp\/v2\/types\/page"}],"author":[{"embeddable":true,"href":"https:\/\/www.laserdome-stockholm.se\/taby\/wp-json\/wp\/v2\/users\/3"}],"replies":[{"embeddable":true,"href":"https:\/\/www.laserdome-stockholm.se\/taby\/wp-json\/wp\/v2\/comments?post=2634"}],"version-history":[{"count":26,"href":"https:\/\/www.laserdome-stockholm.se\/taby\/wp-json\/wp\/v2\/pages\/2634\/revisions"}],"predecessor-version":[{"id":10725,"href":"https:\/\/www.laserdome-stockholm.se\/taby\/wp-json\/wp\/v2\/pages\/2634\/revisions\/10725"}],"wp:attachment":[{"href":"https:\/\/www.laserdome-stockholm.se\/taby\/wp-json\/wp\/v2\/media?parent=2634"}],"curies":[{"name":"wp","href":"https:\/\/api.w.org\/{rel}","templated":true}]}}